{"id":2653,"date":"2025-11-06T17:33:29","date_gmt":"2025-11-06T16:33:29","guid":{"rendered":"https:\/\/dyrk-haven.dk\/?post_type=product&#038;p=2653"},"modified":"2025-11-06T17:33:29","modified_gmt":"2025-11-06T16:33:29","slug":"hanekam-celosia-flamingo","status":"publish","type":"product","link":"https:\/\/dyrk-haven.dk\/index.php\/vare\/hanekam-celosia-flamingo\/","title":{"rendered":"Hanekam (Celosia) Flamingo"},"content":{"rendered":"<p><i>Celosia argentea<\/i><\/p>\n<p>Hanekam Flamingo\u00a0er en i\u00f8jnefaldende, et\u00e5rig plante, der vokser til en flot h\u00f8jde p\u00e5 80 til 100 cm. Denne Celosia-sort skiller sig ud med sine karakteristiske, piggede blomsterklaser, der folder sig ud i en r\u00e6kke farver. Det unikke ved Flamingo er, at blomsterne gradvist bliver lysere, efterh\u00e5nden som de modnes, hvilket skaber et smukt og varieret farvespil i hver klase. Den er ideel til at tilf\u00f8re h\u00f8jde og tekstur i blomsterbede og er en fantastisk, langtidsholdbar snitblomst.<\/p>\n<hr \/>\n<p><b>S\u00e5- og Dyrkningsvejledning:<\/b><\/p>\n<ul>\n<li><b>H\u00f8jde:<\/b> 80 \u2013 100 cm.<\/li>\n<li><b>S\u00e5dybde i drivhus:<\/b> 0,2 cm (s\u00e5s meget overfladisk).<\/li>\n<li><b>S\u00e5tid i drivhus\/vindueskarm:<\/b> Marts \u2013 April.<\/li>\n<li><b>Udplantning af sm\u00e5planter:<\/b> Maj (n\u00e5r faren for frost er ovre).<\/li>\n<li><b>Planteafstand:<\/b> 30 x 40 cm.<\/li>\n<li><b>Blomstringsperiode:<\/b> Juli \u2013 September.<\/li>\n<\/ul>\n<hr \/>\n<p>Ca. 70 fr\u00f8<\/p>\n<p>Leverand\u00f8r: Premium Seeds<\/p>\n","protected":false},"excerpt":{"rendered":"<p>Celosia argentea Hanekam Flamingo\u00a0er en i\u00f8jnefaldende, et\u00e5rig plante, der vokser til en flot h\u00f8jde p\u00e5 80 til 100 cm. Denne Celosia-sort skiller sig ud med sine karakteristiske, piggede blomsterklaser, der folder sig ud i en r\u00e6kke farver. Det unikke ved Flamingo er, at blomsterne gradvist bliver lysere, efterh\u00e5nden som de modnes, hvilket skaber et smukt&hellip;&nbsp;<a href=\"https:\/\/dyrk-haven.dk\/index.php\/vare\/hanekam-celosia-flamingo\/\" rel=\"bookmark\"><span class=\"screen-reader-text\">Hanekam (Celosia) Flamingo<\/span><\/a><\/p>\n","protected":false},"featured_media":2654,"comment_status":"open","ping_status":"closed","template":"","meta":{"neve_meta_sidebar":"","neve_meta_container":"","neve_meta_enable_content_width":"off","neve_meta_content_width":100,"neve_meta_title_alignment":"","neve_meta_author_avatar":"","neve_post_elements_order":"","neve_meta_disable_header":"","neve_meta_disable_footer":"","neve_meta_disable_title":"","jetpack_post_was_ever_published":false},"product_brand":[],"product_cat":[25,451],"product_tag":[463,464,37],"class_list":{"0":"post-2653","1":"product","2":"type-product","3":"status-publish","4":"has-post-thumbnail","6":"product_cat-blomster","7":"product_cat-etaarig","8":"product_tag-hoejde-80-90-cm","9":"product_tag-hoejde-90-100-cm","10":"product_tag-snitblomst","12":"first","13":"instock","14":"shipping-taxable","15":"purchasable","16":"product-type-simple"},"jetpack-related-posts":[{"id":2635,"url":"https:\/\/dyrk-haven.dk\/index.php\/vare\/straablomst-gul\/","url_meta":{"origin":2653,"position":0},"title":"Str\u00e5blomst gul","author":"S\u00f8rensen","date":"november 5, 2025","format":false,"excerpt":"Helichrysum bracteatum Gul str\u00e5blomst er en elegant et\u00e5rig plante, der vokser til en h\u00f8jde p\u00e5 60 til 100 cm. Sorten udvikler lange, stive og slankt bekl\u00e6dte skud, som ender i store, str\u00e5lende gule blomsterhoveder. Disse blomster er ideelle til at tilf\u00f8re farve og tekstur til blomsterbede og er s\u00e6rligt v\u00e6rdsatte\u2026","rel":"","context":"Similar post","block_context":{"text":"Similar post","link":""},"img":{"alt_text":"","src":"https:\/\/i0.wp.com\/dyrk-haven.dk\/wp-content\/uploads\/2025\/11\/Straablomst-gul.jpg?fit=945%2C923&ssl=1&resize=350%2C200","width":350,"height":200,"srcset":"https:\/\/i0.wp.com\/dyrk-haven.dk\/wp-content\/uploads\/2025\/11\/Straablomst-gul.jpg?fit=945%2C923&ssl=1&resize=350%2C200 1x, https:\/\/i0.wp.com\/dyrk-haven.dk\/wp-content\/uploads\/2025\/11\/Straablomst-gul.jpg?fit=945%2C923&ssl=1&resize=525%2C300 1.5x, https:\/\/i0.wp.com\/dyrk-haven.dk\/wp-content\/uploads\/2025\/11\/Straablomst-gul.jpg?fit=945%2C923&ssl=1&resize=700%2C400 2x"},"classes":[]},{"id":2650,"url":"https:\/\/dyrk-haven.dk\/index.php\/vare\/pampasgraes-hvid\/","url_meta":{"origin":2653,"position":1},"title":"Pampasgr\u00e6s hvid","author":"S\u00f8rensen","date":"november 6, 2025","format":false,"excerpt":"Cortaderia selloana Pampasgr\u00e6s\u00a0er et storsl\u00e5et fler\u00e5rigt prydgr\u00e6s, der med sine tykke tuer af lange blade kan n\u00e5 en imponerende h\u00f8jde p\u00e5 100 til 200 cm. Planten er mest kendt for sine betagende, s\u00f8lv-hvide blomsterstande, som kan blive op til 50 cm lange. Disse fluffy toppe er perfekte til at skabe\u2026","rel":"","context":"Similar post","block_context":{"text":"Similar post","link":""},"img":{"alt_text":"","src":"https:\/\/i0.wp.com\/dyrk-haven.dk\/wp-content\/uploads\/2025\/11\/Pampasgraes-hvid.jpg?fit=830%2C738&ssl=1&resize=350%2C200","width":350,"height":200,"srcset":"https:\/\/i0.wp.com\/dyrk-haven.dk\/wp-content\/uploads\/2025\/11\/Pampasgraes-hvid.jpg?fit=830%2C738&ssl=1&resize=350%2C200 1x, https:\/\/i0.wp.com\/dyrk-haven.dk\/wp-content\/uploads\/2025\/11\/Pampasgraes-hvid.jpg?fit=830%2C738&ssl=1&resize=525%2C300 1.5x, https:\/\/i0.wp.com\/dyrk-haven.dk\/wp-content\/uploads\/2025\/11\/Pampasgraes-hvid.jpg?fit=830%2C738&ssl=1&resize=700%2C400 2x"},"classes":[]},{"id":2628,"url":"https:\/\/dyrk-haven.dk\/index.php\/vare\/salvie\/","url_meta":{"origin":2653,"position":2},"title":"Salvie","author":"S\u00f8rensen","date":"november 5, 2025","format":false,"excerpt":"Salvia officinalis Salvie er en fler\u00e5rig krydderurt, der vokser til en h\u00f8jde p\u00e5 50 til 80 cm. Planten er nem at kende p\u00e5 sine karakteristiske blade og st\u00e6ngler, som er t\u00e6t d\u00e6kket af h\u00e5r, og i blomstringsperioden prydes den af smukke, bl\u00e5-lilla blomster med en behagelig duft. Salvie er en\u2026","rel":"","context":"Similar post","block_context":{"text":"Similar post","link":""},"img":{"alt_text":"","src":"https:\/\/i0.wp.com\/dyrk-haven.dk\/wp-content\/uploads\/2025\/11\/Salvie.jpg?fit=945%2C933&ssl=1&resize=350%2C200","width":350,"height":200,"srcset":"https:\/\/i0.wp.com\/dyrk-haven.dk\/wp-content\/uploads\/2025\/11\/Salvie.jpg?fit=945%2C933&ssl=1&resize=350%2C200 1x, https:\/\/i0.wp.com\/dyrk-haven.dk\/wp-content\/uploads\/2025\/11\/Salvie.jpg?fit=945%2C933&ssl=1&resize=525%2C300 1.5x, https:\/\/i0.wp.com\/dyrk-haven.dk\/wp-content\/uploads\/2025\/11\/Salvie.jpg?fit=945%2C933&ssl=1&resize=700%2C400 2x"},"classes":[]},{"id":2594,"url":"https:\/\/dyrk-haven.dk\/index.php\/vare\/pragtskaer\/","url_meta":{"origin":2653,"position":3},"title":"Pragtsk\u00e6r Pink","author":"S\u00f8rensen","date":"oktober 28, 2025","format":false,"excerpt":"Liatris spicata Denne smukke, fler\u00e5rige Pragtsk\u00e6r er et imponerende syn i haven. Den danner oprette v\u00e6kster, der str\u00e6kker sig 60-80 cm i h\u00f8jden. Plantens karakteristiske pink-lilla blomster samler sig i lange, slanke aks, som blomstrer fra toppen og ned. Som en nektarrig plante er Pragtsk\u00e6r Pink en magnet for sommerfugle,\u2026","rel":"","context":"Similar post","block_context":{"text":"Similar post","link":""},"img":{"alt_text":"","src":"https:\/\/i0.wp.com\/dyrk-haven.dk\/wp-content\/uploads\/2025\/10\/Pragtskaer-pink.jpg?fit=945%2C924&ssl=1&resize=350%2C200","width":350,"height":200,"srcset":"https:\/\/i0.wp.com\/dyrk-haven.dk\/wp-content\/uploads\/2025\/10\/Pragtskaer-pink.jpg?fit=945%2C924&ssl=1&resize=350%2C200 1x, https:\/\/i0.wp.com\/dyrk-haven.dk\/wp-content\/uploads\/2025\/10\/Pragtskaer-pink.jpg?fit=945%2C924&ssl=1&resize=525%2C300 1.5x, https:\/\/i0.wp.com\/dyrk-haven.dk\/wp-content\/uploads\/2025\/10\/Pragtskaer-pink.jpg?fit=945%2C924&ssl=1&resize=700%2C400 2x"},"classes":[]},{"id":2640,"url":"https:\/\/dyrk-haven.dk\/index.php\/vare\/evighedsblomst-mix\/","url_meta":{"origin":2653,"position":4},"title":"Evighedsblomst mix","author":"S\u00f8rensen","date":"november 5, 2025","format":false,"excerpt":"Xeranthemum annuum Evighedsblomst mix\u00a0er en dejlig et\u00e5rig plante, der vokser til en h\u00f8jde p\u00e5 30 til 60 cm. Den udvikler tynde, stive og forgrenede skud, som b\u00e6rer halvfyldte blomster i smukke blandinger af hvide, rosa og lilla nuancer. Denne plante er en klassiker i haven, is\u00e6r p\u00e5 grund af dens\u2026","rel":"","context":"Similar post","block_context":{"text":"Similar post","link":""},"img":{"alt_text":"","src":"https:\/\/i0.wp.com\/dyrk-haven.dk\/wp-content\/uploads\/2025\/11\/Evighedsblomst-mix.jpg?fit=945%2C917&ssl=1&resize=350%2C200","width":350,"height":200,"srcset":"https:\/\/i0.wp.com\/dyrk-haven.dk\/wp-content\/uploads\/2025\/11\/Evighedsblomst-mix.jpg?fit=945%2C917&ssl=1&resize=350%2C200 1x, https:\/\/i0.wp.com\/dyrk-haven.dk\/wp-content\/uploads\/2025\/11\/Evighedsblomst-mix.jpg?fit=945%2C917&ssl=1&resize=525%2C300 1.5x, https:\/\/i0.wp.com\/dyrk-haven.dk\/wp-content\/uploads\/2025\/11\/Evighedsblomst-mix.jpg?fit=945%2C917&ssl=1&resize=700%2C400 2x"},"classes":[]},{"id":2644,"url":"https:\/\/dyrk-haven.dk\/index.php\/vare\/lupin-the-chatelaine\/","url_meta":{"origin":2653,"position":5},"title":"Lupin The Chatelaine","author":"S\u00f8rensen","date":"november 5, 2025","format":false,"excerpt":"Lupinus polyphyllus Lupin The Chatelaine\u00a0er en smuk fler\u00e5rig plante, der bliver 80 til 100 cm h\u00f8j og er et markant blikfang i ethvert bed. Planten danner en t\u00e6t tue af dekorative, h\u00e5ndfligede blade, som krones af imponerende, lange, drueformede klaser af yndige lyser\u00f8de blomster. Denne sort er ideel til at\u2026","rel":"","context":"Similar post","block_context":{"text":"Similar post","link":""},"img":{"alt_text":"","src":"https:\/\/i0.wp.com\/dyrk-haven.dk\/wp-content\/uploads\/2025\/11\/Lupin-The-Chatelaine.jpg?fit=945%2C927&ssl=1&resize=350%2C200","width":350,"height":200,"srcset":"https:\/\/i0.wp.com\/dyrk-haven.dk\/wp-content\/uploads\/2025\/11\/Lupin-The-Chatelaine.jpg?fit=945%2C927&ssl=1&resize=350%2C200 1x, https:\/\/i0.wp.com\/dyrk-haven.dk\/wp-content\/uploads\/2025\/11\/Lupin-The-Chatelaine.jpg?fit=945%2C927&ssl=1&resize=525%2C300 1.5x, https:\/\/i0.wp.com\/dyrk-haven.dk\/wp-content\/uploads\/2025\/11\/Lupin-The-Chatelaine.jpg?fit=945%2C927&ssl=1&resize=700%2C400 2x"},"classes":[]}],"jetpack_sharing_enabled":true,"_links":{"self":[{"href":"https:\/\/dyrk-haven.dk\/index.php\/wp-json\/wp\/v2\/product\/2653","targetHints":{"allow":["GET"]}}],"collection":[{"href":"https:\/\/dyrk-haven.dk\/index.php\/wp-json\/wp\/v2\/product"}],"about":[{"href":"https:\/\/dyrk-haven.dk\/index.php\/wp-json\/wp\/v2\/types\/product"}],"replies":[{"embeddable":true,"href":"https:\/\/dyrk-haven.dk\/index.php\/wp-json\/wp\/v2\/comments?post=2653"}],"wp:featuredmedia":[{"embeddable":true,"href":"https:\/\/dyrk-haven.dk\/index.php\/wp-json\/wp\/v2\/media\/2654"}],"wp:attachment":[{"href":"https:\/\/dyrk-haven.dk\/index.php\/wp-json\/wp\/v2\/media?parent=2653"}],"wp:term":[{"taxonomy":"product_brand","embeddable":true,"href":"https:\/\/dyrk-haven.dk\/index.php\/wp-json\/wp\/v2\/product_brand?post=2653"},{"taxonomy":"product_cat","embeddable":true,"href":"https:\/\/dyrk-haven.dk\/index.php\/wp-json\/wp\/v2\/product_cat?post=2653"},{"taxonomy":"product_tag","embeddable":true,"href":"https:\/\/dyrk-haven.dk\/index.php\/wp-json\/wp\/v2\/product_tag?post=2653"}],"curies":[{"name":"wp","href":"https:\/\/api.w.org\/{rel}","templated":true}]}}