{"id":2650,"date":"2025-11-06T16:45:49","date_gmt":"2025-11-06T15:45:49","guid":{"rendered":"https:\/\/dyrk-haven.dk\/?post_type=product&#038;p=2650"},"modified":"2025-11-06T16:45:49","modified_gmt":"2025-11-06T15:45:49","slug":"pampasgraes-hvid","status":"publish","type":"product","link":"https:\/\/dyrk-haven.dk\/index.php\/vare\/pampasgraes-hvid\/","title":{"rendered":"Pampasgr\u00e6s hvid"},"content":{"rendered":"<p><i>Cortaderia selloana<\/i><\/p>\n<p>Pampasgr\u00e6s\u00a0er et storsl\u00e5et fler\u00e5rigt prydgr\u00e6s, der med sine tykke tuer af lange blade kan n\u00e5 en imponerende h\u00f8jde p\u00e5 100 til 200 cm. Planten er mest kendt for sine betagende, s\u00f8lv-hvide blomsterstande, som kan blive op til 50 cm lange. Disse fluffy toppe er perfekte til at skabe et dramatisk blikfang i haven og er uundv\u00e6rlige i t\u00f8rrede buketter og dekorationer. Plant gr\u00e6sset enkeltvis eller i grupperinger for at skabe en flot, arkitektonisk effekt i haven.<\/p>\n<hr \/>\n<p><b>S\u00e5- og Dyrkningsvejledning:<\/b><\/p>\n<ul>\n<li><b>H\u00f8jde:<\/b> 100 \u2013 200 cm.<\/li>\n<li><b>S\u00e5dybde:<\/b> 3 \u2013 4 cm.<\/li>\n<li><b>S\u00e5tid i drivhus\/vindueskarm:<\/b> Marts \u2013 Maj.<\/li>\n<li><b>Udplantning af sm\u00e5planter:<\/b> Maj (n\u00e5r faren for frost er ovre).<\/li>\n<li><b>Planteafstand:<\/b> 60 x 80 cm.<\/li>\n<li><b>Blomstringsperiode:<\/b> September \u2013 Oktober.<\/li>\n<\/ul>\n<hr \/>\n<p>Ca. 60 fr\u00f8<\/p>\n<p>Leverand\u00f8r: Premium Seeds<\/p>\n","protected":false},"excerpt":{"rendered":"<p>Cortaderia selloana Pampasgr\u00e6s\u00a0er et storsl\u00e5et fler\u00e5rigt prydgr\u00e6s, der med sine tykke tuer af lange blade kan n\u00e5 en imponerende h\u00f8jde p\u00e5 100 til 200 cm. Planten er mest kendt for sine betagende, s\u00f8lv-hvide blomsterstande, som kan blive op til 50 cm lange. Disse fluffy toppe er perfekte til at skabe et dramatisk blikfang i haven&hellip;&nbsp;<a href=\"https:\/\/dyrk-haven.dk\/index.php\/vare\/pampasgraes-hvid\/\" rel=\"bookmark\"><span class=\"screen-reader-text\">Pampasgr\u00e6s hvid<\/span><\/a><\/p>\n","protected":false},"featured_media":2652,"comment_status":"open","ping_status":"closed","template":"","meta":{"neve_meta_sidebar":"","neve_meta_container":"","neve_meta_enable_content_width":"off","neve_meta_content_width":100,"neve_meta_title_alignment":"","neve_meta_author_avatar":"","neve_post_elements_order":"","neve_meta_disable_header":"","neve_meta_disable_footer":"","neve_meta_disable_title":"","jetpack_post_was_ever_published":false},"product_brand":[],"product_cat":[338],"product_tag":[460,458,37],"class_list":{"0":"post-2650","1":"product","2":"type-product","3":"status-publish","4":"has-post-thumbnail","6":"product_cat-prydgraes","7":"product_tag-hoejde-100-150-cm","8":"product_tag-hoejde-150-200-cm","9":"product_tag-snitblomst","11":"first","12":"instock","13":"shipping-taxable","14":"purchasable","15":"product-type-simple"},"jetpack-related-posts":[{"id":2640,"url":"https:\/\/dyrk-haven.dk\/index.php\/vare\/evighedsblomst-mix\/","url_meta":{"origin":2650,"position":0},"title":"Evighedsblomst mix","author":"S\u00f8rensen","date":"november 5, 2025","format":false,"excerpt":"Xeranthemum annuum Evighedsblomst mix\u00a0er en dejlig et\u00e5rig plante, der vokser til en h\u00f8jde p\u00e5 30 til 60 cm. Den udvikler tynde, stive og forgrenede skud, som b\u00e6rer halvfyldte blomster i smukke blandinger af hvide, rosa og lilla nuancer. Denne plante er en klassiker i haven, is\u00e6r p\u00e5 grund af dens\u2026","rel":"","context":"Similar post","block_context":{"text":"Similar post","link":""},"img":{"alt_text":"","src":"https:\/\/i0.wp.com\/dyrk-haven.dk\/wp-content\/uploads\/2025\/11\/Evighedsblomst-mix.jpg?fit=945%2C917&ssl=1&resize=350%2C200","width":350,"height":200,"srcset":"https:\/\/i0.wp.com\/dyrk-haven.dk\/wp-content\/uploads\/2025\/11\/Evighedsblomst-mix.jpg?fit=945%2C917&ssl=1&resize=350%2C200 1x, https:\/\/i0.wp.com\/dyrk-haven.dk\/wp-content\/uploads\/2025\/11\/Evighedsblomst-mix.jpg?fit=945%2C917&ssl=1&resize=525%2C300 1.5x, https:\/\/i0.wp.com\/dyrk-haven.dk\/wp-content\/uploads\/2025\/11\/Evighedsblomst-mix.jpg?fit=945%2C917&ssl=1&resize=700%2C400 2x"},"classes":[]},{"id":2630,"url":"https:\/\/dyrk-haven.dk\/index.php\/vare\/loevstikke\/","url_meta":{"origin":2650,"position":1},"title":"L\u00f8vstikke","author":"S\u00f8rensen","date":"november 5, 2025","format":false,"excerpt":"Levisticum officinale L\u00f8vstikke\u00a0er en kraftig fler\u00e5rig urt, der er kendt som \"Maggi-urten\" p\u00e5 grund af sin intense aroma. Planten kan blive op til hele 200 cm h\u00f8j og er en imponerende tilf\u00f8jelse til enhver k\u00f8kkenhave. Den har en st\u00e6rk, krydret smag og duft, som stammer fra de m\u00f8rkegr\u00f8nne blade, jordst\u00e6ngler\u2026","rel":"","context":"Similar post","block_context":{"text":"Similar post","link":""},"img":{"alt_text":"","src":"https:\/\/i0.wp.com\/dyrk-haven.dk\/wp-content\/uploads\/2025\/11\/Loevstikke.jpg?fit=945%2C926&ssl=1&resize=350%2C200","width":350,"height":200,"srcset":"https:\/\/i0.wp.com\/dyrk-haven.dk\/wp-content\/uploads\/2025\/11\/Loevstikke.jpg?fit=945%2C926&ssl=1&resize=350%2C200 1x, https:\/\/i0.wp.com\/dyrk-haven.dk\/wp-content\/uploads\/2025\/11\/Loevstikke.jpg?fit=945%2C926&ssl=1&resize=525%2C300 1.5x, https:\/\/i0.wp.com\/dyrk-haven.dk\/wp-content\/uploads\/2025\/11\/Loevstikke.jpg?fit=945%2C926&ssl=1&resize=700%2C400 2x"},"classes":[]},{"id":2635,"url":"https:\/\/dyrk-haven.dk\/index.php\/vare\/straablomst-gul\/","url_meta":{"origin":2650,"position":2},"title":"Str\u00e5blomst gul","author":"S\u00f8rensen","date":"november 5, 2025","format":false,"excerpt":"Helichrysum bracteatum Gul str\u00e5blomst er en elegant et\u00e5rig plante, der vokser til en h\u00f8jde p\u00e5 60 til 100 cm. Sorten udvikler lange, stive og slankt bekl\u00e6dte skud, som ender i store, str\u00e5lende gule blomsterhoveder. Disse blomster er ideelle til at tilf\u00f8re farve og tekstur til blomsterbede og er s\u00e6rligt v\u00e6rdsatte\u2026","rel":"","context":"Similar post","block_context":{"text":"Similar post","link":""},"img":{"alt_text":"","src":"https:\/\/i0.wp.com\/dyrk-haven.dk\/wp-content\/uploads\/2025\/11\/Straablomst-gul.jpg?fit=945%2C923&ssl=1&resize=350%2C200","width":350,"height":200,"srcset":"https:\/\/i0.wp.com\/dyrk-haven.dk\/wp-content\/uploads\/2025\/11\/Straablomst-gul.jpg?fit=945%2C923&ssl=1&resize=350%2C200 1x, https:\/\/i0.wp.com\/dyrk-haven.dk\/wp-content\/uploads\/2025\/11\/Straablomst-gul.jpg?fit=945%2C923&ssl=1&resize=525%2C300 1.5x, https:\/\/i0.wp.com\/dyrk-haven.dk\/wp-content\/uploads\/2025\/11\/Straablomst-gul.jpg?fit=945%2C923&ssl=1&resize=700%2C400 2x"},"classes":[]},{"id":2594,"url":"https:\/\/dyrk-haven.dk\/index.php\/vare\/pragtskaer\/","url_meta":{"origin":2650,"position":3},"title":"Pragtsk\u00e6r Pink","author":"S\u00f8rensen","date":"oktober 28, 2025","format":false,"excerpt":"Liatris spicata Denne smukke, fler\u00e5rige Pragtsk\u00e6r er et imponerende syn i haven. Den danner oprette v\u00e6kster, der str\u00e6kker sig 60-80 cm i h\u00f8jden. Plantens karakteristiske pink-lilla blomster samler sig i lange, slanke aks, som blomstrer fra toppen og ned. Som en nektarrig plante er Pragtsk\u00e6r Pink en magnet for sommerfugle,\u2026","rel":"","context":"Similar post","block_context":{"text":"Similar post","link":""},"img":{"alt_text":"","src":"https:\/\/i0.wp.com\/dyrk-haven.dk\/wp-content\/uploads\/2025\/10\/Pragtskaer-pink.jpg?fit=945%2C924&ssl=1&resize=350%2C200","width":350,"height":200,"srcset":"https:\/\/i0.wp.com\/dyrk-haven.dk\/wp-content\/uploads\/2025\/10\/Pragtskaer-pink.jpg?fit=945%2C924&ssl=1&resize=350%2C200 1x, https:\/\/i0.wp.com\/dyrk-haven.dk\/wp-content\/uploads\/2025\/10\/Pragtskaer-pink.jpg?fit=945%2C924&ssl=1&resize=525%2C300 1.5x, https:\/\/i0.wp.com\/dyrk-haven.dk\/wp-content\/uploads\/2025\/10\/Pragtskaer-pink.jpg?fit=945%2C924&ssl=1&resize=700%2C400 2x"},"classes":[]},{"id":2614,"url":"https:\/\/dyrk-haven.dk\/index.php\/vare\/klatreboenne-goldmarie\/","url_meta":{"origin":2650,"position":4},"title":"Klatreb\u00f8nne Goldmarie","author":"S\u00f8rensen","date":"november 2, 2025","format":false,"excerpt":"Phaseolus vulgaris L Goldmarie\u00a0er en fremragende, tidlig stangvoksende sort af Mammut-typen, som producerer et rigt udbytte. Planten n\u00e5r en imponerende h\u00f8jde p\u00e5 2,5-3 meter og kr\u00e6ver derfor st\u00f8tte (f.eks. p\u00e6le eller stativ). B\u00f8nnerne udvikler sig til lange, gule, brede og flade b\u00e6lge, der m\u00e5ler hele 20-25 cm. Disse b\u00e6lge er\u2026","rel":"","context":"Similar post","block_context":{"text":"Similar post","link":""},"img":{"alt_text":"","src":"https:\/\/i0.wp.com\/dyrk-haven.dk\/wp-content\/uploads\/2025\/11\/Stangboenne-Goldmarie.jpg?fit=1200%2C1154&ssl=1&resize=350%2C200","width":350,"height":200,"srcset":"https:\/\/i0.wp.com\/dyrk-haven.dk\/wp-content\/uploads\/2025\/11\/Stangboenne-Goldmarie.jpg?fit=1200%2C1154&ssl=1&resize=350%2C200 1x, https:\/\/i0.wp.com\/dyrk-haven.dk\/wp-content\/uploads\/2025\/11\/Stangboenne-Goldmarie.jpg?fit=1200%2C1154&ssl=1&resize=525%2C300 1.5x, https:\/\/i0.wp.com\/dyrk-haven.dk\/wp-content\/uploads\/2025\/11\/Stangboenne-Goldmarie.jpg?fit=1200%2C1154&ssl=1&resize=700%2C400 2x, https:\/\/i0.wp.com\/dyrk-haven.dk\/wp-content\/uploads\/2025\/11\/Stangboenne-Goldmarie.jpg?fit=1200%2C1154&ssl=1&resize=1050%2C600 3x"},"classes":[]},{"id":2591,"url":"https:\/\/dyrk-haven.dk\/index.php\/vare\/vinget-hindebaeger-violet\/","url_meta":{"origin":2650,"position":5},"title":"Vinget hindeb\u00e6ger violet","author":"S\u00f8rensen","date":"oktober 28, 2025","format":false,"excerpt":"Limonium sinuatum Statice og vinget hindeb\u00e6ger er to navne for samme fabelagtige et\u00e5rige plante, der er uundv\u00e6rlig i enhver sk\u00e6rehave. Den udvikler oprette og forgrenede skud, der n\u00e5r en h\u00f8jde p\u00e5 60-70 cm. Planten b\u00e6rer et v\u00e6ld af sm\u00e5, violette blomster, der er samlet i imponerende, skyagtige toppe. Med sin\u2026","rel":"","context":"Similar post","block_context":{"text":"Similar post","link":""},"img":{"alt_text":"","src":"https:\/\/i0.wp.com\/dyrk-haven.dk\/wp-content\/uploads\/2025\/10\/Hindebaeger-violet.jpg?fit=945%2C925&ssl=1&resize=350%2C200","width":350,"height":200,"srcset":"https:\/\/i0.wp.com\/dyrk-haven.dk\/wp-content\/uploads\/2025\/10\/Hindebaeger-violet.jpg?fit=945%2C925&ssl=1&resize=350%2C200 1x, https:\/\/i0.wp.com\/dyrk-haven.dk\/wp-content\/uploads\/2025\/10\/Hindebaeger-violet.jpg?fit=945%2C925&ssl=1&resize=525%2C300 1.5x, https:\/\/i0.wp.com\/dyrk-haven.dk\/wp-content\/uploads\/2025\/10\/Hindebaeger-violet.jpg?fit=945%2C925&ssl=1&resize=700%2C400 2x"},"classes":[]}],"jetpack_sharing_enabled":true,"_links":{"self":[{"href":"https:\/\/dyrk-haven.dk\/index.php\/wp-json\/wp\/v2\/product\/2650","targetHints":{"allow":["GET"]}}],"collection":[{"href":"https:\/\/dyrk-haven.dk\/index.php\/wp-json\/wp\/v2\/product"}],"about":[{"href":"https:\/\/dyrk-haven.dk\/index.php\/wp-json\/wp\/v2\/types\/product"}],"replies":[{"embeddable":true,"href":"https:\/\/dyrk-haven.dk\/index.php\/wp-json\/wp\/v2\/comments?post=2650"}],"wp:featuredmedia":[{"embeddable":true,"href":"https:\/\/dyrk-haven.dk\/index.php\/wp-json\/wp\/v2\/media\/2652"}],"wp:attachment":[{"href":"https:\/\/dyrk-haven.dk\/index.php\/wp-json\/wp\/v2\/media?parent=2650"}],"wp:term":[{"taxonomy":"product_brand","embeddable":true,"href":"https:\/\/dyrk-haven.dk\/index.php\/wp-json\/wp\/v2\/product_brand?post=2650"},{"taxonomy":"product_cat","embeddable":true,"href":"https:\/\/dyrk-haven.dk\/index.php\/wp-json\/wp\/v2\/product_cat?post=2650"},{"taxonomy":"product_tag","embeddable":true,"href":"https:\/\/dyrk-haven.dk\/index.php\/wp-json\/wp\/v2\/product_tag?post=2650"}],"curies":[{"name":"wp","href":"https:\/\/api.w.org\/{rel}","templated":true}]}}