{"id":2648,"date":"2025-11-06T16:16:06","date_gmt":"2025-11-06T15:16:06","guid":{"rendered":"https:\/\/dyrk-haven.dk\/?post_type=product&#038;p=2648"},"modified":"2025-11-06T16:16:07","modified_gmt":"2025-11-06T15:16:07","slug":"kaempemarguerit","status":"publish","type":"product","link":"https:\/\/dyrk-haven.dk\/index.php\/vare\/kaempemarguerit\/","title":{"rendered":"K\u00e6mpemarguerit"},"content":{"rendered":"<p><em>Chrysanthemum leucanthemum<\/em><\/p>\n<p>Crazy Daisy\u00a0er en charmerende, let at holde og langblomstrende staude, der garanterer en frodig blomstring. Denne sort udvikler store, smukke halvdobbelte til helt dobbelte hvide blomster med en dekorativ, gul midte, hvilket giver dem et fyldigt og i\u00f8jnefaldende udtryk. Den er perfekt som en smuk kantplante eller i staudebede i haver og parker. Blomsterne er desuden fremragende som snitblomster, da de holder sig friske i vasen i lang tid. Den trives godt i enhver almindelig havejord p\u00e5 en solrig placering.<\/p>\n<hr \/>\n<p><b>S\u00e5- og Dyrkningsvejledning:<\/b><\/p>\n<ul>\n<li><b>H\u00f8jde:<\/b> 60 \u2013 80 cm.<\/li>\n<li><b>S\u00e5dybde:<\/b> 0,5 \u2013 1 cm (anbefales).<\/li>\n<li><b>S\u00e5tid udend\u00f8rs:<\/b> April \u2013 Juni (direkte p\u00e5 voksestedet).<\/li>\n<li><b>Planteafstand:<\/b> 30 x 30 cm.<\/li>\n<li><b>Blomstringsperiode:<\/b> Juni \u2013 August.<\/li>\n<\/ul>\n<hr \/>\n<p>Ca. 70 fr\u00f8<\/p>\n<p>Leverand\u00f8r: Toraf og Premium Seeds<\/p>\n","protected":false},"excerpt":{"rendered":"<p>Chrysanthemum leucanthemum Crazy Daisy\u00a0er en charmerende, let at holde og langblomstrende staude, der garanterer en frodig blomstring. Denne sort udvikler store, smukke halvdobbelte til helt dobbelte hvide blomster med en dekorativ, gul midte, hvilket giver dem et fyldigt og i\u00f8jnefaldende udtryk. Den er perfekt som en smuk kantplante eller i staudebede i haver og parker.&hellip;&nbsp;<a href=\"https:\/\/dyrk-haven.dk\/index.php\/vare\/kaempemarguerit\/\" rel=\"bookmark\"><span class=\"screen-reader-text\">K\u00e6mpemarguerit<\/span><\/a><\/p>\n","protected":false},"featured_media":2649,"comment_status":"open","ping_status":"closed","template":"","meta":{"neve_meta_sidebar":"","neve_meta_container":"","neve_meta_enable_content_width":"off","neve_meta_content_width":100,"neve_meta_title_alignment":"","neve_meta_author_avatar":"","neve_post_elements_order":"","neve_meta_disable_header":"","neve_meta_disable_footer":"","neve_meta_disable_title":"","jetpack_post_was_ever_published":false},"product_brand":[],"product_cat":[25,453,454],"product_tag":[456,457,37],"class_list":{"0":"post-2648","1":"product","2":"type-product","3":"status-publish","4":"has-post-thumbnail","6":"product_cat-blomster","7":"product_cat-fleraarig","8":"product_cat-staude","9":"product_tag-hoejde-60-70-cm","10":"product_tag-hoejde-70-80-cm","11":"product_tag-snitblomst","13":"first","14":"instock","15":"shipping-taxable","16":"purchasable","17":"product-type-simple"},"jetpack-related-posts":[{"id":2594,"url":"https:\/\/dyrk-haven.dk\/index.php\/vare\/pragtskaer\/","url_meta":{"origin":2648,"position":0},"title":"Pragtsk\u00e6r Pink","author":"S\u00f8rensen","date":"oktober 28, 2025","format":false,"excerpt":"Liatris spicata Denne smukke, fler\u00e5rige Pragtsk\u00e6r er et imponerende syn i haven. Den danner oprette v\u00e6kster, der str\u00e6kker sig 60-80 cm i h\u00f8jden. Plantens karakteristiske pink-lilla blomster samler sig i lange, slanke aks, som blomstrer fra toppen og ned. Som en nektarrig plante er Pragtsk\u00e6r Pink en magnet for sommerfugle,\u2026","rel":"","context":"Similar post","block_context":{"text":"Similar post","link":""},"img":{"alt_text":"","src":"https:\/\/i0.wp.com\/dyrk-haven.dk\/wp-content\/uploads\/2025\/10\/Pragtskaer-pink.jpg?fit=945%2C924&ssl=1&resize=350%2C200","width":350,"height":200,"srcset":"https:\/\/i0.wp.com\/dyrk-haven.dk\/wp-content\/uploads\/2025\/10\/Pragtskaer-pink.jpg?fit=945%2C924&ssl=1&resize=350%2C200 1x, https:\/\/i0.wp.com\/dyrk-haven.dk\/wp-content\/uploads\/2025\/10\/Pragtskaer-pink.jpg?fit=945%2C924&ssl=1&resize=525%2C300 1.5x, https:\/\/i0.wp.com\/dyrk-haven.dk\/wp-content\/uploads\/2025\/10\/Pragtskaer-pink.jpg?fit=945%2C924&ssl=1&resize=700%2C400 2x"},"classes":[]},{"id":2644,"url":"https:\/\/dyrk-haven.dk\/index.php\/vare\/lupin-the-chatelaine\/","url_meta":{"origin":2648,"position":1},"title":"Lupin The Chatelaine","author":"S\u00f8rensen","date":"november 5, 2025","format":false,"excerpt":"Lupinus polyphyllus Lupin The Chatelaine\u00a0er en smuk fler\u00e5rig plante, der bliver 80 til 100 cm h\u00f8j og er et markant blikfang i ethvert bed. Planten danner en t\u00e6t tue af dekorative, h\u00e5ndfligede blade, som krones af imponerende, lange, drueformede klaser af yndige lyser\u00f8de blomster. Denne sort er ideel til at\u2026","rel":"","context":"Similar post","block_context":{"text":"Similar post","link":""},"img":{"alt_text":"","src":"https:\/\/i0.wp.com\/dyrk-haven.dk\/wp-content\/uploads\/2025\/11\/Lupin-The-Chatelaine.jpg?fit=945%2C927&ssl=1&resize=350%2C200","width":350,"height":200,"srcset":"https:\/\/i0.wp.com\/dyrk-haven.dk\/wp-content\/uploads\/2025\/11\/Lupin-The-Chatelaine.jpg?fit=945%2C927&ssl=1&resize=350%2C200 1x, https:\/\/i0.wp.com\/dyrk-haven.dk\/wp-content\/uploads\/2025\/11\/Lupin-The-Chatelaine.jpg?fit=945%2C927&ssl=1&resize=525%2C300 1.5x, https:\/\/i0.wp.com\/dyrk-haven.dk\/wp-content\/uploads\/2025\/11\/Lupin-The-Chatelaine.jpg?fit=945%2C927&ssl=1&resize=700%2C400 2x"},"classes":[]},{"id":2587,"url":"https:\/\/dyrk-haven.dk\/index.php\/vare\/violet-petunia\/","url_meta":{"origin":2648,"position":2},"title":"Violet Petunia","author":"S\u00f8rensen","date":"oktober 28, 2025","format":false,"excerpt":"Petuniaen er en et\u00e5rig plante, der danner lange, h\u00e6ngende skud p\u00e5 40-50 cm. Den blomstrer rigt og l\u00e6nge, hvilket sikrer en imponerende farvepragt hele sommeren. Blomsterne er tragtformede og skinner i en smuk pink-lilla nuance med et m\u00f8rkere \u00f8je i midten. Dens elegante v\u00e6kst g\u00f8r den ideel til dyrkning i\u2026","rel":"","context":"Similar post","block_context":{"text":"Similar post","link":""},"img":{"alt_text":"","src":"","width":0,"height":0},"classes":[]},{"id":2625,"url":"https:\/\/dyrk-haven.dk\/index.php\/vare\/solsikke-italian-green-heart\/","url_meta":{"origin":2648,"position":3},"title":"Solsikke Italian Green Heart","author":"S\u00f8rensen","date":"november 5, 2025","format":false,"excerpt":"Helianthus debilis L Italian Green Heart' er en yndefuld, et\u00e5rig solsikke der vokser til en h\u00f8jde p\u00e5 100 til 120 cm. Denne sort skaber en fyldig effekt, da den danner forgrenede skud, der breder sig temmelig bredt. Planten b\u00e6rer talrige, smukke, cremehvide blomster med en lysende gul\/gylden midte, hvilket giver\u2026","rel":"","context":"Similar post","block_context":{"text":"Similar post","link":""},"img":{"alt_text":"","src":"https:\/\/i0.wp.com\/dyrk-haven.dk\/wp-content\/uploads\/2025\/11\/Solsikke-Italian-Green-Heart.jpg?fit=945%2C922&ssl=1&resize=350%2C200","width":350,"height":200,"srcset":"https:\/\/i0.wp.com\/dyrk-haven.dk\/wp-content\/uploads\/2025\/11\/Solsikke-Italian-Green-Heart.jpg?fit=945%2C922&ssl=1&resize=350%2C200 1x, https:\/\/i0.wp.com\/dyrk-haven.dk\/wp-content\/uploads\/2025\/11\/Solsikke-Italian-Green-Heart.jpg?fit=945%2C922&ssl=1&resize=525%2C300 1.5x, https:\/\/i0.wp.com\/dyrk-haven.dk\/wp-content\/uploads\/2025\/11\/Solsikke-Italian-Green-Heart.jpg?fit=945%2C922&ssl=1&resize=700%2C400 2x"},"classes":[]},{"id":2628,"url":"https:\/\/dyrk-haven.dk\/index.php\/vare\/salvie\/","url_meta":{"origin":2648,"position":4},"title":"Salvie","author":"S\u00f8rensen","date":"november 5, 2025","format":false,"excerpt":"Salvia officinalis Salvie er en fler\u00e5rig krydderurt, der vokser til en h\u00f8jde p\u00e5 50 til 80 cm. Planten er nem at kende p\u00e5 sine karakteristiske blade og st\u00e6ngler, som er t\u00e6t d\u00e6kket af h\u00e5r, og i blomstringsperioden prydes den af smukke, bl\u00e5-lilla blomster med en behagelig duft. Salvie er en\u2026","rel":"","context":"Similar post","block_context":{"text":"Similar post","link":""},"img":{"alt_text":"","src":"https:\/\/i0.wp.com\/dyrk-haven.dk\/wp-content\/uploads\/2025\/11\/Salvie.jpg?fit=945%2C933&ssl=1&resize=350%2C200","width":350,"height":200,"srcset":"https:\/\/i0.wp.com\/dyrk-haven.dk\/wp-content\/uploads\/2025\/11\/Salvie.jpg?fit=945%2C933&ssl=1&resize=350%2C200 1x, https:\/\/i0.wp.com\/dyrk-haven.dk\/wp-content\/uploads\/2025\/11\/Salvie.jpg?fit=945%2C933&ssl=1&resize=525%2C300 1.5x, https:\/\/i0.wp.com\/dyrk-haven.dk\/wp-content\/uploads\/2025\/11\/Salvie.jpg?fit=945%2C933&ssl=1&resize=700%2C400 2x"},"classes":[]},{"id":2588,"url":"https:\/\/dyrk-haven.dk\/index.php\/vare\/blaakvast\/","url_meta":{"origin":2648,"position":5},"title":"Bl\u00e5kvast","author":"S\u00f8rensen","date":"oktober 28, 2025","format":false,"excerpt":"Ageratum houstonianum Ageratum Blue er en smuk, et\u00e5rig plante, der giver et bl\u00e5t farvepust i haven. Planten bliver 10-20 cm h\u00f8j og danner oprette, t\u00e6tbladede og forgrenede skud. Oven p\u00e5 stilkene udvikles tykke sk\u00e6rme af bl\u00e5-lilla blomster, der skaber et t\u00e6ppe af farve. Den er ideel til brug i blomsterbede,\u2026","rel":"","context":"Similar post","block_context":{"text":"Similar post","link":""},"img":{"alt_text":"","src":"https:\/\/i0.wp.com\/dyrk-haven.dk\/wp-content\/uploads\/2025\/10\/Blaakvast.jpg?fit=945%2C914&ssl=1&resize=350%2C200","width":350,"height":200,"srcset":"https:\/\/i0.wp.com\/dyrk-haven.dk\/wp-content\/uploads\/2025\/10\/Blaakvast.jpg?fit=945%2C914&ssl=1&resize=350%2C200 1x, https:\/\/i0.wp.com\/dyrk-haven.dk\/wp-content\/uploads\/2025\/10\/Blaakvast.jpg?fit=945%2C914&ssl=1&resize=525%2C300 1.5x, https:\/\/i0.wp.com\/dyrk-haven.dk\/wp-content\/uploads\/2025\/10\/Blaakvast.jpg?fit=945%2C914&ssl=1&resize=700%2C400 2x"},"classes":[]}],"jetpack_sharing_enabled":true,"_links":{"self":[{"href":"https:\/\/dyrk-haven.dk\/index.php\/wp-json\/wp\/v2\/product\/2648","targetHints":{"allow":["GET"]}}],"collection":[{"href":"https:\/\/dyrk-haven.dk\/index.php\/wp-json\/wp\/v2\/product"}],"about":[{"href":"https:\/\/dyrk-haven.dk\/index.php\/wp-json\/wp\/v2\/types\/product"}],"replies":[{"embeddable":true,"href":"https:\/\/dyrk-haven.dk\/index.php\/wp-json\/wp\/v2\/comments?post=2648"}],"wp:featuredmedia":[{"embeddable":true,"href":"https:\/\/dyrk-haven.dk\/index.php\/wp-json\/wp\/v2\/media\/2649"}],"wp:attachment":[{"href":"https:\/\/dyrk-haven.dk\/index.php\/wp-json\/wp\/v2\/media?parent=2648"}],"wp:term":[{"taxonomy":"product_brand","embeddable":true,"href":"https:\/\/dyrk-haven.dk\/index.php\/wp-json\/wp\/v2\/product_brand?post=2648"},{"taxonomy":"product_cat","embeddable":true,"href":"https:\/\/dyrk-haven.dk\/index.php\/wp-json\/wp\/v2\/product_cat?post=2648"},{"taxonomy":"product_tag","embeddable":true,"href":"https:\/\/dyrk-haven.dk\/index.php\/wp-json\/wp\/v2\/product_tag?post=2648"}],"curies":[{"name":"wp","href":"https:\/\/api.w.org\/{rel}","templated":true}]}}