{"id":2644,"date":"2025-11-05T23:26:36","date_gmt":"2025-11-05T22:26:36","guid":{"rendered":"https:\/\/dyrk-haven.dk\/?post_type=product&#038;p=2644"},"modified":"2025-11-05T23:26:36","modified_gmt":"2025-11-05T22:26:36","slug":"lupin-the-chatelaine","status":"publish","type":"product","link":"https:\/\/dyrk-haven.dk\/index.php\/vare\/lupin-the-chatelaine\/","title":{"rendered":"Lupin The Chatelaine"},"content":{"rendered":"<p><em>Lupinus polyphyllus<\/em><\/p>\n<p>Lupin The Chatelaine\u00a0er en smuk fler\u00e5rig plante, der bliver 80 til 100 cm h\u00f8j og er et markant blikfang i ethvert bed. Planten danner en t\u00e6t tue af dekorative, h\u00e5ndfligede blade, som krones af imponerende, lange, drueformede klaser af yndige lyser\u00f8de blomster. Denne sort er ideel til at skabe struktur i blomsterbede, i fler\u00e5rige grupperinger, og de lange blomsterspir er desuden fremragende som snitblomster i vasen.<\/p>\n<hr \/>\n<p><b>S\u00e5- og Dyrkningsvejledning:<\/b><\/p>\n<ul>\n<li><b>S\u00e5dybde udend\u00f8rs:<\/b> 0,5 \u2013 1 cm.<\/li>\n<li><b>S\u00e5tid udend\u00f8rs:<\/b> April \u2013 Juni.<\/li>\n<li><b>Planteafstand:<\/b> 30 x 50 cm.<\/li>\n<li><b>Blomstringsperiode:<\/b> Juni \u2013 September.<\/li>\n<\/ul>\n<hr \/>\n<p>Ca. 15 fr\u00f8<\/p>\n<p>Leverand\u00f8r: Premium Seeds<\/p>\n","protected":false},"excerpt":{"rendered":"<p>Lupinus polyphyllus Lupin The Chatelaine\u00a0er en smuk fler\u00e5rig plante, der bliver 80 til 100 cm h\u00f8j og er et markant blikfang i ethvert bed. Planten danner en t\u00e6t tue af dekorative, h\u00e5ndfligede blade, som krones af imponerende, lange, drueformede klaser af yndige lyser\u00f8de blomster. Denne sort er ideel til at skabe struktur i blomsterbede, i&hellip;&nbsp;<a href=\"https:\/\/dyrk-haven.dk\/index.php\/vare\/lupin-the-chatelaine\/\" rel=\"bookmark\"><span class=\"screen-reader-text\">Lupin The Chatelaine<\/span><\/a><\/p>\n","protected":false},"featured_media":2645,"comment_status":"open","ping_status":"closed","template":"","meta":{"neve_meta_sidebar":"","neve_meta_container":"","neve_meta_enable_content_width":"off","neve_meta_content_width":100,"neve_meta_title_alignment":"","neve_meta_author_avatar":"","neve_post_elements_order":"","neve_meta_disable_header":"","neve_meta_disable_footer":"","neve_meta_disable_title":"","jetpack_post_was_ever_published":false},"product_brand":[],"product_cat":[25,453,298],"product_tag":[463,464,37],"class_list":{"0":"post-2644","1":"product","2":"type-product","3":"status-publish","4":"has-post-thumbnail","6":"product_cat-blomster","7":"product_cat-fleraarig","8":"product_cat-lupin","9":"product_tag-hoejde-80-90-cm","10":"product_tag-hoejde-90-100-cm","11":"product_tag-snitblomst","13":"first","14":"instock","15":"shipping-taxable","16":"purchasable","17":"product-type-simple"},"jetpack-related-posts":[{"id":2594,"url":"https:\/\/dyrk-haven.dk\/index.php\/vare\/pragtskaer\/","url_meta":{"origin":2644,"position":0},"title":"Pragtsk\u00e6r Pink","author":"S\u00f8rensen","date":"oktober 28, 2025","format":false,"excerpt":"Liatris spicata Denne smukke, fler\u00e5rige Pragtsk\u00e6r er et imponerende syn i haven. Den danner oprette v\u00e6kster, der str\u00e6kker sig 60-80 cm i h\u00f8jden. Plantens karakteristiske pink-lilla blomster samler sig i lange, slanke aks, som blomstrer fra toppen og ned. Som en nektarrig plante er Pragtsk\u00e6r Pink en magnet for sommerfugle,\u2026","rel":"","context":"Similar post","block_context":{"text":"Similar post","link":""},"img":{"alt_text":"","src":"https:\/\/i0.wp.com\/dyrk-haven.dk\/wp-content\/uploads\/2025\/10\/Pragtskaer-pink.jpg?fit=945%2C924&ssl=1&resize=350%2C200","width":350,"height":200,"srcset":"https:\/\/i0.wp.com\/dyrk-haven.dk\/wp-content\/uploads\/2025\/10\/Pragtskaer-pink.jpg?fit=945%2C924&ssl=1&resize=350%2C200 1x, https:\/\/i0.wp.com\/dyrk-haven.dk\/wp-content\/uploads\/2025\/10\/Pragtskaer-pink.jpg?fit=945%2C924&ssl=1&resize=525%2C300 1.5x, https:\/\/i0.wp.com\/dyrk-haven.dk\/wp-content\/uploads\/2025\/10\/Pragtskaer-pink.jpg?fit=945%2C924&ssl=1&resize=700%2C400 2x"},"classes":[]},{"id":2630,"url":"https:\/\/dyrk-haven.dk\/index.php\/vare\/loevstikke\/","url_meta":{"origin":2644,"position":1},"title":"L\u00f8vstikke","author":"S\u00f8rensen","date":"november 5, 2025","format":false,"excerpt":"Levisticum officinale L\u00f8vstikke\u00a0er en kraftig fler\u00e5rig urt, der er kendt som \"Maggi-urten\" p\u00e5 grund af sin intense aroma. Planten kan blive op til hele 200 cm h\u00f8j og er en imponerende tilf\u00f8jelse til enhver k\u00f8kkenhave. Den har en st\u00e6rk, krydret smag og duft, som stammer fra de m\u00f8rkegr\u00f8nne blade, jordst\u00e6ngler\u2026","rel":"","context":"Similar post","block_context":{"text":"Similar post","link":""},"img":{"alt_text":"","src":"https:\/\/i0.wp.com\/dyrk-haven.dk\/wp-content\/uploads\/2025\/11\/Loevstikke.jpg?fit=945%2C926&ssl=1&resize=350%2C200","width":350,"height":200,"srcset":"https:\/\/i0.wp.com\/dyrk-haven.dk\/wp-content\/uploads\/2025\/11\/Loevstikke.jpg?fit=945%2C926&ssl=1&resize=350%2C200 1x, https:\/\/i0.wp.com\/dyrk-haven.dk\/wp-content\/uploads\/2025\/11\/Loevstikke.jpg?fit=945%2C926&ssl=1&resize=525%2C300 1.5x, https:\/\/i0.wp.com\/dyrk-haven.dk\/wp-content\/uploads\/2025\/11\/Loevstikke.jpg?fit=945%2C926&ssl=1&resize=700%2C400 2x"},"classes":[]},{"id":2648,"url":"https:\/\/dyrk-haven.dk\/index.php\/vare\/kaempemarguerit\/","url_meta":{"origin":2644,"position":2},"title":"K\u00e6mpemarguerit","author":"S\u00f8rensen","date":"november 6, 2025","format":false,"excerpt":"Chrysanthemum leucanthemum Crazy Daisy\u00a0er en charmerende, let at holde og langblomstrende staude, der garanterer en frodig blomstring. Denne sort udvikler store, smukke halvdobbelte til helt dobbelte hvide blomster med en dekorativ, gul midte, hvilket giver dem et fyldigt og i\u00f8jnefaldende udtryk. Den er perfekt som en smuk kantplante eller i\u2026","rel":"","context":"Similar post","block_context":{"text":"Similar post","link":""},"img":{"alt_text":"","src":"https:\/\/i0.wp.com\/dyrk-haven.dk\/wp-content\/uploads\/2025\/11\/Kaempemarguerit-hvid.jpg?fit=319%2C330&ssl=1&resize=350%2C200","width":350,"height":200},"classes":[]},{"id":2628,"url":"https:\/\/dyrk-haven.dk\/index.php\/vare\/salvie\/","url_meta":{"origin":2644,"position":3},"title":"Salvie","author":"S\u00f8rensen","date":"november 5, 2025","format":false,"excerpt":"Salvia officinalis Salvie er en fler\u00e5rig krydderurt, der vokser til en h\u00f8jde p\u00e5 50 til 80 cm. Planten er nem at kende p\u00e5 sine karakteristiske blade og st\u00e6ngler, som er t\u00e6t d\u00e6kket af h\u00e5r, og i blomstringsperioden prydes den af smukke, bl\u00e5-lilla blomster med en behagelig duft. Salvie er en\u2026","rel":"","context":"Similar post","block_context":{"text":"Similar post","link":""},"img":{"alt_text":"","src":"https:\/\/i0.wp.com\/dyrk-haven.dk\/wp-content\/uploads\/2025\/11\/Salvie.jpg?fit=945%2C933&ssl=1&resize=350%2C200","width":350,"height":200,"srcset":"https:\/\/i0.wp.com\/dyrk-haven.dk\/wp-content\/uploads\/2025\/11\/Salvie.jpg?fit=945%2C933&ssl=1&resize=350%2C200 1x, https:\/\/i0.wp.com\/dyrk-haven.dk\/wp-content\/uploads\/2025\/11\/Salvie.jpg?fit=945%2C933&ssl=1&resize=525%2C300 1.5x, https:\/\/i0.wp.com\/dyrk-haven.dk\/wp-content\/uploads\/2025\/11\/Salvie.jpg?fit=945%2C933&ssl=1&resize=700%2C400 2x"},"classes":[]},{"id":2642,"url":"https:\/\/dyrk-haven.dk\/index.php\/vare\/graesk-oregano\/","url_meta":{"origin":2644,"position":4},"title":"Gr\u00e6sk Oregano","author":"S\u00f8rensen","date":"november 5, 2025","format":false,"excerpt":"Origanum vulgare ssp. hirtum Gr\u00e6sk Oregano er en h\u00e5rdf\u00f8r fler\u00e5rig krydderurt, der bliver 30-50 cm h\u00f8j. Denne sort er kendt for sin markant st\u00e6rkere smag og aroma sammenlignet med almindelig oregano. De sm\u00e5 blade er en uundv\u00e6rlig smagsgiver og bruges is\u00e6r til at krydre italienske retter, samt til at give\u2026","rel":"","context":"Similar post","block_context":{"text":"Similar post","link":""},"img":{"alt_text":"","src":"https:\/\/i0.wp.com\/dyrk-haven.dk\/wp-content\/uploads\/2025\/11\/Graesk-oregano.jpg?fit=945%2C911&ssl=1&resize=350%2C200","width":350,"height":200,"srcset":"https:\/\/i0.wp.com\/dyrk-haven.dk\/wp-content\/uploads\/2025\/11\/Graesk-oregano.jpg?fit=945%2C911&ssl=1&resize=350%2C200 1x, https:\/\/i0.wp.com\/dyrk-haven.dk\/wp-content\/uploads\/2025\/11\/Graesk-oregano.jpg?fit=945%2C911&ssl=1&resize=525%2C300 1.5x, https:\/\/i0.wp.com\/dyrk-haven.dk\/wp-content\/uploads\/2025\/11\/Graesk-oregano.jpg?fit=945%2C911&ssl=1&resize=700%2C400 2x"},"classes":[]},{"id":2610,"url":"https:\/\/dyrk-haven.dk\/index.php\/vare\/citronmelisse\/","url_meta":{"origin":2644,"position":5},"title":"Citronmelisse","author":"S\u00f8rensen","date":"oktober 31, 2025","format":false,"excerpt":"Melissa officinalis Citronmelisse er en uundv\u00e6rlig fler\u00e5rig krydder- og l\u00e6geplante, der bringer en frisk, opl\u00f8ftende duft til enhver have. Planten er kendt for sin tydelige citronaroma, som findes i b\u00e5de bladene og spidserne af de unge skud. Citronmelisse er alsidig i k\u00f8kkenet; brug den til at lave beroligende urtete, eller\u2026","rel":"","context":"Similar post","block_context":{"text":"Similar post","link":""},"img":{"alt_text":"","src":"https:\/\/i0.wp.com\/dyrk-haven.dk\/wp-content\/uploads\/2025\/10\/Citronmelisse.jpg?fit=945%2C920&ssl=1&resize=350%2C200","width":350,"height":200,"srcset":"https:\/\/i0.wp.com\/dyrk-haven.dk\/wp-content\/uploads\/2025\/10\/Citronmelisse.jpg?fit=945%2C920&ssl=1&resize=350%2C200 1x, https:\/\/i0.wp.com\/dyrk-haven.dk\/wp-content\/uploads\/2025\/10\/Citronmelisse.jpg?fit=945%2C920&ssl=1&resize=525%2C300 1.5x, https:\/\/i0.wp.com\/dyrk-haven.dk\/wp-content\/uploads\/2025\/10\/Citronmelisse.jpg?fit=945%2C920&ssl=1&resize=700%2C400 2x"},"classes":[]}],"jetpack_sharing_enabled":true,"_links":{"self":[{"href":"https:\/\/dyrk-haven.dk\/index.php\/wp-json\/wp\/v2\/product\/2644","targetHints":{"allow":["GET"]}}],"collection":[{"href":"https:\/\/dyrk-haven.dk\/index.php\/wp-json\/wp\/v2\/product"}],"about":[{"href":"https:\/\/dyrk-haven.dk\/index.php\/wp-json\/wp\/v2\/types\/product"}],"replies":[{"embeddable":true,"href":"https:\/\/dyrk-haven.dk\/index.php\/wp-json\/wp\/v2\/comments?post=2644"}],"wp:featuredmedia":[{"embeddable":true,"href":"https:\/\/dyrk-haven.dk\/index.php\/wp-json\/wp\/v2\/media\/2645"}],"wp:attachment":[{"href":"https:\/\/dyrk-haven.dk\/index.php\/wp-json\/wp\/v2\/media?parent=2644"}],"wp:term":[{"taxonomy":"product_brand","embeddable":true,"href":"https:\/\/dyrk-haven.dk\/index.php\/wp-json\/wp\/v2\/product_brand?post=2644"},{"taxonomy":"product_cat","embeddable":true,"href":"https:\/\/dyrk-haven.dk\/index.php\/wp-json\/wp\/v2\/product_cat?post=2644"},{"taxonomy":"product_tag","embeddable":true,"href":"https:\/\/dyrk-haven.dk\/index.php\/wp-json\/wp\/v2\/product_tag?post=2644"}],"curies":[{"name":"wp","href":"https:\/\/api.w.org\/{rel}","templated":true}]}}