{"id":2642,"date":"2025-11-05T23:05:14","date_gmt":"2025-11-05T22:05:14","guid":{"rendered":"https:\/\/dyrk-haven.dk\/?post_type=product&#038;p=2642"},"modified":"2025-11-05T23:05:15","modified_gmt":"2025-11-05T22:05:15","slug":"graesk-oregano","status":"publish","type":"product","link":"https:\/\/dyrk-haven.dk\/index.php\/vare\/graesk-oregano\/","title":{"rendered":"Gr\u00e6sk Oregano"},"content":{"rendered":"<p><em>Origanum vulgare ssp. hirtum<\/em><\/p>\n<p>Gr\u00e6sk Oregano er en h\u00e5rdf\u00f8r fler\u00e5rig krydderurt, der bliver 30-50 cm h\u00f8j. Denne sort er kendt for sin markant st\u00e6rkere smag og aroma sammenlignet med almindelig oregano. De sm\u00e5 blade er en uundv\u00e6rlig smagsgiver og bruges is\u00e6r til at krydre italienske retter, samt til at give smag til k\u00f8d, fisk, supper og gryderetter. Den er en essentiel urt for enhver, der v\u00e6rds\u00e6tter autentiske middelhavssmage.<\/p>\n<hr \/>\n<p><b>S\u00e5- og H\u00f8stvejledning:<\/b><\/p>\n<ul>\n<li><b>S\u00e5dybde:<\/b> 0,5 cm (s\u00e5s meget overfladisk).<\/li>\n<li><b>S\u00e5tid udend\u00f8rs:<\/b> April \u2013 Maj.<\/li>\n<li><b>Planteafstand:<\/b> 40 x 20-25 cm.<\/li>\n<li><b>H\u00f8stperiode:<\/b> Juni \u2013 September.<\/li>\n<\/ul>\n<hr \/>\n<p>Ca. 80 fr\u00f8<\/p>\n<p>Leverand\u00f8r: Premium Seeds<\/p>\n","protected":false},"excerpt":{"rendered":"<p>Origanum vulgare ssp. hirtum Gr\u00e6sk Oregano er en h\u00e5rdf\u00f8r fler\u00e5rig krydderurt, der bliver 30-50 cm h\u00f8j. Denne sort er kendt for sin markant st\u00e6rkere smag og aroma sammenlignet med almindelig oregano. De sm\u00e5 blade er en uundv\u00e6rlig smagsgiver og bruges is\u00e6r til at krydre italienske retter, samt til at give smag til k\u00f8d, fisk, supper&hellip;&nbsp;<a href=\"https:\/\/dyrk-haven.dk\/index.php\/vare\/graesk-oregano\/\" rel=\"bookmark\"><span class=\"screen-reader-text\">Gr\u00e6sk Oregano<\/span><\/a><\/p>\n","protected":false},"featured_media":2643,"comment_status":"open","ping_status":"closed","template":"","meta":{"neve_meta_sidebar":"","neve_meta_container":"","neve_meta_enable_content_width":"off","neve_meta_content_width":100,"neve_meta_title_alignment":"","neve_meta_author_avatar":"","neve_post_elements_order":"","neve_meta_disable_header":"","neve_meta_disable_footer":"","neve_meta_disable_title":"","jetpack_post_was_ever_published":false},"product_brand":[],"product_cat":[22,282],"product_tag":[459,466,55],"class_list":{"0":"post-2642","1":"product","2":"type-product","3":"status-publish","4":"has-post-thumbnail","6":"product_cat-groent","7":"product_cat-krydderurter","8":"product_tag-hoejde-30-40-cm","9":"product_tag-hoejde-40-50-cm","10":"product_tag-spiselig","12":"first","13":"instock","14":"shipping-taxable","15":"purchasable","16":"product-type-simple"},"jetpack-related-posts":[{"id":2630,"url":"https:\/\/dyrk-haven.dk\/index.php\/vare\/loevstikke\/","url_meta":{"origin":2642,"position":0},"title":"L\u00f8vstikke","author":"S\u00f8rensen","date":"november 5, 2025","format":false,"excerpt":"Levisticum officinale L\u00f8vstikke\u00a0er en kraftig fler\u00e5rig urt, der er kendt som \"Maggi-urten\" p\u00e5 grund af sin intense aroma. Planten kan blive op til hele 200 cm h\u00f8j og er en imponerende tilf\u00f8jelse til enhver k\u00f8kkenhave. Den har en st\u00e6rk, krydret smag og duft, som stammer fra de m\u00f8rkegr\u00f8nne blade, jordst\u00e6ngler\u2026","rel":"","context":"Similar post","block_context":{"text":"Similar post","link":""},"img":{"alt_text":"","src":"https:\/\/i0.wp.com\/dyrk-haven.dk\/wp-content\/uploads\/2025\/11\/Loevstikke.jpg?fit=945%2C926&ssl=1&resize=350%2C200","width":350,"height":200,"srcset":"https:\/\/i0.wp.com\/dyrk-haven.dk\/wp-content\/uploads\/2025\/11\/Loevstikke.jpg?fit=945%2C926&ssl=1&resize=350%2C200 1x, https:\/\/i0.wp.com\/dyrk-haven.dk\/wp-content\/uploads\/2025\/11\/Loevstikke.jpg?fit=945%2C926&ssl=1&resize=525%2C300 1.5x, https:\/\/i0.wp.com\/dyrk-haven.dk\/wp-content\/uploads\/2025\/11\/Loevstikke.jpg?fit=945%2C926&ssl=1&resize=700%2C400 2x"},"classes":[]},{"id":2628,"url":"https:\/\/dyrk-haven.dk\/index.php\/vare\/salvie\/","url_meta":{"origin":2642,"position":1},"title":"Salvie","author":"S\u00f8rensen","date":"november 5, 2025","format":false,"excerpt":"Salvia officinalis Salvie er en fler\u00e5rig krydderurt, der vokser til en h\u00f8jde p\u00e5 50 til 80 cm. Planten er nem at kende p\u00e5 sine karakteristiske blade og st\u00e6ngler, som er t\u00e6t d\u00e6kket af h\u00e5r, og i blomstringsperioden prydes den af smukke, bl\u00e5-lilla blomster med en behagelig duft. Salvie er en\u2026","rel":"","context":"Similar post","block_context":{"text":"Similar post","link":""},"img":{"alt_text":"","src":"https:\/\/i0.wp.com\/dyrk-haven.dk\/wp-content\/uploads\/2025\/11\/Salvie.jpg?fit=945%2C933&ssl=1&resize=350%2C200","width":350,"height":200,"srcset":"https:\/\/i0.wp.com\/dyrk-haven.dk\/wp-content\/uploads\/2025\/11\/Salvie.jpg?fit=945%2C933&ssl=1&resize=350%2C200 1x, https:\/\/i0.wp.com\/dyrk-haven.dk\/wp-content\/uploads\/2025\/11\/Salvie.jpg?fit=945%2C933&ssl=1&resize=525%2C300 1.5x, https:\/\/i0.wp.com\/dyrk-haven.dk\/wp-content\/uploads\/2025\/11\/Salvie.jpg?fit=945%2C933&ssl=1&resize=700%2C400 2x"},"classes":[]},{"id":2596,"url":"https:\/\/dyrk-haven.dk\/index.php\/vare\/klatreboenne-neckargold\/","url_meta":{"origin":2642,"position":2},"title":"Klatreb\u00f8nne Neckargold","author":"S\u00f8rensen","date":"oktober 31, 2025","format":false,"excerpt":"Phaseolus vulgaris L Denne klatrende b\u00f8nne er en tidlig, h\u00f8jt ydende sort, der kr\u00e6ver opbinding. Den er s\u00e6rligt bem\u00e6rkelsesv\u00e6rdig, da den er resistent over for b\u00f8nnemosaikvirus. B\u00f8nnerne udvikler lange, k\u00f8dfyldte og snorrefri gule b\u00e6lge p\u00e5 20-25 cm. Inden i findes hvide, runde fr\u00f8, og hele b\u00e6lgen har en fantastisk smag.\u2026","rel":"","context":"Similar post","block_context":{"text":"Similar post","link":""},"img":{"alt_text":"","src":"https:\/\/i0.wp.com\/dyrk-haven.dk\/wp-content\/uploads\/2025\/10\/Klatreboenne-Neckargold.jpg?fit=1200%2C899&ssl=1&resize=350%2C200","width":350,"height":200,"srcset":"https:\/\/i0.wp.com\/dyrk-haven.dk\/wp-content\/uploads\/2025\/10\/Klatreboenne-Neckargold.jpg?fit=1200%2C899&ssl=1&resize=350%2C200 1x, https:\/\/i0.wp.com\/dyrk-haven.dk\/wp-content\/uploads\/2025\/10\/Klatreboenne-Neckargold.jpg?fit=1200%2C899&ssl=1&resize=525%2C300 1.5x, https:\/\/i0.wp.com\/dyrk-haven.dk\/wp-content\/uploads\/2025\/10\/Klatreboenne-Neckargold.jpg?fit=1200%2C899&ssl=1&resize=700%2C400 2x, https:\/\/i0.wp.com\/dyrk-haven.dk\/wp-content\/uploads\/2025\/10\/Klatreboenne-Neckargold.jpg?fit=1200%2C899&ssl=1&resize=1050%2C600 3x"},"classes":[]},{"id":2619,"url":"https:\/\/dyrk-haven.dk\/index.php\/vare\/aert-six-weeks\/","url_meta":{"origin":2642,"position":3},"title":"\u00c6rt Six Weeks","author":"S\u00f8rensen","date":"november 5, 2025","format":false,"excerpt":"Pisum sativum L Six Weeks er en meget tidlig \u00e6rtesort, der lever op til sit navn med en imponerende kort v\u00e6ksts\u00e6son p\u00e5 kun 60-70 dage. Sorten er kendetegnet ved et h\u00f8jt udbytte og god sygdomsresistens, hvilket sikrer en nem dyrkning og tilfredsstillende h\u00f8st. Planterne bliver ca. 100 cm h\u00f8je og\u2026","rel":"","context":"Similar post","block_context":{"text":"Similar post","link":""},"img":{"alt_text":"","src":"https:\/\/i0.wp.com\/dyrk-haven.dk\/wp-content\/uploads\/2025\/11\/Aert-Six-Weeks.jpg?fit=1200%2C1173&ssl=1&resize=350%2C200","width":350,"height":200,"srcset":"https:\/\/i0.wp.com\/dyrk-haven.dk\/wp-content\/uploads\/2025\/11\/Aert-Six-Weeks.jpg?fit=1200%2C1173&ssl=1&resize=350%2C200 1x, https:\/\/i0.wp.com\/dyrk-haven.dk\/wp-content\/uploads\/2025\/11\/Aert-Six-Weeks.jpg?fit=1200%2C1173&ssl=1&resize=525%2C300 1.5x, https:\/\/i0.wp.com\/dyrk-haven.dk\/wp-content\/uploads\/2025\/11\/Aert-Six-Weeks.jpg?fit=1200%2C1173&ssl=1&resize=700%2C400 2x, https:\/\/i0.wp.com\/dyrk-haven.dk\/wp-content\/uploads\/2025\/11\/Aert-Six-Weeks.jpg?fit=1200%2C1173&ssl=1&resize=1050%2C600 3x"},"classes":[]},{"id":2598,"url":"https:\/\/dyrk-haven.dk\/index.php\/vare\/hesteboenne-karmazyn\/","url_meta":{"origin":2642,"position":4},"title":"Hesteb\u00f8nne Karmazyn","author":"S\u00f8rensen","date":"oktober 31, 2025","format":false,"excerpt":"Vicia Faba L Karmazyn er en middeltidlig, traditionel hesteb\u00f8nnesort, der giver et us\u00e6dvanligt rigeligt udbytte. Planten n\u00e5r en h\u00f8jde p\u00e5 60-80 cm og er s\u00e6rligt v\u00e6rdsat for sine b\u00e6lge, der indeholder 3-5 store fr\u00f8 af en unik og smuk karminr\u00f8d farve. De modnes ensartet, og planten er tolerant over for\u2026","rel":"","context":"Similar post","block_context":{"text":"Similar post","link":""},"img":{"alt_text":"","src":"https:\/\/i0.wp.com\/dyrk-haven.dk\/wp-content\/uploads\/2025\/10\/Favaboenne-Karmazyn.jpg?fit=381%2C345&ssl=1&resize=350%2C200","width":350,"height":200},"classes":[]},{"id":2603,"url":"https:\/\/dyrk-haven.dk\/index.php\/vare\/hjulkrone-blaa\/","url_meta":{"origin":2642,"position":5},"title":"Hjulkrone bl\u00e5","author":"S\u00f8rensen","date":"oktober 31, 2025","format":false,"excerpt":"Borago officinalis Hjulkrone\u00a0er en letdyrkelig, et\u00e5rig krydderurt, der kombinerer dekorativ sk\u00f8nhed med bred anvendelse. B\u00e5de plantens blade og st\u00e6ngler har en frisk duft og syrlig smag af agurk, som giver et unikt pift til salater, supper og sommerdrinks. Ud over det kulinariske tiltr\u00e6kker de smukke, himmelbl\u00e5 stjerneblomster nyttige best\u00f8vere til\u2026","rel":"","context":"Similar post","block_context":{"text":"Similar post","link":""},"img":{"alt_text":"","src":"https:\/\/i0.wp.com\/dyrk-haven.dk\/wp-content\/uploads\/2025\/10\/Hjulkrone-blaa.jpg?fit=974%2C878&ssl=1&resize=350%2C200","width":350,"height":200,"srcset":"https:\/\/i0.wp.com\/dyrk-haven.dk\/wp-content\/uploads\/2025\/10\/Hjulkrone-blaa.jpg?fit=974%2C878&ssl=1&resize=350%2C200 1x, https:\/\/i0.wp.com\/dyrk-haven.dk\/wp-content\/uploads\/2025\/10\/Hjulkrone-blaa.jpg?fit=974%2C878&ssl=1&resize=525%2C300 1.5x, https:\/\/i0.wp.com\/dyrk-haven.dk\/wp-content\/uploads\/2025\/10\/Hjulkrone-blaa.jpg?fit=974%2C878&ssl=1&resize=700%2C400 2x"},"classes":[]}],"jetpack_sharing_enabled":true,"_links":{"self":[{"href":"https:\/\/dyrk-haven.dk\/index.php\/wp-json\/wp\/v2\/product\/2642","targetHints":{"allow":["GET"]}}],"collection":[{"href":"https:\/\/dyrk-haven.dk\/index.php\/wp-json\/wp\/v2\/product"}],"about":[{"href":"https:\/\/dyrk-haven.dk\/index.php\/wp-json\/wp\/v2\/types\/product"}],"replies":[{"embeddable":true,"href":"https:\/\/dyrk-haven.dk\/index.php\/wp-json\/wp\/v2\/comments?post=2642"}],"wp:featuredmedia":[{"embeddable":true,"href":"https:\/\/dyrk-haven.dk\/index.php\/wp-json\/wp\/v2\/media\/2643"}],"wp:attachment":[{"href":"https:\/\/dyrk-haven.dk\/index.php\/wp-json\/wp\/v2\/media?parent=2642"}],"wp:term":[{"taxonomy":"product_brand","embeddable":true,"href":"https:\/\/dyrk-haven.dk\/index.php\/wp-json\/wp\/v2\/product_brand?post=2642"},{"taxonomy":"product_cat","embeddable":true,"href":"https:\/\/dyrk-haven.dk\/index.php\/wp-json\/wp\/v2\/product_cat?post=2642"},{"taxonomy":"product_tag","embeddable":true,"href":"https:\/\/dyrk-haven.dk\/index.php\/wp-json\/wp\/v2\/product_tag?post=2642"}],"curies":[{"name":"wp","href":"https:\/\/api.w.org\/{rel}","templated":true}]}}