{"id":2640,"date":"2025-11-05T22:48:22","date_gmt":"2025-11-05T21:48:22","guid":{"rendered":"https:\/\/dyrk-haven.dk\/?post_type=product&#038;p=2640"},"modified":"2025-11-05T22:48:22","modified_gmt":"2025-11-05T21:48:22","slug":"evighedsblomst-mix","status":"publish","type":"product","link":"https:\/\/dyrk-haven.dk\/index.php\/vare\/evighedsblomst-mix\/","title":{"rendered":"Evighedsblomst mix"},"content":{"rendered":"<p><em>Xeranthemum annuum<\/em><\/p>\n<p>Evighedsblomst mix\u00a0er en dejlig et\u00e5rig plante, der vokser til en h\u00f8jde p\u00e5 30 til 60 cm. Den udvikler tynde, stive og forgrenede skud, som b\u00e6rer halvfyldte blomster i smukke blandinger af hvide, rosa og lilla nuancer. Denne plante er en klassiker i haven, is\u00e6r p\u00e5 grund af dens alsidighed. Den dyrkes prim\u00e6rt i blomsterbede og er s\u00e6rligt v\u00e6rdsat som en holdbar snitblomst samt til at skabe farverige og langtidsholdbare t\u00f8rrede buketter.<\/p>\n<hr \/>\n<p><b>S\u00e5- og Dyrkningsvejledning:<\/b><\/p>\n<ul>\n<li><b>S\u00e5dybde:<\/b> 0,5 \u2013 1 cm (d\u00e6kkes let).<\/li>\n<li><b>S\u00e5tid i drivhus\/vindueskarm:<\/b> April.<\/li>\n<li><b>S\u00e5tid udend\u00f8rs:<\/b> April \u2013 Maj.<\/li>\n<li><b>Udplantning af sm\u00e5planter:<\/b> Maj.<\/li>\n<li><b>Planteafstand:<\/b> 25 x 25 cm.<\/li>\n<li><b>Blomstringsperiode:<\/b> August \u2013 September.<\/li>\n<\/ul>\n<hr \/>\n<p>Ca. 110 fr\u00f8<\/p>\n<p>Leverand\u00f8r: Premium Seeds<\/p>\n","protected":false},"excerpt":{"rendered":"<p>Xeranthemum annuum Evighedsblomst mix\u00a0er en dejlig et\u00e5rig plante, der vokser til en h\u00f8jde p\u00e5 30 til 60 cm. Den udvikler tynde, stive og forgrenede skud, som b\u00e6rer halvfyldte blomster i smukke blandinger af hvide, rosa og lilla nuancer. Denne plante er en klassiker i haven, is\u00e6r p\u00e5 grund af dens alsidighed. Den dyrkes prim\u00e6rt i&hellip;&nbsp;<a href=\"https:\/\/dyrk-haven.dk\/index.php\/vare\/evighedsblomst-mix\/\" rel=\"bookmark\"><span class=\"screen-reader-text\">Evighedsblomst mix<\/span><\/a><\/p>\n","protected":false},"featured_media":2641,"comment_status":"open","ping_status":"closed","template":"","meta":{"neve_meta_sidebar":"","neve_meta_container":"","neve_meta_enable_content_width":"off","neve_meta_content_width":100,"neve_meta_title_alignment":"","neve_meta_author_avatar":"","neve_post_elements_order":"","neve_meta_disable_header":"","neve_meta_disable_footer":"","neve_meta_disable_title":"","jetpack_post_was_ever_published":false},"product_brand":[],"product_cat":[25,451,465],"product_tag":[459,466,462,37],"class_list":{"0":"post-2640","1":"product","2":"type-product","3":"status-publish","4":"has-post-thumbnail","6":"product_cat-blomster","7":"product_cat-etaarig","8":"product_cat-evighedsblomster","9":"product_tag-hoejde-30-40-cm","10":"product_tag-hoejde-40-50-cm","11":"product_tag-hoejde-50-60-cm","12":"product_tag-snitblomst","14":"first","15":"instock","16":"shipping-taxable","17":"purchasable","18":"product-type-simple"},"jetpack-related-posts":[{"id":2588,"url":"https:\/\/dyrk-haven.dk\/index.php\/vare\/blaakvast\/","url_meta":{"origin":2640,"position":0},"title":"Bl\u00e5kvast","author":"S\u00f8rensen","date":"oktober 28, 2025","format":false,"excerpt":"Ageratum houstonianum Ageratum Blue er en smuk, et\u00e5rig plante, der giver et bl\u00e5t farvepust i haven. Planten bliver 10-20 cm h\u00f8j og danner oprette, t\u00e6tbladede og forgrenede skud. Oven p\u00e5 stilkene udvikles tykke sk\u00e6rme af bl\u00e5-lilla blomster, der skaber et t\u00e6ppe af farve. Den er ideel til brug i blomsterbede,\u2026","rel":"","context":"Similar post","block_context":{"text":"Similar post","link":""},"img":{"alt_text":"","src":"https:\/\/i0.wp.com\/dyrk-haven.dk\/wp-content\/uploads\/2025\/10\/Blaakvast.jpg?fit=945%2C914&ssl=1&resize=350%2C200","width":350,"height":200,"srcset":"https:\/\/i0.wp.com\/dyrk-haven.dk\/wp-content\/uploads\/2025\/10\/Blaakvast.jpg?fit=945%2C914&ssl=1&resize=350%2C200 1x, https:\/\/i0.wp.com\/dyrk-haven.dk\/wp-content\/uploads\/2025\/10\/Blaakvast.jpg?fit=945%2C914&ssl=1&resize=525%2C300 1.5x, https:\/\/i0.wp.com\/dyrk-haven.dk\/wp-content\/uploads\/2025\/10\/Blaakvast.jpg?fit=945%2C914&ssl=1&resize=700%2C400 2x"},"classes":[]},{"id":2635,"url":"https:\/\/dyrk-haven.dk\/index.php\/vare\/straablomst-gul\/","url_meta":{"origin":2640,"position":1},"title":"Str\u00e5blomst gul","author":"S\u00f8rensen","date":"november 5, 2025","format":false,"excerpt":"Helichrysum bracteatum Gul str\u00e5blomst er en elegant et\u00e5rig plante, der vokser til en h\u00f8jde p\u00e5 60 til 100 cm. Sorten udvikler lange, stive og slankt bekl\u00e6dte skud, som ender i store, str\u00e5lende gule blomsterhoveder. Disse blomster er ideelle til at tilf\u00f8re farve og tekstur til blomsterbede og er s\u00e6rligt v\u00e6rdsatte\u2026","rel":"","context":"Similar post","block_context":{"text":"Similar post","link":""},"img":{"alt_text":"","src":"https:\/\/i0.wp.com\/dyrk-haven.dk\/wp-content\/uploads\/2025\/11\/Straablomst-gul.jpg?fit=945%2C923&ssl=1&resize=350%2C200","width":350,"height":200,"srcset":"https:\/\/i0.wp.com\/dyrk-haven.dk\/wp-content\/uploads\/2025\/11\/Straablomst-gul.jpg?fit=945%2C923&ssl=1&resize=350%2C200 1x, https:\/\/i0.wp.com\/dyrk-haven.dk\/wp-content\/uploads\/2025\/11\/Straablomst-gul.jpg?fit=945%2C923&ssl=1&resize=525%2C300 1.5x, https:\/\/i0.wp.com\/dyrk-haven.dk\/wp-content\/uploads\/2025\/11\/Straablomst-gul.jpg?fit=945%2C923&ssl=1&resize=700%2C400 2x"},"classes":[]},{"id":2630,"url":"https:\/\/dyrk-haven.dk\/index.php\/vare\/loevstikke\/","url_meta":{"origin":2640,"position":2},"title":"L\u00f8vstikke","author":"S\u00f8rensen","date":"november 5, 2025","format":false,"excerpt":"Levisticum officinale L\u00f8vstikke\u00a0er en kraftig fler\u00e5rig urt, der er kendt som \"Maggi-urten\" p\u00e5 grund af sin intense aroma. Planten kan blive op til hele 200 cm h\u00f8j og er en imponerende tilf\u00f8jelse til enhver k\u00f8kkenhave. Den har en st\u00e6rk, krydret smag og duft, som stammer fra de m\u00f8rkegr\u00f8nne blade, jordst\u00e6ngler\u2026","rel":"","context":"Similar post","block_context":{"text":"Similar post","link":""},"img":{"alt_text":"","src":"https:\/\/i0.wp.com\/dyrk-haven.dk\/wp-content\/uploads\/2025\/11\/Loevstikke.jpg?fit=945%2C926&ssl=1&resize=350%2C200","width":350,"height":200,"srcset":"https:\/\/i0.wp.com\/dyrk-haven.dk\/wp-content\/uploads\/2025\/11\/Loevstikke.jpg?fit=945%2C926&ssl=1&resize=350%2C200 1x, https:\/\/i0.wp.com\/dyrk-haven.dk\/wp-content\/uploads\/2025\/11\/Loevstikke.jpg?fit=945%2C926&ssl=1&resize=525%2C300 1.5x, https:\/\/i0.wp.com\/dyrk-haven.dk\/wp-content\/uploads\/2025\/11\/Loevstikke.jpg?fit=945%2C926&ssl=1&resize=700%2C400 2x"},"classes":[]},{"id":2591,"url":"https:\/\/dyrk-haven.dk\/index.php\/vare\/vinget-hindebaeger-violet\/","url_meta":{"origin":2640,"position":3},"title":"Vinget hindeb\u00e6ger violet","author":"S\u00f8rensen","date":"oktober 28, 2025","format":false,"excerpt":"Limonium sinuatum Statice og vinget hindeb\u00e6ger er to navne for samme fabelagtige et\u00e5rige plante, der er uundv\u00e6rlig i enhver sk\u00e6rehave. Den udvikler oprette og forgrenede skud, der n\u00e5r en h\u00f8jde p\u00e5 60-70 cm. Planten b\u00e6rer et v\u00e6ld af sm\u00e5, violette blomster, der er samlet i imponerende, skyagtige toppe. Med sin\u2026","rel":"","context":"Similar post","block_context":{"text":"Similar post","link":""},"img":{"alt_text":"","src":"https:\/\/i0.wp.com\/dyrk-haven.dk\/wp-content\/uploads\/2025\/10\/Hindebaeger-violet.jpg?fit=945%2C925&ssl=1&resize=350%2C200","width":350,"height":200,"srcset":"https:\/\/i0.wp.com\/dyrk-haven.dk\/wp-content\/uploads\/2025\/10\/Hindebaeger-violet.jpg?fit=945%2C925&ssl=1&resize=350%2C200 1x, https:\/\/i0.wp.com\/dyrk-haven.dk\/wp-content\/uploads\/2025\/10\/Hindebaeger-violet.jpg?fit=945%2C925&ssl=1&resize=525%2C300 1.5x, https:\/\/i0.wp.com\/dyrk-haven.dk\/wp-content\/uploads\/2025\/10\/Hindebaeger-violet.jpg?fit=945%2C925&ssl=1&resize=700%2C400 2x"},"classes":[]},{"id":2637,"url":"https:\/\/dyrk-haven.dk\/index.php\/vare\/vinget-hindebaeger-gul\/","url_meta":{"origin":2640,"position":4},"title":"Vinget Hindeb\u00e6ger gul","author":"S\u00f8rensen","date":"november 5, 2025","format":false,"excerpt":"Limonium sinuatum Vinget Hindeb\u00e6ger (Statice) er en smuk et\u00e5rig plante, der vokser til en h\u00f8jde p\u00e5 60 til 70 cm. Den udvikler brede, meget blomstrende tuer prydet med utallige, sm\u00e5, gule blomster samlet i store, luftige toppe. Hindeb\u00e6ger er ideel til at tilf\u00f8re lethed og farve til blomsterbede og st\u00f8rre\u2026","rel":"","context":"Similar post","block_context":{"text":"Similar post","link":""},"img":{"alt_text":"","src":"https:\/\/i0.wp.com\/dyrk-haven.dk\/wp-content\/uploads\/2025\/11\/Hindebaeger-gul.jpg?fit=945%2C921&ssl=1&resize=350%2C200","width":350,"height":200,"srcset":"https:\/\/i0.wp.com\/dyrk-haven.dk\/wp-content\/uploads\/2025\/11\/Hindebaeger-gul.jpg?fit=945%2C921&ssl=1&resize=350%2C200 1x, https:\/\/i0.wp.com\/dyrk-haven.dk\/wp-content\/uploads\/2025\/11\/Hindebaeger-gul.jpg?fit=945%2C921&ssl=1&resize=525%2C300 1.5x, https:\/\/i0.wp.com\/dyrk-haven.dk\/wp-content\/uploads\/2025\/11\/Hindebaeger-gul.jpg?fit=945%2C921&ssl=1&resize=700%2C400 2x"},"classes":[]},{"id":2628,"url":"https:\/\/dyrk-haven.dk\/index.php\/vare\/salvie\/","url_meta":{"origin":2640,"position":5},"title":"Salvie","author":"S\u00f8rensen","date":"november 5, 2025","format":false,"excerpt":"Salvia officinalis Salvie er en fler\u00e5rig krydderurt, der vokser til en h\u00f8jde p\u00e5 50 til 80 cm. Planten er nem at kende p\u00e5 sine karakteristiske blade og st\u00e6ngler, som er t\u00e6t d\u00e6kket af h\u00e5r, og i blomstringsperioden prydes den af smukke, bl\u00e5-lilla blomster med en behagelig duft. Salvie er en\u2026","rel":"","context":"Similar post","block_context":{"text":"Similar post","link":""},"img":{"alt_text":"","src":"https:\/\/i0.wp.com\/dyrk-haven.dk\/wp-content\/uploads\/2025\/11\/Salvie.jpg?fit=945%2C933&ssl=1&resize=350%2C200","width":350,"height":200,"srcset":"https:\/\/i0.wp.com\/dyrk-haven.dk\/wp-content\/uploads\/2025\/11\/Salvie.jpg?fit=945%2C933&ssl=1&resize=350%2C200 1x, https:\/\/i0.wp.com\/dyrk-haven.dk\/wp-content\/uploads\/2025\/11\/Salvie.jpg?fit=945%2C933&ssl=1&resize=525%2C300 1.5x, https:\/\/i0.wp.com\/dyrk-haven.dk\/wp-content\/uploads\/2025\/11\/Salvie.jpg?fit=945%2C933&ssl=1&resize=700%2C400 2x"},"classes":[]}],"jetpack_sharing_enabled":true,"_links":{"self":[{"href":"https:\/\/dyrk-haven.dk\/index.php\/wp-json\/wp\/v2\/product\/2640","targetHints":{"allow":["GET"]}}],"collection":[{"href":"https:\/\/dyrk-haven.dk\/index.php\/wp-json\/wp\/v2\/product"}],"about":[{"href":"https:\/\/dyrk-haven.dk\/index.php\/wp-json\/wp\/v2\/types\/product"}],"replies":[{"embeddable":true,"href":"https:\/\/dyrk-haven.dk\/index.php\/wp-json\/wp\/v2\/comments?post=2640"}],"wp:featuredmedia":[{"embeddable":true,"href":"https:\/\/dyrk-haven.dk\/index.php\/wp-json\/wp\/v2\/media\/2641"}],"wp:attachment":[{"href":"https:\/\/dyrk-haven.dk\/index.php\/wp-json\/wp\/v2\/media?parent=2640"}],"wp:term":[{"taxonomy":"product_brand","embeddable":true,"href":"https:\/\/dyrk-haven.dk\/index.php\/wp-json\/wp\/v2\/product_brand?post=2640"},{"taxonomy":"product_cat","embeddable":true,"href":"https:\/\/dyrk-haven.dk\/index.php\/wp-json\/wp\/v2\/product_cat?post=2640"},{"taxonomy":"product_tag","embeddable":true,"href":"https:\/\/dyrk-haven.dk\/index.php\/wp-json\/wp\/v2\/product_tag?post=2640"}],"curies":[{"name":"wp","href":"https:\/\/api.w.org\/{rel}","templated":true}]}}