{"id":2637,"date":"2025-11-05T22:31:40","date_gmt":"2025-11-05T21:31:40","guid":{"rendered":"https:\/\/dyrk-haven.dk\/?post_type=product&#038;p=2637"},"modified":"2025-11-05T22:36:18","modified_gmt":"2025-11-05T21:36:18","slug":"vinget-hindebaeger-gul","status":"publish","type":"product","link":"https:\/\/dyrk-haven.dk\/index.php\/vare\/vinget-hindebaeger-gul\/","title":{"rendered":"Vinget Hindeb\u00e6ger gul"},"content":{"rendered":"<p><em>Limonium sinuatum<\/em><\/p>\n<p>Vinget Hindeb\u00e6ger (Statice) er en smuk et\u00e5rig plante, der vokser til en h\u00f8jde p\u00e5 60 til 70 cm. Den udvikler brede, meget blomstrende tuer prydet med utallige, sm\u00e5, gule blomster samlet i store, luftige toppe. Hindeb\u00e6ger er ideel til at tilf\u00f8re lethed og farve til blomsterbede og st\u00f8rre gruppeplantninger. Den er s\u00e6rligt popul\u00e6r som en holdbar snitblomst og er uundv\u00e6rlig til t\u00f8rrede arrangementer, da den bevarer sin form og farve efter t\u00f8rring.<\/p>\n<hr \/>\n<p><b>S\u00e5- og Dyrkningsvejledning:<\/b><\/p>\n<ul>\n<li><b>S\u00e5dybde:<\/b> 0,5 cm (s\u00e5s meget overfladisk).<\/li>\n<li><b>S\u00e5tid i drivhus\/vindueskarm:<\/b> Marts \u2013 April.<\/li>\n<li><b>Udplantning af sm\u00e5planter:<\/b> Maj.<\/li>\n<li><b>Planteafstand:<\/b> 20 x 30 cm.<\/li>\n<li><b>Blomstringsperiode:<\/b> Juli \u2013 Oktober.<\/li>\n<\/ul>\n<hr \/>\n<p>Ca. 35 fr\u00f8<\/p>\n<p>Leverand\u00f8r: Premium Seeds<\/p>\n","protected":false},"excerpt":{"rendered":"<p>Limonium sinuatum Vinget Hindeb\u00e6ger (Statice) er en smuk et\u00e5rig plante, der vokser til en h\u00f8jde p\u00e5 60 til 70 cm. Den udvikler brede, meget blomstrende tuer prydet med utallige, sm\u00e5, gule blomster samlet i store, luftige toppe. Hindeb\u00e6ger er ideel til at tilf\u00f8re lethed og farve til blomsterbede og st\u00f8rre gruppeplantninger. Den er s\u00e6rligt popul\u00e6r&hellip;&nbsp;<a href=\"https:\/\/dyrk-haven.dk\/index.php\/vare\/vinget-hindebaeger-gul\/\" rel=\"bookmark\"><span class=\"screen-reader-text\">Vinget Hindeb\u00e6ger gul<\/span><\/a><\/p>\n","protected":false},"featured_media":2638,"comment_status":"open","ping_status":"closed","template":"","meta":{"neve_meta_sidebar":"","neve_meta_container":"","neve_meta_enable_content_width":"off","neve_meta_content_width":100,"neve_meta_title_alignment":"","neve_meta_author_avatar":"","neve_post_elements_order":"","neve_meta_disable_header":"","neve_meta_disable_footer":"","neve_meta_disable_title":"","jetpack_post_was_ever_published":false},"product_brand":[],"product_cat":[25,451,392],"product_tag":[456,37],"class_list":{"0":"post-2637","1":"product","2":"type-product","3":"status-publish","4":"has-post-thumbnail","6":"product_cat-blomster","7":"product_cat-etaarig","8":"product_cat-statice-hindebaeger","9":"product_tag-hoejde-60-70-cm","10":"product_tag-snitblomst","12":"first","13":"instock","14":"shipping-taxable","15":"purchasable","16":"product-type-simple"},"jetpack-related-posts":[{"id":2635,"url":"https:\/\/dyrk-haven.dk\/index.php\/vare\/straablomst-gul\/","url_meta":{"origin":2637,"position":0},"title":"Str\u00e5blomst gul","author":"S\u00f8rensen","date":"november 5, 2025","format":false,"excerpt":"Helichrysum bracteatum Gul str\u00e5blomst er en elegant et\u00e5rig plante, der vokser til en h\u00f8jde p\u00e5 60 til 100 cm. Sorten udvikler lange, stive og slankt bekl\u00e6dte skud, som ender i store, str\u00e5lende gule blomsterhoveder. Disse blomster er ideelle til at tilf\u00f8re farve og tekstur til blomsterbede og er s\u00e6rligt v\u00e6rdsatte\u2026","rel":"","context":"Similar post","block_context":{"text":"Similar post","link":""},"img":{"alt_text":"","src":"https:\/\/i0.wp.com\/dyrk-haven.dk\/wp-content\/uploads\/2025\/11\/Straablomst-gul.jpg?fit=945%2C923&ssl=1&resize=350%2C200","width":350,"height":200,"srcset":"https:\/\/i0.wp.com\/dyrk-haven.dk\/wp-content\/uploads\/2025\/11\/Straablomst-gul.jpg?fit=945%2C923&ssl=1&resize=350%2C200 1x, https:\/\/i0.wp.com\/dyrk-haven.dk\/wp-content\/uploads\/2025\/11\/Straablomst-gul.jpg?fit=945%2C923&ssl=1&resize=525%2C300 1.5x, https:\/\/i0.wp.com\/dyrk-haven.dk\/wp-content\/uploads\/2025\/11\/Straablomst-gul.jpg?fit=945%2C923&ssl=1&resize=700%2C400 2x"},"classes":[]},{"id":2591,"url":"https:\/\/dyrk-haven.dk\/index.php\/vare\/vinget-hindebaeger-violet\/","url_meta":{"origin":2637,"position":1},"title":"Vinget hindeb\u00e6ger violet","author":"S\u00f8rensen","date":"oktober 28, 2025","format":false,"excerpt":"Limonium sinuatum Statice og vinget hindeb\u00e6ger er to navne for samme fabelagtige et\u00e5rige plante, der er uundv\u00e6rlig i enhver sk\u00e6rehave. Den udvikler oprette og forgrenede skud, der n\u00e5r en h\u00f8jde p\u00e5 60-70 cm. Planten b\u00e6rer et v\u00e6ld af sm\u00e5, violette blomster, der er samlet i imponerende, skyagtige toppe. Med sin\u2026","rel":"","context":"Similar post","block_context":{"text":"Similar post","link":""},"img":{"alt_text":"","src":"https:\/\/i0.wp.com\/dyrk-haven.dk\/wp-content\/uploads\/2025\/10\/Hindebaeger-violet.jpg?fit=945%2C925&ssl=1&resize=350%2C200","width":350,"height":200,"srcset":"https:\/\/i0.wp.com\/dyrk-haven.dk\/wp-content\/uploads\/2025\/10\/Hindebaeger-violet.jpg?fit=945%2C925&ssl=1&resize=350%2C200 1x, https:\/\/i0.wp.com\/dyrk-haven.dk\/wp-content\/uploads\/2025\/10\/Hindebaeger-violet.jpg?fit=945%2C925&ssl=1&resize=525%2C300 1.5x, https:\/\/i0.wp.com\/dyrk-haven.dk\/wp-content\/uploads\/2025\/10\/Hindebaeger-violet.jpg?fit=945%2C925&ssl=1&resize=700%2C400 2x"},"classes":[]},{"id":2621,"url":"https:\/\/dyrk-haven.dk\/index.php\/vare\/solsikke-teddy-bear\/","url_meta":{"origin":2637,"position":2},"title":"Solsikke Teddy Bear","author":"S\u00f8rensen","date":"november 5, 2025","format":false,"excerpt":"Helianthus annuus L Teddy Bear\u00a0er en bed\u00e5rende,\u00a0lavt voksende et\u00e5rig solsikke,\u00a0der kun bliver 50-60 cm h\u00f8j.\u00a0Denne sort er unik,\u00a0fordi den producerer\u00a0helt dobbelte, store, gule blomster med en diameter p\u00e5 op til 20 cm. Det\u00a0giver dem et fyldigt, plysset udseende \u2013 deraf navnet Teddy Bear. Den udvikler opretst\u00e5ende st\u00e6ngler og er perfekt\u2026","rel":"","context":"Similar post","block_context":{"text":"Similar post","link":""},"img":{"alt_text":"","src":"https:\/\/i0.wp.com\/dyrk-haven.dk\/wp-content\/uploads\/2025\/11\/Solsikke-Teddy-Bear.jpg?fit=945%2C925&ssl=1&resize=350%2C200","width":350,"height":200,"srcset":"https:\/\/i0.wp.com\/dyrk-haven.dk\/wp-content\/uploads\/2025\/11\/Solsikke-Teddy-Bear.jpg?fit=945%2C925&ssl=1&resize=350%2C200 1x, https:\/\/i0.wp.com\/dyrk-haven.dk\/wp-content\/uploads\/2025\/11\/Solsikke-Teddy-Bear.jpg?fit=945%2C925&ssl=1&resize=525%2C300 1.5x, https:\/\/i0.wp.com\/dyrk-haven.dk\/wp-content\/uploads\/2025\/11\/Solsikke-Teddy-Bear.jpg?fit=945%2C925&ssl=1&resize=700%2C400 2x"},"classes":[]},{"id":2648,"url":"https:\/\/dyrk-haven.dk\/index.php\/vare\/kaempemarguerit\/","url_meta":{"origin":2637,"position":3},"title":"K\u00e6mpemarguerit","author":"S\u00f8rensen","date":"november 6, 2025","format":false,"excerpt":"Chrysanthemum leucanthemum Crazy Daisy\u00a0er en charmerende, let at holde og langblomstrende staude, der garanterer en frodig blomstring. Denne sort udvikler store, smukke halvdobbelte til helt dobbelte hvide blomster med en dekorativ, gul midte, hvilket giver dem et fyldigt og i\u00f8jnefaldende udtryk. Den er perfekt som en smuk kantplante eller i\u2026","rel":"","context":"Similar post","block_context":{"text":"Similar post","link":""},"img":{"alt_text":"","src":"https:\/\/i0.wp.com\/dyrk-haven.dk\/wp-content\/uploads\/2025\/11\/Kaempemarguerit-hvid.jpg?fit=319%2C330&ssl=1&resize=350%2C200","width":350,"height":200},"classes":[]},{"id":2600,"url":"https:\/\/dyrk-haven.dk\/index.php\/vare\/solsikke-henry-wilde\/","url_meta":{"origin":2637,"position":4},"title":"Solsikke Henry Wilde","author":"S\u00f8rensen","date":"oktober 31, 2025","format":false,"excerpt":"Helianthus annuus L Henry Wilde er en imponerende et\u00e5rig solsikke, der hurtigt skyder i vejret og n\u00e5r op til 200 cm i h\u00f8jden. Denne klassiker udvikler k\u00e6mpestore, str\u00e5lende gule blomster med en markant brun midte, der spreder solskin over hele haven. Solsikken er hurtigtvoksende og ideel til at skabe en\u2026","rel":"","context":"Similar post","block_context":{"text":"Similar post","link":""},"img":{"alt_text":"","src":"https:\/\/i0.wp.com\/dyrk-haven.dk\/wp-content\/uploads\/2025\/10\/Solsikke-Henry-Wilde.jpg?fit=945%2C924&ssl=1&resize=350%2C200","width":350,"height":200,"srcset":"https:\/\/i0.wp.com\/dyrk-haven.dk\/wp-content\/uploads\/2025\/10\/Solsikke-Henry-Wilde.jpg?fit=945%2C924&ssl=1&resize=350%2C200 1x, https:\/\/i0.wp.com\/dyrk-haven.dk\/wp-content\/uploads\/2025\/10\/Solsikke-Henry-Wilde.jpg?fit=945%2C924&ssl=1&resize=525%2C300 1.5x, https:\/\/i0.wp.com\/dyrk-haven.dk\/wp-content\/uploads\/2025\/10\/Solsikke-Henry-Wilde.jpg?fit=945%2C924&ssl=1&resize=700%2C400 2x"},"classes":[]},{"id":2625,"url":"https:\/\/dyrk-haven.dk\/index.php\/vare\/solsikke-italian-green-heart\/","url_meta":{"origin":2637,"position":5},"title":"Solsikke Italian Green Heart","author":"S\u00f8rensen","date":"november 5, 2025","format":false,"excerpt":"Helianthus debilis L Italian Green Heart' er en yndefuld, et\u00e5rig solsikke der vokser til en h\u00f8jde p\u00e5 100 til 120 cm. Denne sort skaber en fyldig effekt, da den danner forgrenede skud, der breder sig temmelig bredt. Planten b\u00e6rer talrige, smukke, cremehvide blomster med en lysende gul\/gylden midte, hvilket giver\u2026","rel":"","context":"Similar post","block_context":{"text":"Similar post","link":""},"img":{"alt_text":"","src":"https:\/\/i0.wp.com\/dyrk-haven.dk\/wp-content\/uploads\/2025\/11\/Solsikke-Italian-Green-Heart.jpg?fit=945%2C922&ssl=1&resize=350%2C200","width":350,"height":200,"srcset":"https:\/\/i0.wp.com\/dyrk-haven.dk\/wp-content\/uploads\/2025\/11\/Solsikke-Italian-Green-Heart.jpg?fit=945%2C922&ssl=1&resize=350%2C200 1x, https:\/\/i0.wp.com\/dyrk-haven.dk\/wp-content\/uploads\/2025\/11\/Solsikke-Italian-Green-Heart.jpg?fit=945%2C922&ssl=1&resize=525%2C300 1.5x, https:\/\/i0.wp.com\/dyrk-haven.dk\/wp-content\/uploads\/2025\/11\/Solsikke-Italian-Green-Heart.jpg?fit=945%2C922&ssl=1&resize=700%2C400 2x"},"classes":[]}],"jetpack_sharing_enabled":true,"_links":{"self":[{"href":"https:\/\/dyrk-haven.dk\/index.php\/wp-json\/wp\/v2\/product\/2637","targetHints":{"allow":["GET"]}}],"collection":[{"href":"https:\/\/dyrk-haven.dk\/index.php\/wp-json\/wp\/v2\/product"}],"about":[{"href":"https:\/\/dyrk-haven.dk\/index.php\/wp-json\/wp\/v2\/types\/product"}],"replies":[{"embeddable":true,"href":"https:\/\/dyrk-haven.dk\/index.php\/wp-json\/wp\/v2\/comments?post=2637"}],"wp:featuredmedia":[{"embeddable":true,"href":"https:\/\/dyrk-haven.dk\/index.php\/wp-json\/wp\/v2\/media\/2638"}],"wp:attachment":[{"href":"https:\/\/dyrk-haven.dk\/index.php\/wp-json\/wp\/v2\/media?parent=2637"}],"wp:term":[{"taxonomy":"product_brand","embeddable":true,"href":"https:\/\/dyrk-haven.dk\/index.php\/wp-json\/wp\/v2\/product_brand?post=2637"},{"taxonomy":"product_cat","embeddable":true,"href":"https:\/\/dyrk-haven.dk\/index.php\/wp-json\/wp\/v2\/product_cat?post=2637"},{"taxonomy":"product_tag","embeddable":true,"href":"https:\/\/dyrk-haven.dk\/index.php\/wp-json\/wp\/v2\/product_tag?post=2637"}],"curies":[{"name":"wp","href":"https:\/\/api.w.org\/{rel}","templated":true}]}}