{"id":2628,"date":"2025-11-05T16:52:44","date_gmt":"2025-11-05T15:52:44","guid":{"rendered":"https:\/\/dyrk-haven.dk\/?post_type=product&#038;p=2628"},"modified":"2025-11-05T16:53:41","modified_gmt":"2025-11-05T15:53:41","slug":"salvie","status":"publish","type":"product","link":"https:\/\/dyrk-haven.dk\/index.php\/vare\/salvie\/","title":{"rendered":"Salvie"},"content":{"rendered":"<p><em>Salvia officinalis<\/em><\/p>\n<p>Salvie er en fler\u00e5rig krydderurt, der vokser til en h\u00f8jde p\u00e5 50 til 80 cm. Planten er nem at kende p\u00e5 sine karakteristiske blade og st\u00e6ngler, som er t\u00e6t d\u00e6kket af h\u00e5r, og i blomstringsperioden prydes den af smukke, bl\u00e5-lilla blomster med en behagelig duft. Salvie er en intens aromatisk krydderurt, hvis friske og t\u00f8rrede gr\u00f8nne blade er perfekte til at give smag til k\u00f8d, fisk, ost og saucer.<\/p>\n<hr \/>\n<p><b>S\u00e5- og Dyrkningsvejledning:<\/b><\/p>\n<ul>\n<li><b>S\u00e5dybde:<\/b> 1 \u2013 2 cm.<\/li>\n<li><b>S\u00e5tid i drivhus\/vindueskarm:<\/b> Marts \u2013 Maj.<\/li>\n<li><b>S\u00e5tid udend\u00f8rs:<\/b> Maj (direkte p\u00e5 voksestedet).<\/li>\n<li><b>Udplantning af sm\u00e5planter:<\/b> Maj \u2013 Juni.<\/li>\n<li><b>Planteafstand:<\/b> 30 x 40 cm.<\/li>\n<li><b>H\u00f8stperiode:<\/b> Maj \u2013 September.<\/li>\n<\/ul>\n<hr \/>\n<p>Ca. 90 fr\u00f8<\/p>\n<p>Leverand\u00f8r: Premium Seeds<\/p>\n","protected":false},"excerpt":{"rendered":"<p>Salvia officinalis Salvie er en fler\u00e5rig krydderurt, der vokser til en h\u00f8jde p\u00e5 50 til 80 cm. Planten er nem at kende p\u00e5 sine karakteristiske blade og st\u00e6ngler, som er t\u00e6t d\u00e6kket af h\u00e5r, og i blomstringsperioden prydes den af smukke, bl\u00e5-lilla blomster med en behagelig duft. Salvie er en intens aromatisk krydderurt, hvis friske&hellip;&nbsp;<a href=\"https:\/\/dyrk-haven.dk\/index.php\/vare\/salvie\/\" rel=\"bookmark\"><span class=\"screen-reader-text\">Salvie<\/span><\/a><\/p>\n","protected":false},"featured_media":2629,"comment_status":"open","ping_status":"closed","template":"","meta":{"neve_meta_sidebar":"","neve_meta_container":"","neve_meta_enable_content_width":"off","neve_meta_content_width":100,"neve_meta_title_alignment":"","neve_meta_author_avatar":"","neve_post_elements_order":"","neve_meta_disable_header":"","neve_meta_disable_footer":"","neve_meta_disable_title":"","jetpack_post_was_ever_published":false},"product_brand":[],"product_cat":[22,282],"product_tag":[462,456,457,55],"class_list":{"0":"post-2628","1":"product","2":"type-product","3":"status-publish","4":"has-post-thumbnail","6":"product_cat-groent","7":"product_cat-krydderurter","8":"product_tag-hoejde-50-60-cm","9":"product_tag-hoejde-60-70-cm","10":"product_tag-hoejde-70-80-cm","11":"product_tag-spiselig","13":"first","14":"instock","15":"shipping-taxable","16":"purchasable","17":"product-type-simple"},"jetpack-related-posts":[{"id":2630,"url":"https:\/\/dyrk-haven.dk\/index.php\/vare\/loevstikke\/","url_meta":{"origin":2628,"position":0},"title":"L\u00f8vstikke","author":"S\u00f8rensen","date":"november 5, 2025","format":false,"excerpt":"Levisticum officinale L\u00f8vstikke\u00a0er en kraftig fler\u00e5rig urt, der er kendt som \"Maggi-urten\" p\u00e5 grund af sin intense aroma. Planten kan blive op til hele 200 cm h\u00f8j og er en imponerende tilf\u00f8jelse til enhver k\u00f8kkenhave. Den har en st\u00e6rk, krydret smag og duft, som stammer fra de m\u00f8rkegr\u00f8nne blade, jordst\u00e6ngler\u2026","rel":"","context":"Similar post","block_context":{"text":"Similar post","link":""},"img":{"alt_text":"","src":"https:\/\/i0.wp.com\/dyrk-haven.dk\/wp-content\/uploads\/2025\/11\/Loevstikke.jpg?fit=945%2C926&ssl=1&resize=350%2C200","width":350,"height":200,"srcset":"https:\/\/i0.wp.com\/dyrk-haven.dk\/wp-content\/uploads\/2025\/11\/Loevstikke.jpg?fit=945%2C926&ssl=1&resize=350%2C200 1x, https:\/\/i0.wp.com\/dyrk-haven.dk\/wp-content\/uploads\/2025\/11\/Loevstikke.jpg?fit=945%2C926&ssl=1&resize=525%2C300 1.5x, https:\/\/i0.wp.com\/dyrk-haven.dk\/wp-content\/uploads\/2025\/11\/Loevstikke.jpg?fit=945%2C926&ssl=1&resize=700%2C400 2x"},"classes":[]},{"id":2642,"url":"https:\/\/dyrk-haven.dk\/index.php\/vare\/graesk-oregano\/","url_meta":{"origin":2628,"position":1},"title":"Gr\u00e6sk Oregano","author":"S\u00f8rensen","date":"november 5, 2025","format":false,"excerpt":"Origanum vulgare ssp. hirtum Gr\u00e6sk Oregano er en h\u00e5rdf\u00f8r fler\u00e5rig krydderurt, der bliver 30-50 cm h\u00f8j. Denne sort er kendt for sin markant st\u00e6rkere smag og aroma sammenlignet med almindelig oregano. De sm\u00e5 blade er en uundv\u00e6rlig smagsgiver og bruges is\u00e6r til at krydre italienske retter, samt til at give\u2026","rel":"","context":"Similar post","block_context":{"text":"Similar post","link":""},"img":{"alt_text":"","src":"https:\/\/i0.wp.com\/dyrk-haven.dk\/wp-content\/uploads\/2025\/11\/Graesk-oregano.jpg?fit=945%2C911&ssl=1&resize=350%2C200","width":350,"height":200,"srcset":"https:\/\/i0.wp.com\/dyrk-haven.dk\/wp-content\/uploads\/2025\/11\/Graesk-oregano.jpg?fit=945%2C911&ssl=1&resize=350%2C200 1x, https:\/\/i0.wp.com\/dyrk-haven.dk\/wp-content\/uploads\/2025\/11\/Graesk-oregano.jpg?fit=945%2C911&ssl=1&resize=525%2C300 1.5x, https:\/\/i0.wp.com\/dyrk-haven.dk\/wp-content\/uploads\/2025\/11\/Graesk-oregano.jpg?fit=945%2C911&ssl=1&resize=700%2C400 2x"},"classes":[]},{"id":2610,"url":"https:\/\/dyrk-haven.dk\/index.php\/vare\/citronmelisse\/","url_meta":{"origin":2628,"position":2},"title":"Citronmelisse","author":"S\u00f8rensen","date":"oktober 31, 2025","format":false,"excerpt":"Melissa officinalis Citronmelisse er en uundv\u00e6rlig fler\u00e5rig krydder- og l\u00e6geplante, der bringer en frisk, opl\u00f8ftende duft til enhver have. Planten er kendt for sin tydelige citronaroma, som findes i b\u00e5de bladene og spidserne af de unge skud. Citronmelisse er alsidig i k\u00f8kkenet; brug den til at lave beroligende urtete, eller\u2026","rel":"","context":"Similar post","block_context":{"text":"Similar post","link":""},"img":{"alt_text":"","src":"https:\/\/i0.wp.com\/dyrk-haven.dk\/wp-content\/uploads\/2025\/10\/Citronmelisse.jpg?fit=945%2C920&ssl=1&resize=350%2C200","width":350,"height":200,"srcset":"https:\/\/i0.wp.com\/dyrk-haven.dk\/wp-content\/uploads\/2025\/10\/Citronmelisse.jpg?fit=945%2C920&ssl=1&resize=350%2C200 1x, https:\/\/i0.wp.com\/dyrk-haven.dk\/wp-content\/uploads\/2025\/10\/Citronmelisse.jpg?fit=945%2C920&ssl=1&resize=525%2C300 1.5x, https:\/\/i0.wp.com\/dyrk-haven.dk\/wp-content\/uploads\/2025\/10\/Citronmelisse.jpg?fit=945%2C920&ssl=1&resize=700%2C400 2x"},"classes":[]},{"id":2650,"url":"https:\/\/dyrk-haven.dk\/index.php\/vare\/pampasgraes-hvid\/","url_meta":{"origin":2628,"position":3},"title":"Pampasgr\u00e6s hvid","author":"S\u00f8rensen","date":"november 6, 2025","format":false,"excerpt":"Cortaderia selloana Pampasgr\u00e6s\u00a0er et storsl\u00e5et fler\u00e5rigt prydgr\u00e6s, der med sine tykke tuer af lange blade kan n\u00e5 en imponerende h\u00f8jde p\u00e5 100 til 200 cm. Planten er mest kendt for sine betagende, s\u00f8lv-hvide blomsterstande, som kan blive op til 50 cm lange. Disse fluffy toppe er perfekte til at skabe\u2026","rel":"","context":"Similar post","block_context":{"text":"Similar post","link":""},"img":{"alt_text":"","src":"https:\/\/i0.wp.com\/dyrk-haven.dk\/wp-content\/uploads\/2025\/11\/Pampasgraes-hvid.jpg?fit=830%2C738&ssl=1&resize=350%2C200","width":350,"height":200,"srcset":"https:\/\/i0.wp.com\/dyrk-haven.dk\/wp-content\/uploads\/2025\/11\/Pampasgraes-hvid.jpg?fit=830%2C738&ssl=1&resize=350%2C200 1x, https:\/\/i0.wp.com\/dyrk-haven.dk\/wp-content\/uploads\/2025\/11\/Pampasgraes-hvid.jpg?fit=830%2C738&ssl=1&resize=525%2C300 1.5x, https:\/\/i0.wp.com\/dyrk-haven.dk\/wp-content\/uploads\/2025\/11\/Pampasgraes-hvid.jpg?fit=830%2C738&ssl=1&resize=700%2C400 2x"},"classes":[]},{"id":2640,"url":"https:\/\/dyrk-haven.dk\/index.php\/vare\/evighedsblomst-mix\/","url_meta":{"origin":2628,"position":4},"title":"Evighedsblomst mix","author":"S\u00f8rensen","date":"november 5, 2025","format":false,"excerpt":"Xeranthemum annuum Evighedsblomst mix\u00a0er en dejlig et\u00e5rig plante, der vokser til en h\u00f8jde p\u00e5 30 til 60 cm. Den udvikler tynde, stive og forgrenede skud, som b\u00e6rer halvfyldte blomster i smukke blandinger af hvide, rosa og lilla nuancer. Denne plante er en klassiker i haven, is\u00e6r p\u00e5 grund af dens\u2026","rel":"","context":"Similar post","block_context":{"text":"Similar post","link":""},"img":{"alt_text":"","src":"https:\/\/i0.wp.com\/dyrk-haven.dk\/wp-content\/uploads\/2025\/11\/Evighedsblomst-mix.jpg?fit=945%2C917&ssl=1&resize=350%2C200","width":350,"height":200,"srcset":"https:\/\/i0.wp.com\/dyrk-haven.dk\/wp-content\/uploads\/2025\/11\/Evighedsblomst-mix.jpg?fit=945%2C917&ssl=1&resize=350%2C200 1x, https:\/\/i0.wp.com\/dyrk-haven.dk\/wp-content\/uploads\/2025\/11\/Evighedsblomst-mix.jpg?fit=945%2C917&ssl=1&resize=525%2C300 1.5x, https:\/\/i0.wp.com\/dyrk-haven.dk\/wp-content\/uploads\/2025\/11\/Evighedsblomst-mix.jpg?fit=945%2C917&ssl=1&resize=700%2C400 2x"},"classes":[]},{"id":2635,"url":"https:\/\/dyrk-haven.dk\/index.php\/vare\/straablomst-gul\/","url_meta":{"origin":2628,"position":5},"title":"Str\u00e5blomst gul","author":"S\u00f8rensen","date":"november 5, 2025","format":false,"excerpt":"Helichrysum bracteatum Gul str\u00e5blomst er en elegant et\u00e5rig plante, der vokser til en h\u00f8jde p\u00e5 60 til 100 cm. Sorten udvikler lange, stive og slankt bekl\u00e6dte skud, som ender i store, str\u00e5lende gule blomsterhoveder. Disse blomster er ideelle til at tilf\u00f8re farve og tekstur til blomsterbede og er s\u00e6rligt v\u00e6rdsatte\u2026","rel":"","context":"Similar post","block_context":{"text":"Similar post","link":""},"img":{"alt_text":"","src":"https:\/\/i0.wp.com\/dyrk-haven.dk\/wp-content\/uploads\/2025\/11\/Straablomst-gul.jpg?fit=945%2C923&ssl=1&resize=350%2C200","width":350,"height":200,"srcset":"https:\/\/i0.wp.com\/dyrk-haven.dk\/wp-content\/uploads\/2025\/11\/Straablomst-gul.jpg?fit=945%2C923&ssl=1&resize=350%2C200 1x, https:\/\/i0.wp.com\/dyrk-haven.dk\/wp-content\/uploads\/2025\/11\/Straablomst-gul.jpg?fit=945%2C923&ssl=1&resize=525%2C300 1.5x, https:\/\/i0.wp.com\/dyrk-haven.dk\/wp-content\/uploads\/2025\/11\/Straablomst-gul.jpg?fit=945%2C923&ssl=1&resize=700%2C400 2x"},"classes":[]}],"jetpack_sharing_enabled":true,"_links":{"self":[{"href":"https:\/\/dyrk-haven.dk\/index.php\/wp-json\/wp\/v2\/product\/2628","targetHints":{"allow":["GET"]}}],"collection":[{"href":"https:\/\/dyrk-haven.dk\/index.php\/wp-json\/wp\/v2\/product"}],"about":[{"href":"https:\/\/dyrk-haven.dk\/index.php\/wp-json\/wp\/v2\/types\/product"}],"replies":[{"embeddable":true,"href":"https:\/\/dyrk-haven.dk\/index.php\/wp-json\/wp\/v2\/comments?post=2628"}],"wp:featuredmedia":[{"embeddable":true,"href":"https:\/\/dyrk-haven.dk\/index.php\/wp-json\/wp\/v2\/media\/2629"}],"wp:attachment":[{"href":"https:\/\/dyrk-haven.dk\/index.php\/wp-json\/wp\/v2\/media?parent=2628"}],"wp:term":[{"taxonomy":"product_brand","embeddable":true,"href":"https:\/\/dyrk-haven.dk\/index.php\/wp-json\/wp\/v2\/product_brand?post=2628"},{"taxonomy":"product_cat","embeddable":true,"href":"https:\/\/dyrk-haven.dk\/index.php\/wp-json\/wp\/v2\/product_cat?post=2628"},{"taxonomy":"product_tag","embeddable":true,"href":"https:\/\/dyrk-haven.dk\/index.php\/wp-json\/wp\/v2\/product_tag?post=2628"}],"curies":[{"name":"wp","href":"https:\/\/api.w.org\/{rel}","templated":true}]}}