{"id":2614,"date":"2025-11-02T18:06:24","date_gmt":"2025-11-02T17:06:24","guid":{"rendered":"https:\/\/dyrk-haven.dk\/?post_type=product&#038;p=2614"},"modified":"2025-11-02T18:06:24","modified_gmt":"2025-11-02T17:06:24","slug":"klatreboenne-goldmarie","status":"publish","type":"product","link":"https:\/\/dyrk-haven.dk\/index.php\/vare\/klatreboenne-goldmarie\/","title":{"rendered":"Klatreb\u00f8nne Goldmarie"},"content":{"rendered":"<p><em>Phaseolus vulgaris L<\/em><\/p>\n<p>Goldmarie\u00a0er en fremragende, tidlig stangvoksende sort af Mammut-typen, som producerer et rigt udbytte. Planten n\u00e5r en imponerende h\u00f8jde p\u00e5 2,5-3 meter og kr\u00e6ver derfor st\u00f8tte (f.eks. p\u00e6le eller stativ). B\u00f8nnerne udvikler sig til lange, gule, brede og flade b\u00e6lge, der m\u00e5ler hele 20-25 cm. Disse b\u00e6lge er bem\u00e6rkelsesv\u00e6rdigt strengl\u00f8se og har en meget velsmagende kvalitet, med hvide, modne kerner indeni. Trives bedst i moderat fast, frugtbar og varm jord.<\/p>\n<hr \/>\n<p><b>S\u00e5- og H\u00f8stvejledning:<\/b><\/p>\n<ul>\n<li><b>S\u00e5dybde:<\/b> 3-5 cm (Standard for b\u00f8nner).<\/li>\n<li><b>S\u00e5tid udend\u00f8rs:<\/b> Midten af maj \u2013 Juli (n\u00e5r jorden er lun).<\/li>\n<li><b>Planteafstand:<\/b> 60 x 50 cm.<\/li>\n<li><b>H\u00f8stperiode:<\/b> Juli \u2013 Oktober.<\/li>\n<\/ul>\n<hr \/>\n<p>Ca. 35 fr\u00f8<\/p>\n<p>Leverand\u00f8r: Toraf<\/p>\n","protected":false},"excerpt":{"rendered":"<p>Phaseolus vulgaris L Goldmarie\u00a0er en fremragende, tidlig stangvoksende sort af Mammut-typen, som producerer et rigt udbytte. Planten n\u00e5r en imponerende h\u00f8jde p\u00e5 2,5-3 meter og kr\u00e6ver derfor st\u00f8tte (f.eks. p\u00e6le eller stativ). B\u00f8nnerne udvikler sig til lange, gule, brede og flade b\u00e6lge, der m\u00e5ler hele 20-25 cm. Disse b\u00e6lge er bem\u00e6rkelsesv\u00e6rdigt strengl\u00f8se og har en&hellip;&nbsp;<a href=\"https:\/\/dyrk-haven.dk\/index.php\/vare\/klatreboenne-goldmarie\/\" rel=\"bookmark\"><span class=\"screen-reader-text\">Klatreb\u00f8nne Goldmarie<\/span><\/a><\/p>\n","protected":false},"featured_media":2615,"comment_status":"open","ping_status":"closed","template":"","meta":{"neve_meta_sidebar":"","neve_meta_container":"","neve_meta_enable_content_width":"off","neve_meta_content_width":100,"neve_meta_title_alignment":"","neve_meta_author_avatar":"","neve_post_elements_order":"","neve_meta_disable_header":"","neve_meta_disable_footer":"","neve_meta_disable_title":"","jetpack_post_was_ever_published":false},"product_brand":[],"product_cat":[365,22],"product_tag":[461,55],"class_list":{"0":"post-2614","1":"product","2":"type-product","3":"status-publish","4":"has-post-thumbnail","6":"product_cat-boenne","7":"product_cat-groent","8":"product_tag-hoejde-250-300-cm","9":"product_tag-spiselig","11":"first","12":"instock","13":"shipping-taxable","14":"purchasable","15":"product-type-simple"},"jetpack-related-posts":[{"id":2596,"url":"https:\/\/dyrk-haven.dk\/index.php\/vare\/klatreboenne-neckargold\/","url_meta":{"origin":2614,"position":0},"title":"Klatreb\u00f8nne Neckargold","author":"S\u00f8rensen","date":"oktober 31, 2025","format":false,"excerpt":"Phaseolus vulgaris L Denne klatrende b\u00f8nne er en tidlig, h\u00f8jt ydende sort, der kr\u00e6ver opbinding. Den er s\u00e6rligt bem\u00e6rkelsesv\u00e6rdig, da den er resistent over for b\u00f8nnemosaikvirus. B\u00f8nnerne udvikler lange, k\u00f8dfyldte og snorrefri gule b\u00e6lge p\u00e5 20-25 cm. Inden i findes hvide, runde fr\u00f8, og hele b\u00e6lgen har en fantastisk smag.\u2026","rel":"","context":"Similar post","block_context":{"text":"Similar post","link":""},"img":{"alt_text":"","src":"https:\/\/i0.wp.com\/dyrk-haven.dk\/wp-content\/uploads\/2025\/10\/Klatreboenne-Neckargold.jpg?fit=1200%2C899&ssl=1&resize=350%2C200","width":350,"height":200,"srcset":"https:\/\/i0.wp.com\/dyrk-haven.dk\/wp-content\/uploads\/2025\/10\/Klatreboenne-Neckargold.jpg?fit=1200%2C899&ssl=1&resize=350%2C200 1x, https:\/\/i0.wp.com\/dyrk-haven.dk\/wp-content\/uploads\/2025\/10\/Klatreboenne-Neckargold.jpg?fit=1200%2C899&ssl=1&resize=525%2C300 1.5x, https:\/\/i0.wp.com\/dyrk-haven.dk\/wp-content\/uploads\/2025\/10\/Klatreboenne-Neckargold.jpg?fit=1200%2C899&ssl=1&resize=700%2C400 2x, https:\/\/i0.wp.com\/dyrk-haven.dk\/wp-content\/uploads\/2025\/10\/Klatreboenne-Neckargold.jpg?fit=1200%2C899&ssl=1&resize=1050%2C600 3x"},"classes":[]},{"id":2598,"url":"https:\/\/dyrk-haven.dk\/index.php\/vare\/hesteboenne-karmazyn\/","url_meta":{"origin":2614,"position":1},"title":"Hesteb\u00f8nne Karmazyn","author":"S\u00f8rensen","date":"oktober 31, 2025","format":false,"excerpt":"Vicia Faba L Karmazyn er en middeltidlig, traditionel hesteb\u00f8nnesort, der giver et us\u00e6dvanligt rigeligt udbytte. Planten n\u00e5r en h\u00f8jde p\u00e5 60-80 cm og er s\u00e6rligt v\u00e6rdsat for sine b\u00e6lge, der indeholder 3-5 store fr\u00f8 af en unik og smuk karminr\u00f8d farve. De modnes ensartet, og planten er tolerant over for\u2026","rel":"","context":"Similar post","block_context":{"text":"Similar post","link":""},"img":{"alt_text":"","src":"https:\/\/i0.wp.com\/dyrk-haven.dk\/wp-content\/uploads\/2025\/10\/Favaboenne-Karmazyn.jpg?fit=381%2C345&ssl=1&resize=350%2C200","width":350,"height":200},"classes":[]},{"id":2612,"url":"https:\/\/dyrk-haven.dk\/index.php\/vare\/solsikke-lemon-queen\/","url_meta":{"origin":2614,"position":2},"title":"Solsikke Lemon Queen","author":"S\u00f8rensen","date":"november 2, 2025","format":false,"excerpt":"Helianthus annuus L Lemon Queen\u00a0er en yndig et\u00e5rig solsikke, der vokser til en h\u00f8jde p\u00e5 100 til 150 cm. Sorten er elegant og producerer smukke, lysegule blomster med en flot, brun midte. Hver stiv stilk b\u00e6rer \u00e9n stor blomst, hvilket g\u00f8r dem perfekte til dekoration. Lemon Queen er ideel som\u2026","rel":"","context":"Similar post","block_context":{"text":"Similar post","link":""},"img":{"alt_text":"","src":"https:\/\/i0.wp.com\/dyrk-haven.dk\/wp-content\/uploads\/2025\/11\/Solsikke-Lemon-Queen.jpg?fit=945%2C922&ssl=1&resize=350%2C200","width":350,"height":200,"srcset":"https:\/\/i0.wp.com\/dyrk-haven.dk\/wp-content\/uploads\/2025\/11\/Solsikke-Lemon-Queen.jpg?fit=945%2C922&ssl=1&resize=350%2C200 1x, https:\/\/i0.wp.com\/dyrk-haven.dk\/wp-content\/uploads\/2025\/11\/Solsikke-Lemon-Queen.jpg?fit=945%2C922&ssl=1&resize=525%2C300 1.5x, https:\/\/i0.wp.com\/dyrk-haven.dk\/wp-content\/uploads\/2025\/11\/Solsikke-Lemon-Queen.jpg?fit=945%2C922&ssl=1&resize=700%2C400 2x"},"classes":[]},{"id":2608,"url":"https:\/\/dyrk-haven.dk\/index.php\/vare\/mikrogroent-koriander\/","url_meta":{"origin":2614,"position":3},"title":"Mikrogr\u00f8nt Koriander","author":"S\u00f8rensen","date":"oktober 31, 2025","format":false,"excerpt":"Disse fr\u00f8 er specialudvalgt til dyrkning af Koriander mikrogr\u00f8nt, hvilket er et nemt alternativ til traditionelle krydderurter. De unge skud h\u00f8stes kort tid efter, de f\u00f8rste rigtige blade har foldet sig ud, og har en utrolig aromatisk duft og unik smag. Mikrogr\u00f8nt tilf\u00f8jer et dekorativt udtryk og en intens smagsoplevelse\u2026","rel":"","context":"Similar post","block_context":{"text":"Similar post","link":""},"img":{"alt_text":"","src":"https:\/\/i0.wp.com\/dyrk-haven.dk\/wp-content\/uploads\/2025\/10\/Mikrogroent-scaled.jpeg?fit=1200%2C673&ssl=1&resize=350%2C200","width":350,"height":200,"srcset":"https:\/\/i0.wp.com\/dyrk-haven.dk\/wp-content\/uploads\/2025\/10\/Mikrogroent-scaled.jpeg?fit=1200%2C673&ssl=1&resize=350%2C200 1x, https:\/\/i0.wp.com\/dyrk-haven.dk\/wp-content\/uploads\/2025\/10\/Mikrogroent-scaled.jpeg?fit=1200%2C673&ssl=1&resize=525%2C300 1.5x, https:\/\/i0.wp.com\/dyrk-haven.dk\/wp-content\/uploads\/2025\/10\/Mikrogroent-scaled.jpeg?fit=1200%2C673&ssl=1&resize=700%2C400 2x, https:\/\/i0.wp.com\/dyrk-haven.dk\/wp-content\/uploads\/2025\/10\/Mikrogroent-scaled.jpeg?fit=1200%2C673&ssl=1&resize=1050%2C600 3x"},"classes":[]},{"id":2627,"url":"https:\/\/dyrk-haven.dk\/index.php\/vare\/mikrogroent-groen-basilikum\/","url_meta":{"origin":2614,"position":4},"title":"Mikrogr\u00f8nt Gr\u00f8n Basilikum","author":"S\u00f8rensen","date":"november 5, 2025","format":false,"excerpt":"Disse fr\u00f8 er specialudvalgt til dyrkning af gr\u00f8n basilikum mikrogr\u00f8nt, hvilket er et nemt alternativ til traditionelle krydderurter. De unge skud h\u00f8stes kort tid efter, de f\u00f8rste rigtige blade har foldet sig ud, og har en utrolig aromatisk duft og unik smag. Mikrogr\u00f8nt tilf\u00f8jer et dekorativt udtryk og en intens\u2026","rel":"","context":"Similar post","block_context":{"text":"Similar post","link":""},"img":{"alt_text":"","src":"https:\/\/i0.wp.com\/dyrk-haven.dk\/wp-content\/uploads\/2025\/10\/Mikrogroent-scaled.jpeg?fit=1200%2C673&ssl=1&resize=350%2C200","width":350,"height":200,"srcset":"https:\/\/i0.wp.com\/dyrk-haven.dk\/wp-content\/uploads\/2025\/10\/Mikrogroent-scaled.jpeg?fit=1200%2C673&ssl=1&resize=350%2C200 1x, https:\/\/i0.wp.com\/dyrk-haven.dk\/wp-content\/uploads\/2025\/10\/Mikrogroent-scaled.jpeg?fit=1200%2C673&ssl=1&resize=525%2C300 1.5x, https:\/\/i0.wp.com\/dyrk-haven.dk\/wp-content\/uploads\/2025\/10\/Mikrogroent-scaled.jpeg?fit=1200%2C673&ssl=1&resize=700%2C400 2x, https:\/\/i0.wp.com\/dyrk-haven.dk\/wp-content\/uploads\/2025\/10\/Mikrogroent-scaled.jpeg?fit=1200%2C673&ssl=1&resize=1050%2C600 3x"},"classes":[]},{"id":2610,"url":"https:\/\/dyrk-haven.dk\/index.php\/vare\/citronmelisse\/","url_meta":{"origin":2614,"position":5},"title":"Citronmelisse","author":"S\u00f8rensen","date":"oktober 31, 2025","format":false,"excerpt":"Melissa officinalis Citronmelisse er en uundv\u00e6rlig fler\u00e5rig krydder- og l\u00e6geplante, der bringer en frisk, opl\u00f8ftende duft til enhver have. Planten er kendt for sin tydelige citronaroma, som findes i b\u00e5de bladene og spidserne af de unge skud. Citronmelisse er alsidig i k\u00f8kkenet; brug den til at lave beroligende urtete, eller\u2026","rel":"","context":"Similar post","block_context":{"text":"Similar post","link":""},"img":{"alt_text":"","src":"https:\/\/i0.wp.com\/dyrk-haven.dk\/wp-content\/uploads\/2025\/10\/Citronmelisse.jpg?fit=945%2C920&ssl=1&resize=350%2C200","width":350,"height":200,"srcset":"https:\/\/i0.wp.com\/dyrk-haven.dk\/wp-content\/uploads\/2025\/10\/Citronmelisse.jpg?fit=945%2C920&ssl=1&resize=350%2C200 1x, https:\/\/i0.wp.com\/dyrk-haven.dk\/wp-content\/uploads\/2025\/10\/Citronmelisse.jpg?fit=945%2C920&ssl=1&resize=525%2C300 1.5x, https:\/\/i0.wp.com\/dyrk-haven.dk\/wp-content\/uploads\/2025\/10\/Citronmelisse.jpg?fit=945%2C920&ssl=1&resize=700%2C400 2x"},"classes":[]}],"jetpack_sharing_enabled":true,"_links":{"self":[{"href":"https:\/\/dyrk-haven.dk\/index.php\/wp-json\/wp\/v2\/product\/2614","targetHints":{"allow":["GET"]}}],"collection":[{"href":"https:\/\/dyrk-haven.dk\/index.php\/wp-json\/wp\/v2\/product"}],"about":[{"href":"https:\/\/dyrk-haven.dk\/index.php\/wp-json\/wp\/v2\/types\/product"}],"replies":[{"embeddable":true,"href":"https:\/\/dyrk-haven.dk\/index.php\/wp-json\/wp\/v2\/comments?post=2614"}],"wp:featuredmedia":[{"embeddable":true,"href":"https:\/\/dyrk-haven.dk\/index.php\/wp-json\/wp\/v2\/media\/2615"}],"wp:attachment":[{"href":"https:\/\/dyrk-haven.dk\/index.php\/wp-json\/wp\/v2\/media?parent=2614"}],"wp:term":[{"taxonomy":"product_brand","embeddable":true,"href":"https:\/\/dyrk-haven.dk\/index.php\/wp-json\/wp\/v2\/product_brand?post=2614"},{"taxonomy":"product_cat","embeddable":true,"href":"https:\/\/dyrk-haven.dk\/index.php\/wp-json\/wp\/v2\/product_cat?post=2614"},{"taxonomy":"product_tag","embeddable":true,"href":"https:\/\/dyrk-haven.dk\/index.php\/wp-json\/wp\/v2\/product_tag?post=2614"}],"curies":[{"name":"wp","href":"https:\/\/api.w.org\/{rel}","templated":true}]}}