{"id":2610,"date":"2025-10-31T16:40:36","date_gmt":"2025-10-31T15:40:36","guid":{"rendered":"https:\/\/dyrk-haven.dk\/?post_type=product&#038;p=2610"},"modified":"2025-10-31T16:43:13","modified_gmt":"2025-10-31T15:43:13","slug":"citronmelisse","status":"publish","type":"product","link":"https:\/\/dyrk-haven.dk\/index.php\/vare\/citronmelisse\/","title":{"rendered":"Citronmelisse"},"content":{"rendered":"<p><em>Melissa officinalis<\/em><\/p>\n<p>Citronmelisse er en uundv\u00e6rlig fler\u00e5rig krydder- og l\u00e6geplante, der bringer en frisk, opl\u00f8ftende duft til enhver have. Planten er kendt for sin tydelige citronaroma, som findes i b\u00e5de bladene og spidserne af de unge skud. Citronmelisse er alsidig i k\u00f8kkenet; brug den til at lave beroligende urtete, eller tils\u00e6t de friske blade til salater, hytteost, gr\u00f8ntsagsretter og k\u00f8d for et let, syrligt pift. Den blomstrer smukt fra juli til september.<\/p>\n<hr \/>\n<p><b>S\u00e5- og Dyrkningsvejledning:<\/b><\/p>\n<ul>\n<li><b>S\u00e5dybde:<\/b> 0,5 cm (s\u00e5s meget overfladisk).<\/li>\n<li><b>S\u00e5tid i drivhus\/vindueskarm:<\/b> Marts \u2013 April.<\/li>\n<li><b>Udplantning af sm\u00e5planter:<\/b> 20. Maj \u2013 Juni (n\u00e5r risiko for nattefrost er ovre).<\/li>\n<li><b>Planteafstand:<\/b> 40 x 40 cm.<\/li>\n<li><b>Blomstringsperiode:<\/b> Juli \u2013 September.<\/li>\n<\/ul>\n<hr \/>\n<p>Ca. 220 fr\u00f8<\/p>\n<p>Leverand\u00f8r: Premium Seeds<\/p>\n","protected":false},"excerpt":{"rendered":"<p>Melissa officinalis Citronmelisse er en uundv\u00e6rlig fler\u00e5rig krydder- og l\u00e6geplante, der bringer en frisk, opl\u00f8ftende duft til enhver have. Planten er kendt for sin tydelige citronaroma, som findes i b\u00e5de bladene og spidserne af de unge skud. Citronmelisse er alsidig i k\u00f8kkenet; brug den til at lave beroligende urtete, eller tils\u00e6t de friske blade til&hellip;&nbsp;<a href=\"https:\/\/dyrk-haven.dk\/index.php\/vare\/citronmelisse\/\" rel=\"bookmark\"><span class=\"screen-reader-text\">Citronmelisse<\/span><\/a><\/p>\n","protected":false},"featured_media":2611,"comment_status":"open","ping_status":"closed","template":"","meta":{"neve_meta_sidebar":"","neve_meta_container":"","neve_meta_enable_content_width":"off","neve_meta_content_width":100,"neve_meta_title_alignment":"","neve_meta_author_avatar":"","neve_post_elements_order":"","neve_meta_disable_header":"","neve_meta_disable_footer":"","neve_meta_disable_title":"","jetpack_post_was_ever_published":false},"product_brand":[],"product_cat":[22,282],"product_tag":[33,55],"class_list":{"0":"post-2610","1":"product","2":"type-product","3":"status-publish","4":"has-post-thumbnail","6":"product_cat-groent","7":"product_cat-krydderurter","8":"product_tag-laegeplante","9":"product_tag-spiselig","11":"first","12":"instock","13":"shipping-taxable","14":"purchasable","15":"product-type-simple"},"jetpack-related-posts":[{"id":2630,"url":"https:\/\/dyrk-haven.dk\/index.php\/vare\/loevstikke\/","url_meta":{"origin":2610,"position":0},"title":"L\u00f8vstikke","author":"S\u00f8rensen","date":"november 5, 2025","format":false,"excerpt":"Levisticum officinale L\u00f8vstikke\u00a0er en kraftig fler\u00e5rig urt, der er kendt som \"Maggi-urten\" p\u00e5 grund af sin intense aroma. Planten kan blive op til hele 200 cm h\u00f8j og er en imponerende tilf\u00f8jelse til enhver k\u00f8kkenhave. Den har en st\u00e6rk, krydret smag og duft, som stammer fra de m\u00f8rkegr\u00f8nne blade, jordst\u00e6ngler\u2026","rel":"","context":"Similar post","block_context":{"text":"Similar post","link":""},"img":{"alt_text":"","src":"https:\/\/i0.wp.com\/dyrk-haven.dk\/wp-content\/uploads\/2025\/11\/Loevstikke.jpg?fit=945%2C926&ssl=1&resize=350%2C200","width":350,"height":200,"srcset":"https:\/\/i0.wp.com\/dyrk-haven.dk\/wp-content\/uploads\/2025\/11\/Loevstikke.jpg?fit=945%2C926&ssl=1&resize=350%2C200 1x, https:\/\/i0.wp.com\/dyrk-haven.dk\/wp-content\/uploads\/2025\/11\/Loevstikke.jpg?fit=945%2C926&ssl=1&resize=525%2C300 1.5x, https:\/\/i0.wp.com\/dyrk-haven.dk\/wp-content\/uploads\/2025\/11\/Loevstikke.jpg?fit=945%2C926&ssl=1&resize=700%2C400 2x"},"classes":[]},{"id":2628,"url":"https:\/\/dyrk-haven.dk\/index.php\/vare\/salvie\/","url_meta":{"origin":2610,"position":1},"title":"Salvie","author":"S\u00f8rensen","date":"november 5, 2025","format":false,"excerpt":"Salvia officinalis Salvie er en fler\u00e5rig krydderurt, der vokser til en h\u00f8jde p\u00e5 50 til 80 cm. Planten er nem at kende p\u00e5 sine karakteristiske blade og st\u00e6ngler, som er t\u00e6t d\u00e6kket af h\u00e5r, og i blomstringsperioden prydes den af smukke, bl\u00e5-lilla blomster med en behagelig duft. Salvie er en\u2026","rel":"","context":"Similar post","block_context":{"text":"Similar post","link":""},"img":{"alt_text":"","src":"https:\/\/i0.wp.com\/dyrk-haven.dk\/wp-content\/uploads\/2025\/11\/Salvie.jpg?fit=945%2C933&ssl=1&resize=350%2C200","width":350,"height":200,"srcset":"https:\/\/i0.wp.com\/dyrk-haven.dk\/wp-content\/uploads\/2025\/11\/Salvie.jpg?fit=945%2C933&ssl=1&resize=350%2C200 1x, https:\/\/i0.wp.com\/dyrk-haven.dk\/wp-content\/uploads\/2025\/11\/Salvie.jpg?fit=945%2C933&ssl=1&resize=525%2C300 1.5x, https:\/\/i0.wp.com\/dyrk-haven.dk\/wp-content\/uploads\/2025\/11\/Salvie.jpg?fit=945%2C933&ssl=1&resize=700%2C400 2x"},"classes":[]},{"id":2603,"url":"https:\/\/dyrk-haven.dk\/index.php\/vare\/hjulkrone-blaa\/","url_meta":{"origin":2610,"position":2},"title":"Hjulkrone bl\u00e5","author":"S\u00f8rensen","date":"oktober 31, 2025","format":false,"excerpt":"Borago officinalis Hjulkrone\u00a0er en letdyrkelig, et\u00e5rig krydderurt, der kombinerer dekorativ sk\u00f8nhed med bred anvendelse. B\u00e5de plantens blade og st\u00e6ngler har en frisk duft og syrlig smag af agurk, som giver et unikt pift til salater, supper og sommerdrinks. Ud over det kulinariske tiltr\u00e6kker de smukke, himmelbl\u00e5 stjerneblomster nyttige best\u00f8vere til\u2026","rel":"","context":"Similar post","block_context":{"text":"Similar post","link":""},"img":{"alt_text":"","src":"https:\/\/i0.wp.com\/dyrk-haven.dk\/wp-content\/uploads\/2025\/10\/Hjulkrone-blaa.jpg?fit=974%2C878&ssl=1&resize=350%2C200","width":350,"height":200,"srcset":"https:\/\/i0.wp.com\/dyrk-haven.dk\/wp-content\/uploads\/2025\/10\/Hjulkrone-blaa.jpg?fit=974%2C878&ssl=1&resize=350%2C200 1x, https:\/\/i0.wp.com\/dyrk-haven.dk\/wp-content\/uploads\/2025\/10\/Hjulkrone-blaa.jpg?fit=974%2C878&ssl=1&resize=525%2C300 1.5x, https:\/\/i0.wp.com\/dyrk-haven.dk\/wp-content\/uploads\/2025\/10\/Hjulkrone-blaa.jpg?fit=974%2C878&ssl=1&resize=700%2C400 2x"},"classes":[]},{"id":2606,"url":"https:\/\/dyrk-haven.dk\/index.php\/vare\/kruspersille-gigante-ditalia\/","url_meta":{"origin":2610,"position":3},"title":"Kruspersille Gigante D&#8217;Italia","author":"S\u00f8rensen","date":"oktober 31, 2025","format":false,"excerpt":"Petroselinum crispum L Gigante D\u2019Italia er en hurtigt voksende og meget produktiv persillesort, der er kendt for sine imponerende, store blade. Planten bliver op til 40 cm h\u00f8j og udvikler glatte, levende gr\u00f8nne og meget aromatiske blade. Den kan dyrkes hele s\u00e6sonen og er perfekt, n\u00e5r du \u00f8nsker et stort\u2026","rel":"","context":"Similar post","block_context":{"text":"Similar post","link":""},"img":{"alt_text":"","src":"https:\/\/i0.wp.com\/dyrk-haven.dk\/wp-content\/uploads\/2025\/10\/Persille-Gigante-Italia.jpg?fit=945%2C932&ssl=1&resize=350%2C200","width":350,"height":200,"srcset":"https:\/\/i0.wp.com\/dyrk-haven.dk\/wp-content\/uploads\/2025\/10\/Persille-Gigante-Italia.jpg?fit=945%2C932&ssl=1&resize=350%2C200 1x, https:\/\/i0.wp.com\/dyrk-haven.dk\/wp-content\/uploads\/2025\/10\/Persille-Gigante-Italia.jpg?fit=945%2C932&ssl=1&resize=525%2C300 1.5x, https:\/\/i0.wp.com\/dyrk-haven.dk\/wp-content\/uploads\/2025\/10\/Persille-Gigante-Italia.jpg?fit=945%2C932&ssl=1&resize=700%2C400 2x"},"classes":[]},{"id":2642,"url":"https:\/\/dyrk-haven.dk\/index.php\/vare\/graesk-oregano\/","url_meta":{"origin":2610,"position":4},"title":"Gr\u00e6sk Oregano","author":"S\u00f8rensen","date":"november 5, 2025","format":false,"excerpt":"Origanum vulgare ssp. hirtum Gr\u00e6sk Oregano er en h\u00e5rdf\u00f8r fler\u00e5rig krydderurt, der bliver 30-50 cm h\u00f8j. Denne sort er kendt for sin markant st\u00e6rkere smag og aroma sammenlignet med almindelig oregano. De sm\u00e5 blade er en uundv\u00e6rlig smagsgiver og bruges is\u00e6r til at krydre italienske retter, samt til at give\u2026","rel":"","context":"Similar post","block_context":{"text":"Similar post","link":""},"img":{"alt_text":"","src":"https:\/\/i0.wp.com\/dyrk-haven.dk\/wp-content\/uploads\/2025\/11\/Graesk-oregano.jpg?fit=945%2C911&ssl=1&resize=350%2C200","width":350,"height":200,"srcset":"https:\/\/i0.wp.com\/dyrk-haven.dk\/wp-content\/uploads\/2025\/11\/Graesk-oregano.jpg?fit=945%2C911&ssl=1&resize=350%2C200 1x, https:\/\/i0.wp.com\/dyrk-haven.dk\/wp-content\/uploads\/2025\/11\/Graesk-oregano.jpg?fit=945%2C911&ssl=1&resize=525%2C300 1.5x, https:\/\/i0.wp.com\/dyrk-haven.dk\/wp-content\/uploads\/2025\/11\/Graesk-oregano.jpg?fit=945%2C911&ssl=1&resize=700%2C400 2x"},"classes":[]},{"id":2621,"url":"https:\/\/dyrk-haven.dk\/index.php\/vare\/solsikke-teddy-bear\/","url_meta":{"origin":2610,"position":5},"title":"Solsikke Teddy Bear","author":"S\u00f8rensen","date":"november 5, 2025","format":false,"excerpt":"Helianthus annuus L Teddy Bear\u00a0er en bed\u00e5rende,\u00a0lavt voksende et\u00e5rig solsikke,\u00a0der kun bliver 50-60 cm h\u00f8j.\u00a0Denne sort er unik,\u00a0fordi den producerer\u00a0helt dobbelte, store, gule blomster med en diameter p\u00e5 op til 20 cm. Det\u00a0giver dem et fyldigt, plysset udseende \u2013 deraf navnet Teddy Bear. Den udvikler opretst\u00e5ende st\u00e6ngler og er perfekt\u2026","rel":"","context":"Similar post","block_context":{"text":"Similar post","link":""},"img":{"alt_text":"","src":"https:\/\/i0.wp.com\/dyrk-haven.dk\/wp-content\/uploads\/2025\/11\/Solsikke-Teddy-Bear.jpg?fit=945%2C925&ssl=1&resize=350%2C200","width":350,"height":200,"srcset":"https:\/\/i0.wp.com\/dyrk-haven.dk\/wp-content\/uploads\/2025\/11\/Solsikke-Teddy-Bear.jpg?fit=945%2C925&ssl=1&resize=350%2C200 1x, https:\/\/i0.wp.com\/dyrk-haven.dk\/wp-content\/uploads\/2025\/11\/Solsikke-Teddy-Bear.jpg?fit=945%2C925&ssl=1&resize=525%2C300 1.5x, https:\/\/i0.wp.com\/dyrk-haven.dk\/wp-content\/uploads\/2025\/11\/Solsikke-Teddy-Bear.jpg?fit=945%2C925&ssl=1&resize=700%2C400 2x"},"classes":[]}],"jetpack_sharing_enabled":true,"_links":{"self":[{"href":"https:\/\/dyrk-haven.dk\/index.php\/wp-json\/wp\/v2\/product\/2610","targetHints":{"allow":["GET"]}}],"collection":[{"href":"https:\/\/dyrk-haven.dk\/index.php\/wp-json\/wp\/v2\/product"}],"about":[{"href":"https:\/\/dyrk-haven.dk\/index.php\/wp-json\/wp\/v2\/types\/product"}],"replies":[{"embeddable":true,"href":"https:\/\/dyrk-haven.dk\/index.php\/wp-json\/wp\/v2\/comments?post=2610"}],"wp:featuredmedia":[{"embeddable":true,"href":"https:\/\/dyrk-haven.dk\/index.php\/wp-json\/wp\/v2\/media\/2611"}],"wp:attachment":[{"href":"https:\/\/dyrk-haven.dk\/index.php\/wp-json\/wp\/v2\/media?parent=2610"}],"wp:term":[{"taxonomy":"product_brand","embeddable":true,"href":"https:\/\/dyrk-haven.dk\/index.php\/wp-json\/wp\/v2\/product_brand?post=2610"},{"taxonomy":"product_cat","embeddable":true,"href":"https:\/\/dyrk-haven.dk\/index.php\/wp-json\/wp\/v2\/product_cat?post=2610"},{"taxonomy":"product_tag","embeddable":true,"href":"https:\/\/dyrk-haven.dk\/index.php\/wp-json\/wp\/v2\/product_tag?post=2610"}],"curies":[{"name":"wp","href":"https:\/\/api.w.org\/{rel}","templated":true}]}}