{"id":2600,"date":"2025-10-31T12:08:33","date_gmt":"2025-10-31T11:08:33","guid":{"rendered":"https:\/\/dyrk-haven.dk\/?post_type=product&#038;p=2600"},"modified":"2025-10-31T12:41:18","modified_gmt":"2025-10-31T11:41:18","slug":"solsikke-henry-wilde","status":"publish","type":"product","link":"https:\/\/dyrk-haven.dk\/index.php\/vare\/solsikke-henry-wilde\/","title":{"rendered":"Solsikke Henry Wilde"},"content":{"rendered":"<p><em>Helianthus annuus L<\/em><\/p>\n<p>Henry Wilde er en imponerende et\u00e5rig solsikke, der hurtigt skyder i vejret og n\u00e5r op til 200 cm i h\u00f8jden. Denne klassiker udvikler k\u00e6mpestore, str\u00e5lende gule blomster med en markant brun midte, der spreder solskin over hele haven. Solsikken er hurtigtvoksende og ideel til at skabe en dramatisk baggrund i blomsterbedet, langs hegn og mure, eller som en imponerende snitblomst i store vaser.<\/p>\n<hr \/>\n<p><b>S\u00e5- og Dyrkningsvejledning:<\/b><\/p>\n<ul>\n<li><b>S\u00e5dybde:<\/b> 1 \u2013 2 cm.<\/li>\n<li><b>S\u00e5tid udend\u00f8rs:<\/b> April \u2013 Juni (n\u00e5r risikoen for frost er ovre).<\/li>\n<li><b>Planteafstand:<\/b> 50 x 40 cm.<\/li>\n<li><b>Blomstringsperiode:<\/b> Juli \u2013 September.<\/li>\n<\/ul>\n<hr \/>\n<p>Ca. 55 fr\u00f8<\/p>\n<p>Leverand\u00f8r: Premium Seeds<\/p>\n","protected":false},"excerpt":{"rendered":"<p>Helianthus annuus L Henry Wilde er en imponerende et\u00e5rig solsikke, der hurtigt skyder i vejret og n\u00e5r op til 200 cm i h\u00f8jden. Denne klassiker udvikler k\u00e6mpestore, str\u00e5lende gule blomster med en markant brun midte, der spreder solskin over hele haven. Solsikken er hurtigtvoksende og ideel til at skabe en dramatisk baggrund i blomsterbedet, langs&hellip;&nbsp;<a href=\"https:\/\/dyrk-haven.dk\/index.php\/vare\/solsikke-henry-wilde\/\" rel=\"bookmark\"><span class=\"screen-reader-text\">Solsikke Henry Wilde<\/span><\/a><\/p>\n","protected":false},"featured_media":2601,"comment_status":"open","ping_status":"closed","template":"","meta":{"neve_meta_sidebar":"","neve_meta_container":"","neve_meta_enable_content_width":"off","neve_meta_content_width":100,"neve_meta_title_alignment":"","neve_meta_author_avatar":"","neve_post_elements_order":"","neve_meta_disable_header":"","neve_meta_disable_footer":"","neve_meta_disable_title":"","jetpack_post_was_ever_published":false},"product_brand":[],"product_cat":[25,451,389],"product_tag":[458,37,55],"class_list":{"0":"post-2600","1":"product","2":"type-product","3":"status-publish","4":"has-post-thumbnail","6":"product_cat-blomster","7":"product_cat-etaarig","8":"product_cat-solsikker","9":"product_tag-hoejde-150-200-cm","10":"product_tag-snitblomst","11":"product_tag-spiselig","13":"first","14":"instock","15":"shipping-taxable","16":"purchasable","17":"product-type-simple"},"jetpack-related-posts":[{"id":2623,"url":"https:\/\/dyrk-haven.dk\/index.php\/vare\/solsikke-moulin-rouge\/","url_meta":{"origin":2600,"position":0},"title":"Solsikke Moulin Rouge","author":"S\u00f8rensen","date":"november 5, 2025","format":false,"excerpt":"Helianthus annuus L Moulin Rouge\u00a0er en sl\u00e5ende, et\u00e5rig solsikke, der tilf\u00f8jer dybde og drama til haven. Planten bliver imponerende 150 til 180 cm h\u00f8j. Denne sort skiller sig ud ved at producere stive st\u00e6ngler, som \u00f8verst prydes af pragtfulde, m\u00f8rker\u00f8de blomster med en endnu m\u00f8rkere midte. Den er perfekt som\u2026","rel":"","context":"Similar post","block_context":{"text":"Similar post","link":""},"img":{"alt_text":"","src":"https:\/\/i0.wp.com\/dyrk-haven.dk\/wp-content\/uploads\/2025\/11\/Solsikke-Moulin-Rouge.jpg?fit=945%2C922&ssl=1&resize=350%2C200","width":350,"height":200,"srcset":"https:\/\/i0.wp.com\/dyrk-haven.dk\/wp-content\/uploads\/2025\/11\/Solsikke-Moulin-Rouge.jpg?fit=945%2C922&ssl=1&resize=350%2C200 1x, https:\/\/i0.wp.com\/dyrk-haven.dk\/wp-content\/uploads\/2025\/11\/Solsikke-Moulin-Rouge.jpg?fit=945%2C922&ssl=1&resize=525%2C300 1.5x, https:\/\/i0.wp.com\/dyrk-haven.dk\/wp-content\/uploads\/2025\/11\/Solsikke-Moulin-Rouge.jpg?fit=945%2C922&ssl=1&resize=700%2C400 2x"},"classes":[]},{"id":2612,"url":"https:\/\/dyrk-haven.dk\/index.php\/vare\/solsikke-lemon-queen\/","url_meta":{"origin":2600,"position":1},"title":"Solsikke Lemon Queen","author":"S\u00f8rensen","date":"november 2, 2025","format":false,"excerpt":"Helianthus annuus L Lemon Queen\u00a0er en yndig et\u00e5rig solsikke, der vokser til en h\u00f8jde p\u00e5 100 til 150 cm. Sorten er elegant og producerer smukke, lysegule blomster med en flot, brun midte. Hver stiv stilk b\u00e6rer \u00e9n stor blomst, hvilket g\u00f8r dem perfekte til dekoration. Lemon Queen er ideel som\u2026","rel":"","context":"Similar post","block_context":{"text":"Similar post","link":""},"img":{"alt_text":"","src":"https:\/\/i0.wp.com\/dyrk-haven.dk\/wp-content\/uploads\/2025\/11\/Solsikke-Lemon-Queen.jpg?fit=945%2C922&ssl=1&resize=350%2C200","width":350,"height":200,"srcset":"https:\/\/i0.wp.com\/dyrk-haven.dk\/wp-content\/uploads\/2025\/11\/Solsikke-Lemon-Queen.jpg?fit=945%2C922&ssl=1&resize=350%2C200 1x, https:\/\/i0.wp.com\/dyrk-haven.dk\/wp-content\/uploads\/2025\/11\/Solsikke-Lemon-Queen.jpg?fit=945%2C922&ssl=1&resize=525%2C300 1.5x, https:\/\/i0.wp.com\/dyrk-haven.dk\/wp-content\/uploads\/2025\/11\/Solsikke-Lemon-Queen.jpg?fit=945%2C922&ssl=1&resize=700%2C400 2x"},"classes":[]},{"id":2625,"url":"https:\/\/dyrk-haven.dk\/index.php\/vare\/solsikke-italian-green-heart\/","url_meta":{"origin":2600,"position":2},"title":"Solsikke Italian Green Heart","author":"S\u00f8rensen","date":"november 5, 2025","format":false,"excerpt":"Helianthus debilis L Italian Green Heart' er en yndefuld, et\u00e5rig solsikke der vokser til en h\u00f8jde p\u00e5 100 til 120 cm. Denne sort skaber en fyldig effekt, da den danner forgrenede skud, der breder sig temmelig bredt. Planten b\u00e6rer talrige, smukke, cremehvide blomster med en lysende gul\/gylden midte, hvilket giver\u2026","rel":"","context":"Similar post","block_context":{"text":"Similar post","link":""},"img":{"alt_text":"","src":"https:\/\/i0.wp.com\/dyrk-haven.dk\/wp-content\/uploads\/2025\/11\/Solsikke-Italian-Green-Heart.jpg?fit=945%2C922&ssl=1&resize=350%2C200","width":350,"height":200,"srcset":"https:\/\/i0.wp.com\/dyrk-haven.dk\/wp-content\/uploads\/2025\/11\/Solsikke-Italian-Green-Heart.jpg?fit=945%2C922&ssl=1&resize=350%2C200 1x, https:\/\/i0.wp.com\/dyrk-haven.dk\/wp-content\/uploads\/2025\/11\/Solsikke-Italian-Green-Heart.jpg?fit=945%2C922&ssl=1&resize=525%2C300 1.5x, https:\/\/i0.wp.com\/dyrk-haven.dk\/wp-content\/uploads\/2025\/11\/Solsikke-Italian-Green-Heart.jpg?fit=945%2C922&ssl=1&resize=700%2C400 2x"},"classes":[]},{"id":2621,"url":"https:\/\/dyrk-haven.dk\/index.php\/vare\/solsikke-teddy-bear\/","url_meta":{"origin":2600,"position":3},"title":"Solsikke Teddy Bear","author":"S\u00f8rensen","date":"november 5, 2025","format":false,"excerpt":"Helianthus annuus L Teddy Bear\u00a0er en bed\u00e5rende,\u00a0lavt voksende et\u00e5rig solsikke,\u00a0der kun bliver 50-60 cm h\u00f8j.\u00a0Denne sort er unik,\u00a0fordi den producerer\u00a0helt dobbelte, store, gule blomster med en diameter p\u00e5 op til 20 cm. Det\u00a0giver dem et fyldigt, plysset udseende \u2013 deraf navnet Teddy Bear. Den udvikler opretst\u00e5ende st\u00e6ngler og er perfekt\u2026","rel":"","context":"Similar post","block_context":{"text":"Similar post","link":""},"img":{"alt_text":"","src":"https:\/\/i0.wp.com\/dyrk-haven.dk\/wp-content\/uploads\/2025\/11\/Solsikke-Teddy-Bear.jpg?fit=945%2C925&ssl=1&resize=350%2C200","width":350,"height":200,"srcset":"https:\/\/i0.wp.com\/dyrk-haven.dk\/wp-content\/uploads\/2025\/11\/Solsikke-Teddy-Bear.jpg?fit=945%2C925&ssl=1&resize=350%2C200 1x, https:\/\/i0.wp.com\/dyrk-haven.dk\/wp-content\/uploads\/2025\/11\/Solsikke-Teddy-Bear.jpg?fit=945%2C925&ssl=1&resize=525%2C300 1.5x, https:\/\/i0.wp.com\/dyrk-haven.dk\/wp-content\/uploads\/2025\/11\/Solsikke-Teddy-Bear.jpg?fit=945%2C925&ssl=1&resize=700%2C400 2x"},"classes":[]},{"id":2650,"url":"https:\/\/dyrk-haven.dk\/index.php\/vare\/pampasgraes-hvid\/","url_meta":{"origin":2600,"position":4},"title":"Pampasgr\u00e6s hvid","author":"S\u00f8rensen","date":"november 6, 2025","format":false,"excerpt":"Cortaderia selloana Pampasgr\u00e6s\u00a0er et storsl\u00e5et fler\u00e5rigt prydgr\u00e6s, der med sine tykke tuer af lange blade kan n\u00e5 en imponerende h\u00f8jde p\u00e5 100 til 200 cm. Planten er mest kendt for sine betagende, s\u00f8lv-hvide blomsterstande, som kan blive op til 50 cm lange. Disse fluffy toppe er perfekte til at skabe\u2026","rel":"","context":"Similar post","block_context":{"text":"Similar post","link":""},"img":{"alt_text":"","src":"https:\/\/i0.wp.com\/dyrk-haven.dk\/wp-content\/uploads\/2025\/11\/Pampasgraes-hvid.jpg?fit=830%2C738&ssl=1&resize=350%2C200","width":350,"height":200,"srcset":"https:\/\/i0.wp.com\/dyrk-haven.dk\/wp-content\/uploads\/2025\/11\/Pampasgraes-hvid.jpg?fit=830%2C738&ssl=1&resize=350%2C200 1x, https:\/\/i0.wp.com\/dyrk-haven.dk\/wp-content\/uploads\/2025\/11\/Pampasgraes-hvid.jpg?fit=830%2C738&ssl=1&resize=525%2C300 1.5x, https:\/\/i0.wp.com\/dyrk-haven.dk\/wp-content\/uploads\/2025\/11\/Pampasgraes-hvid.jpg?fit=830%2C738&ssl=1&resize=700%2C400 2x"},"classes":[]},{"id":2614,"url":"https:\/\/dyrk-haven.dk\/index.php\/vare\/klatreboenne-goldmarie\/","url_meta":{"origin":2600,"position":5},"title":"Klatreb\u00f8nne Goldmarie","author":"S\u00f8rensen","date":"november 2, 2025","format":false,"excerpt":"Phaseolus vulgaris L Goldmarie\u00a0er en fremragende, tidlig stangvoksende sort af Mammut-typen, som producerer et rigt udbytte. Planten n\u00e5r en imponerende h\u00f8jde p\u00e5 2,5-3 meter og kr\u00e6ver derfor st\u00f8tte (f.eks. p\u00e6le eller stativ). B\u00f8nnerne udvikler sig til lange, gule, brede og flade b\u00e6lge, der m\u00e5ler hele 20-25 cm. Disse b\u00e6lge er\u2026","rel":"","context":"Similar post","block_context":{"text":"Similar post","link":""},"img":{"alt_text":"","src":"https:\/\/i0.wp.com\/dyrk-haven.dk\/wp-content\/uploads\/2025\/11\/Stangboenne-Goldmarie.jpg?fit=1200%2C1154&ssl=1&resize=350%2C200","width":350,"height":200,"srcset":"https:\/\/i0.wp.com\/dyrk-haven.dk\/wp-content\/uploads\/2025\/11\/Stangboenne-Goldmarie.jpg?fit=1200%2C1154&ssl=1&resize=350%2C200 1x, https:\/\/i0.wp.com\/dyrk-haven.dk\/wp-content\/uploads\/2025\/11\/Stangboenne-Goldmarie.jpg?fit=1200%2C1154&ssl=1&resize=525%2C300 1.5x, https:\/\/i0.wp.com\/dyrk-haven.dk\/wp-content\/uploads\/2025\/11\/Stangboenne-Goldmarie.jpg?fit=1200%2C1154&ssl=1&resize=700%2C400 2x, https:\/\/i0.wp.com\/dyrk-haven.dk\/wp-content\/uploads\/2025\/11\/Stangboenne-Goldmarie.jpg?fit=1200%2C1154&ssl=1&resize=1050%2C600 3x"},"classes":[]}],"jetpack_sharing_enabled":true,"_links":{"self":[{"href":"https:\/\/dyrk-haven.dk\/index.php\/wp-json\/wp\/v2\/product\/2600","targetHints":{"allow":["GET"]}}],"collection":[{"href":"https:\/\/dyrk-haven.dk\/index.php\/wp-json\/wp\/v2\/product"}],"about":[{"href":"https:\/\/dyrk-haven.dk\/index.php\/wp-json\/wp\/v2\/types\/product"}],"replies":[{"embeddable":true,"href":"https:\/\/dyrk-haven.dk\/index.php\/wp-json\/wp\/v2\/comments?post=2600"}],"wp:featuredmedia":[{"embeddable":true,"href":"https:\/\/dyrk-haven.dk\/index.php\/wp-json\/wp\/v2\/media\/2601"}],"wp:attachment":[{"href":"https:\/\/dyrk-haven.dk\/index.php\/wp-json\/wp\/v2\/media?parent=2600"}],"wp:term":[{"taxonomy":"product_brand","embeddable":true,"href":"https:\/\/dyrk-haven.dk\/index.php\/wp-json\/wp\/v2\/product_brand?post=2600"},{"taxonomy":"product_cat","embeddable":true,"href":"https:\/\/dyrk-haven.dk\/index.php\/wp-json\/wp\/v2\/product_cat?post=2600"},{"taxonomy":"product_tag","embeddable":true,"href":"https:\/\/dyrk-haven.dk\/index.php\/wp-json\/wp\/v2\/product_tag?post=2600"}],"curies":[{"name":"wp","href":"https:\/\/api.w.org\/{rel}","templated":true}]}}