{"id":2598,"date":"2025-10-31T12:00:02","date_gmt":"2025-10-31T11:00:02","guid":{"rendered":"https:\/\/dyrk-haven.dk\/?post_type=product&#038;p=2598"},"modified":"2025-10-31T12:00:02","modified_gmt":"2025-10-31T11:00:02","slug":"hesteboenne-karmazyn","status":"publish","type":"product","link":"https:\/\/dyrk-haven.dk\/index.php\/vare\/hesteboenne-karmazyn\/","title":{"rendered":"Hesteb\u00f8nne Karmazyn"},"content":{"rendered":"<p><em>Vicia Faba L<\/em><\/p>\n<p>Karmazyn er en middeltidlig, traditionel hesteb\u00f8nnesort, der giver et us\u00e6dvanligt rigeligt udbytte. Planten n\u00e5r en h\u00f8jde p\u00e5 60-80 cm og er s\u00e6rligt v\u00e6rdsat for sine b\u00e6lge, der indeholder 3-5 store fr\u00f8 af en unik og smuk karminr\u00f8d farve. De modnes ensartet, og planten er tolerant over for chokoladebladplet. Med sin h\u00f8je smagsv\u00e6rdi er &#8216;Karmazyn&#8217; ideel til at spise direkte, frysning og konservering. Ekstra bonus: Nyd den store smag og den nemme udsmutning af b\u00f8nnerne fra b\u00e6lgene!<\/p>\n<hr \/>\n<p><b>S\u00e5- og H\u00f8stvejledning:<\/b><\/p>\n<ul>\n<li><b>S\u00e5dybde:<\/b> 4\u20136 cm (baseret p\u00e5 standard for hesteb\u00f8nner).<\/li>\n<li><b>S\u00e5tid:<\/b> F\u00f8rste halvdel af april (Tidligt for\u00e5r).<\/li>\n<li><b>Planteafstand:<\/b> 60 x 10 cm.<\/li>\n<li><b>Vegetationstid:<\/b> 80\u201390 dage.<\/li>\n<li><b>H\u00f8stperiode:<\/b> Anden halvdel af juli.<\/li>\n<\/ul>\n<hr \/>\n<p>Ca. 12 fr\u00f8<\/p>\n<p>Leverand\u00f8r: PNOS og Premium Seeds<\/p>\n","protected":false},"excerpt":{"rendered":"<p>Vicia Faba L Karmazyn er en middeltidlig, traditionel hesteb\u00f8nnesort, der giver et us\u00e6dvanligt rigeligt udbytte. Planten n\u00e5r en h\u00f8jde p\u00e5 60-80 cm og er s\u00e6rligt v\u00e6rdsat for sine b\u00e6lge, der indeholder 3-5 store fr\u00f8 af en unik og smuk karminr\u00f8d farve. De modnes ensartet, og planten er tolerant over for chokoladebladplet. Med sin h\u00f8je smagsv\u00e6rdi&hellip;&nbsp;<a href=\"https:\/\/dyrk-haven.dk\/index.php\/vare\/hesteboenne-karmazyn\/\" rel=\"bookmark\"><span class=\"screen-reader-text\">Hesteb\u00f8nne Karmazyn<\/span><\/a><\/p>\n","protected":false},"featured_media":2599,"comment_status":"open","ping_status":"closed","template":"","meta":{"neve_meta_sidebar":"","neve_meta_container":"","neve_meta_enable_content_width":"off","neve_meta_content_width":100,"neve_meta_title_alignment":"","neve_meta_author_avatar":"","neve_post_elements_order":"","neve_meta_disable_header":"","neve_meta_disable_footer":"","neve_meta_disable_title":"","jetpack_post_was_ever_published":false},"product_brand":[],"product_cat":[365,22],"product_tag":[54,55],"class_list":{"0":"post-2598","1":"product","2":"type-product","3":"status-publish","4":"has-post-thumbnail","6":"product_cat-boenne","7":"product_cat-groent","8":"product_tag-konservering","9":"product_tag-spiselig","11":"first","12":"instock","13":"shipping-taxable","14":"purchasable","15":"product-type-simple"},"jetpack-related-posts":[{"id":2635,"url":"https:\/\/dyrk-haven.dk\/index.php\/vare\/straablomst-gul\/","url_meta":{"origin":2598,"position":0},"title":"Str\u00e5blomst gul","author":"S\u00f8rensen","date":"november 5, 2025","format":false,"excerpt":"Helichrysum bracteatum Gul str\u00e5blomst er en elegant et\u00e5rig plante, der vokser til en h\u00f8jde p\u00e5 60 til 100 cm. Sorten udvikler lange, stive og slankt bekl\u00e6dte skud, som ender i store, str\u00e5lende gule blomsterhoveder. Disse blomster er ideelle til at tilf\u00f8re farve og tekstur til blomsterbede og er s\u00e6rligt v\u00e6rdsatte\u2026","rel":"","context":"Similar post","block_context":{"text":"Similar post","link":""},"img":{"alt_text":"","src":"https:\/\/i0.wp.com\/dyrk-haven.dk\/wp-content\/uploads\/2025\/11\/Straablomst-gul.jpg?fit=945%2C923&ssl=1&resize=350%2C200","width":350,"height":200,"srcset":"https:\/\/i0.wp.com\/dyrk-haven.dk\/wp-content\/uploads\/2025\/11\/Straablomst-gul.jpg?fit=945%2C923&ssl=1&resize=350%2C200 1x, https:\/\/i0.wp.com\/dyrk-haven.dk\/wp-content\/uploads\/2025\/11\/Straablomst-gul.jpg?fit=945%2C923&ssl=1&resize=525%2C300 1.5x, https:\/\/i0.wp.com\/dyrk-haven.dk\/wp-content\/uploads\/2025\/11\/Straablomst-gul.jpg?fit=945%2C923&ssl=1&resize=700%2C400 2x"},"classes":[]},{"id":2594,"url":"https:\/\/dyrk-haven.dk\/index.php\/vare\/pragtskaer\/","url_meta":{"origin":2598,"position":1},"title":"Pragtsk\u00e6r Pink","author":"S\u00f8rensen","date":"oktober 28, 2025","format":false,"excerpt":"Liatris spicata Denne smukke, fler\u00e5rige Pragtsk\u00e6r er et imponerende syn i haven. Den danner oprette v\u00e6kster, der str\u00e6kker sig 60-80 cm i h\u00f8jden. Plantens karakteristiske pink-lilla blomster samler sig i lange, slanke aks, som blomstrer fra toppen og ned. Som en nektarrig plante er Pragtsk\u00e6r Pink en magnet for sommerfugle,\u2026","rel":"","context":"Similar post","block_context":{"text":"Similar post","link":""},"img":{"alt_text":"","src":"https:\/\/i0.wp.com\/dyrk-haven.dk\/wp-content\/uploads\/2025\/10\/Pragtskaer-pink.jpg?fit=945%2C924&ssl=1&resize=350%2C200","width":350,"height":200,"srcset":"https:\/\/i0.wp.com\/dyrk-haven.dk\/wp-content\/uploads\/2025\/10\/Pragtskaer-pink.jpg?fit=945%2C924&ssl=1&resize=350%2C200 1x, https:\/\/i0.wp.com\/dyrk-haven.dk\/wp-content\/uploads\/2025\/10\/Pragtskaer-pink.jpg?fit=945%2C924&ssl=1&resize=525%2C300 1.5x, https:\/\/i0.wp.com\/dyrk-haven.dk\/wp-content\/uploads\/2025\/10\/Pragtskaer-pink.jpg?fit=945%2C924&ssl=1&resize=700%2C400 2x"},"classes":[]},{"id":2628,"url":"https:\/\/dyrk-haven.dk\/index.php\/vare\/salvie\/","url_meta":{"origin":2598,"position":2},"title":"Salvie","author":"S\u00f8rensen","date":"november 5, 2025","format":false,"excerpt":"Salvia officinalis Salvie er en fler\u00e5rig krydderurt, der vokser til en h\u00f8jde p\u00e5 50 til 80 cm. Planten er nem at kende p\u00e5 sine karakteristiske blade og st\u00e6ngler, som er t\u00e6t d\u00e6kket af h\u00e5r, og i blomstringsperioden prydes den af smukke, bl\u00e5-lilla blomster med en behagelig duft. Salvie er en\u2026","rel":"","context":"Similar post","block_context":{"text":"Similar post","link":""},"img":{"alt_text":"","src":"https:\/\/i0.wp.com\/dyrk-haven.dk\/wp-content\/uploads\/2025\/11\/Salvie.jpg?fit=945%2C933&ssl=1&resize=350%2C200","width":350,"height":200,"srcset":"https:\/\/i0.wp.com\/dyrk-haven.dk\/wp-content\/uploads\/2025\/11\/Salvie.jpg?fit=945%2C933&ssl=1&resize=350%2C200 1x, https:\/\/i0.wp.com\/dyrk-haven.dk\/wp-content\/uploads\/2025\/11\/Salvie.jpg?fit=945%2C933&ssl=1&resize=525%2C300 1.5x, https:\/\/i0.wp.com\/dyrk-haven.dk\/wp-content\/uploads\/2025\/11\/Salvie.jpg?fit=945%2C933&ssl=1&resize=700%2C400 2x"},"classes":[]},{"id":2650,"url":"https:\/\/dyrk-haven.dk\/index.php\/vare\/pampasgraes-hvid\/","url_meta":{"origin":2598,"position":3},"title":"Pampasgr\u00e6s hvid","author":"S\u00f8rensen","date":"november 6, 2025","format":false,"excerpt":"Cortaderia selloana Pampasgr\u00e6s\u00a0er et storsl\u00e5et fler\u00e5rigt prydgr\u00e6s, der med sine tykke tuer af lange blade kan n\u00e5 en imponerende h\u00f8jde p\u00e5 100 til 200 cm. Planten er mest kendt for sine betagende, s\u00f8lv-hvide blomsterstande, som kan blive op til 50 cm lange. Disse fluffy toppe er perfekte til at skabe\u2026","rel":"","context":"Similar post","block_context":{"text":"Similar post","link":""},"img":{"alt_text":"","src":"https:\/\/i0.wp.com\/dyrk-haven.dk\/wp-content\/uploads\/2025\/11\/Pampasgraes-hvid.jpg?fit=830%2C738&ssl=1&resize=350%2C200","width":350,"height":200,"srcset":"https:\/\/i0.wp.com\/dyrk-haven.dk\/wp-content\/uploads\/2025\/11\/Pampasgraes-hvid.jpg?fit=830%2C738&ssl=1&resize=350%2C200 1x, https:\/\/i0.wp.com\/dyrk-haven.dk\/wp-content\/uploads\/2025\/11\/Pampasgraes-hvid.jpg?fit=830%2C738&ssl=1&resize=525%2C300 1.5x, https:\/\/i0.wp.com\/dyrk-haven.dk\/wp-content\/uploads\/2025\/11\/Pampasgraes-hvid.jpg?fit=830%2C738&ssl=1&resize=700%2C400 2x"},"classes":[]},{"id":2648,"url":"https:\/\/dyrk-haven.dk\/index.php\/vare\/kaempemarguerit\/","url_meta":{"origin":2598,"position":4},"title":"K\u00e6mpemarguerit","author":"S\u00f8rensen","date":"november 6, 2025","format":false,"excerpt":"Chrysanthemum leucanthemum Crazy Daisy\u00a0er en charmerende, let at holde og langblomstrende staude, der garanterer en frodig blomstring. Denne sort udvikler store, smukke halvdobbelte til helt dobbelte hvide blomster med en dekorativ, gul midte, hvilket giver dem et fyldigt og i\u00f8jnefaldende udtryk. Den er perfekt som en smuk kantplante eller i\u2026","rel":"","context":"Similar post","block_context":{"text":"Similar post","link":""},"img":{"alt_text":"","src":"https:\/\/i0.wp.com\/dyrk-haven.dk\/wp-content\/uploads\/2025\/11\/Kaempemarguerit-hvid.jpg?fit=319%2C330&ssl=1&resize=350%2C200","width":350,"height":200},"classes":[]},{"id":2619,"url":"https:\/\/dyrk-haven.dk\/index.php\/vare\/aert-six-weeks\/","url_meta":{"origin":2598,"position":5},"title":"\u00c6rt Six Weeks","author":"S\u00f8rensen","date":"november 5, 2025","format":false,"excerpt":"Pisum sativum L Six Weeks er en meget tidlig \u00e6rtesort, der lever op til sit navn med en imponerende kort v\u00e6ksts\u00e6son p\u00e5 kun 60-70 dage. Sorten er kendetegnet ved et h\u00f8jt udbytte og god sygdomsresistens, hvilket sikrer en nem dyrkning og tilfredsstillende h\u00f8st. Planterne bliver ca. 100 cm h\u00f8je og\u2026","rel":"","context":"Similar post","block_context":{"text":"Similar post","link":""},"img":{"alt_text":"","src":"https:\/\/i0.wp.com\/dyrk-haven.dk\/wp-content\/uploads\/2025\/11\/Aert-Six-Weeks.jpg?fit=1200%2C1173&ssl=1&resize=350%2C200","width":350,"height":200,"srcset":"https:\/\/i0.wp.com\/dyrk-haven.dk\/wp-content\/uploads\/2025\/11\/Aert-Six-Weeks.jpg?fit=1200%2C1173&ssl=1&resize=350%2C200 1x, https:\/\/i0.wp.com\/dyrk-haven.dk\/wp-content\/uploads\/2025\/11\/Aert-Six-Weeks.jpg?fit=1200%2C1173&ssl=1&resize=525%2C300 1.5x, https:\/\/i0.wp.com\/dyrk-haven.dk\/wp-content\/uploads\/2025\/11\/Aert-Six-Weeks.jpg?fit=1200%2C1173&ssl=1&resize=700%2C400 2x, https:\/\/i0.wp.com\/dyrk-haven.dk\/wp-content\/uploads\/2025\/11\/Aert-Six-Weeks.jpg?fit=1200%2C1173&ssl=1&resize=1050%2C600 3x"},"classes":[]}],"jetpack_sharing_enabled":true,"_links":{"self":[{"href":"https:\/\/dyrk-haven.dk\/index.php\/wp-json\/wp\/v2\/product\/2598","targetHints":{"allow":["GET"]}}],"collection":[{"href":"https:\/\/dyrk-haven.dk\/index.php\/wp-json\/wp\/v2\/product"}],"about":[{"href":"https:\/\/dyrk-haven.dk\/index.php\/wp-json\/wp\/v2\/types\/product"}],"replies":[{"embeddable":true,"href":"https:\/\/dyrk-haven.dk\/index.php\/wp-json\/wp\/v2\/comments?post=2598"}],"wp:featuredmedia":[{"embeddable":true,"href":"https:\/\/dyrk-haven.dk\/index.php\/wp-json\/wp\/v2\/media\/2599"}],"wp:attachment":[{"href":"https:\/\/dyrk-haven.dk\/index.php\/wp-json\/wp\/v2\/media?parent=2598"}],"wp:term":[{"taxonomy":"product_brand","embeddable":true,"href":"https:\/\/dyrk-haven.dk\/index.php\/wp-json\/wp\/v2\/product_brand?post=2598"},{"taxonomy":"product_cat","embeddable":true,"href":"https:\/\/dyrk-haven.dk\/index.php\/wp-json\/wp\/v2\/product_cat?post=2598"},{"taxonomy":"product_tag","embeddable":true,"href":"https:\/\/dyrk-haven.dk\/index.php\/wp-json\/wp\/v2\/product_tag?post=2598"}],"curies":[{"name":"wp","href":"https:\/\/api.w.org\/{rel}","templated":true}]}}