{"id":2596,"date":"2025-10-31T11:35:27","date_gmt":"2025-10-31T10:35:27","guid":{"rendered":"https:\/\/dyrk-haven.dk\/?post_type=product&#038;p=2596"},"modified":"2025-10-31T11:38:26","modified_gmt":"2025-10-31T10:38:26","slug":"klatreboenne-neckargold","status":"publish","type":"product","link":"https:\/\/dyrk-haven.dk\/index.php\/vare\/klatreboenne-neckargold\/","title":{"rendered":"Klatreb\u00f8nne Neckargold"},"content":{"rendered":"<p><em>Phaseolus vulgaris L<\/em><\/p>\n<p>Denne klatrende b\u00f8nne er en tidlig, h\u00f8jt ydende sort, der kr\u00e6ver opbinding. Den er s\u00e6rligt bem\u00e6rkelsesv\u00e6rdig, da den er resistent over for b\u00f8nnemosaikvirus. B\u00f8nnerne udvikler lange, k\u00f8dfyldte og snorrefri gule b\u00e6lge p\u00e5 20-25 cm. Inden i findes hvide, runde fr\u00f8, og hele b\u00e6lgen har en fantastisk smag. Neckargold er ideel til direkte h\u00f8st og spisning, henkogning eller til nedfrysning.<\/p>\n<hr \/>\n<p><b>S\u00e5- og H\u00f8stvejledning:<\/b><\/p>\n<ul>\n<li><b>S\u00e5dybde:<\/b> 2 \u2013 3 cm.<\/li>\n<li><b>S\u00e5tid:<\/b> 15. Maj \u2013 Juni (n\u00e5r jordtemperaturen er h\u00f8j).<\/li>\n<li><b>Planteafstand:<\/b> 60 x 40 cm.<\/li>\n<li><b>H\u00f8stperiode:<\/b> Juli \u2013 Oktober.<\/li>\n<\/ul>\n<hr \/>\n<p>Ca. 60 fr\u00f8<\/p>\n<p>Leverand\u00f8r: Premium Seeds<\/p>\n","protected":false},"excerpt":{"rendered":"<p>Phaseolus vulgaris L Denne klatrende b\u00f8nne er en tidlig, h\u00f8jt ydende sort, der kr\u00e6ver opbinding. Den er s\u00e6rligt bem\u00e6rkelsesv\u00e6rdig, da den er resistent over for b\u00f8nnemosaikvirus. B\u00f8nnerne udvikler lange, k\u00f8dfyldte og snorrefri gule b\u00e6lge p\u00e5 20-25 cm. Inden i findes hvide, runde fr\u00f8, og hele b\u00e6lgen har en fantastisk smag. Neckargold er ideel til direkte&hellip;&nbsp;<a href=\"https:\/\/dyrk-haven.dk\/index.php\/vare\/klatreboenne-neckargold\/\" rel=\"bookmark\"><span class=\"screen-reader-text\">Klatreb\u00f8nne Neckargold<\/span><\/a><\/p>\n","protected":false},"featured_media":2597,"comment_status":"open","ping_status":"closed","template":"","meta":{"neve_meta_sidebar":"","neve_meta_container":"","neve_meta_enable_content_width":"off","neve_meta_content_width":100,"neve_meta_title_alignment":"","neve_meta_author_avatar":"","neve_post_elements_order":"","neve_meta_disable_header":"","neve_meta_disable_footer":"","neve_meta_disable_title":"","jetpack_post_was_ever_published":false},"product_brand":[],"product_cat":[365,22],"product_tag":[54,55],"class_list":{"0":"post-2596","1":"product","2":"type-product","3":"status-publish","4":"has-post-thumbnail","6":"product_cat-boenne","7":"product_cat-groent","8":"product_tag-konservering","9":"product_tag-spiselig","11":"first","12":"instock","13":"shipping-taxable","14":"purchasable","15":"product-type-simple"},"jetpack-related-posts":[{"id":2598,"url":"https:\/\/dyrk-haven.dk\/index.php\/vare\/hesteboenne-karmazyn\/","url_meta":{"origin":2596,"position":0},"title":"Hesteb\u00f8nne Karmazyn","author":"S\u00f8rensen","date":"oktober 31, 2025","format":false,"excerpt":"Vicia Faba L Karmazyn er en middeltidlig, traditionel hesteb\u00f8nnesort, der giver et us\u00e6dvanligt rigeligt udbytte. Planten n\u00e5r en h\u00f8jde p\u00e5 60-80 cm og er s\u00e6rligt v\u00e6rdsat for sine b\u00e6lge, der indeholder 3-5 store fr\u00f8 af en unik og smuk karminr\u00f8d farve. De modnes ensartet, og planten er tolerant over for\u2026","rel":"","context":"Similar post","block_context":{"text":"Similar post","link":""},"img":{"alt_text":"","src":"https:\/\/i0.wp.com\/dyrk-haven.dk\/wp-content\/uploads\/2025\/10\/Favaboenne-Karmazyn.jpg?fit=381%2C345&ssl=1&resize=350%2C200","width":350,"height":200},"classes":[]},{"id":2614,"url":"https:\/\/dyrk-haven.dk\/index.php\/vare\/klatreboenne-goldmarie\/","url_meta":{"origin":2596,"position":1},"title":"Klatreb\u00f8nne Goldmarie","author":"S\u00f8rensen","date":"november 2, 2025","format":false,"excerpt":"Phaseolus vulgaris L Goldmarie\u00a0er en fremragende, tidlig stangvoksende sort af Mammut-typen, som producerer et rigt udbytte. Planten n\u00e5r en imponerende h\u00f8jde p\u00e5 2,5-3 meter og kr\u00e6ver derfor st\u00f8tte (f.eks. p\u00e6le eller stativ). B\u00f8nnerne udvikler sig til lange, gule, brede og flade b\u00e6lge, der m\u00e5ler hele 20-25 cm. Disse b\u00e6lge er\u2026","rel":"","context":"Similar post","block_context":{"text":"Similar post","link":""},"img":{"alt_text":"","src":"https:\/\/i0.wp.com\/dyrk-haven.dk\/wp-content\/uploads\/2025\/11\/Stangboenne-Goldmarie.jpg?fit=1200%2C1154&ssl=1&resize=350%2C200","width":350,"height":200,"srcset":"https:\/\/i0.wp.com\/dyrk-haven.dk\/wp-content\/uploads\/2025\/11\/Stangboenne-Goldmarie.jpg?fit=1200%2C1154&ssl=1&resize=350%2C200 1x, https:\/\/i0.wp.com\/dyrk-haven.dk\/wp-content\/uploads\/2025\/11\/Stangboenne-Goldmarie.jpg?fit=1200%2C1154&ssl=1&resize=525%2C300 1.5x, https:\/\/i0.wp.com\/dyrk-haven.dk\/wp-content\/uploads\/2025\/11\/Stangboenne-Goldmarie.jpg?fit=1200%2C1154&ssl=1&resize=700%2C400 2x, https:\/\/i0.wp.com\/dyrk-haven.dk\/wp-content\/uploads\/2025\/11\/Stangboenne-Goldmarie.jpg?fit=1200%2C1154&ssl=1&resize=1050%2C600 3x"},"classes":[]},{"id":2630,"url":"https:\/\/dyrk-haven.dk\/index.php\/vare\/loevstikke\/","url_meta":{"origin":2596,"position":2},"title":"L\u00f8vstikke","author":"S\u00f8rensen","date":"november 5, 2025","format":false,"excerpt":"Levisticum officinale L\u00f8vstikke\u00a0er en kraftig fler\u00e5rig urt, der er kendt som \"Maggi-urten\" p\u00e5 grund af sin intense aroma. Planten kan blive op til hele 200 cm h\u00f8j og er en imponerende tilf\u00f8jelse til enhver k\u00f8kkenhave. Den har en st\u00e6rk, krydret smag og duft, som stammer fra de m\u00f8rkegr\u00f8nne blade, jordst\u00e6ngler\u2026","rel":"","context":"Similar post","block_context":{"text":"Similar post","link":""},"img":{"alt_text":"","src":"https:\/\/i0.wp.com\/dyrk-haven.dk\/wp-content\/uploads\/2025\/11\/Loevstikke.jpg?fit=945%2C926&ssl=1&resize=350%2C200","width":350,"height":200,"srcset":"https:\/\/i0.wp.com\/dyrk-haven.dk\/wp-content\/uploads\/2025\/11\/Loevstikke.jpg?fit=945%2C926&ssl=1&resize=350%2C200 1x, https:\/\/i0.wp.com\/dyrk-haven.dk\/wp-content\/uploads\/2025\/11\/Loevstikke.jpg?fit=945%2C926&ssl=1&resize=525%2C300 1.5x, https:\/\/i0.wp.com\/dyrk-haven.dk\/wp-content\/uploads\/2025\/11\/Loevstikke.jpg?fit=945%2C926&ssl=1&resize=700%2C400 2x"},"classes":[]},{"id":2635,"url":"https:\/\/dyrk-haven.dk\/index.php\/vare\/straablomst-gul\/","url_meta":{"origin":2596,"position":3},"title":"Str\u00e5blomst gul","author":"S\u00f8rensen","date":"november 5, 2025","format":false,"excerpt":"Helichrysum bracteatum Gul str\u00e5blomst er en elegant et\u00e5rig plante, der vokser til en h\u00f8jde p\u00e5 60 til 100 cm. Sorten udvikler lange, stive og slankt bekl\u00e6dte skud, som ender i store, str\u00e5lende gule blomsterhoveder. Disse blomster er ideelle til at tilf\u00f8re farve og tekstur til blomsterbede og er s\u00e6rligt v\u00e6rdsatte\u2026","rel":"","context":"Similar post","block_context":{"text":"Similar post","link":""},"img":{"alt_text":"","src":"https:\/\/i0.wp.com\/dyrk-haven.dk\/wp-content\/uploads\/2025\/11\/Straablomst-gul.jpg?fit=945%2C923&ssl=1&resize=350%2C200","width":350,"height":200,"srcset":"https:\/\/i0.wp.com\/dyrk-haven.dk\/wp-content\/uploads\/2025\/11\/Straablomst-gul.jpg?fit=945%2C923&ssl=1&resize=350%2C200 1x, https:\/\/i0.wp.com\/dyrk-haven.dk\/wp-content\/uploads\/2025\/11\/Straablomst-gul.jpg?fit=945%2C923&ssl=1&resize=525%2C300 1.5x, https:\/\/i0.wp.com\/dyrk-haven.dk\/wp-content\/uploads\/2025\/11\/Straablomst-gul.jpg?fit=945%2C923&ssl=1&resize=700%2C400 2x"},"classes":[]},{"id":2650,"url":"https:\/\/dyrk-haven.dk\/index.php\/vare\/pampasgraes-hvid\/","url_meta":{"origin":2596,"position":4},"title":"Pampasgr\u00e6s hvid","author":"S\u00f8rensen","date":"november 6, 2025","format":false,"excerpt":"Cortaderia selloana Pampasgr\u00e6s\u00a0er et storsl\u00e5et fler\u00e5rigt prydgr\u00e6s, der med sine tykke tuer af lange blade kan n\u00e5 en imponerende h\u00f8jde p\u00e5 100 til 200 cm. Planten er mest kendt for sine betagende, s\u00f8lv-hvide blomsterstande, som kan blive op til 50 cm lange. Disse fluffy toppe er perfekte til at skabe\u2026","rel":"","context":"Similar post","block_context":{"text":"Similar post","link":""},"img":{"alt_text":"","src":"https:\/\/i0.wp.com\/dyrk-haven.dk\/wp-content\/uploads\/2025\/11\/Pampasgraes-hvid.jpg?fit=830%2C738&ssl=1&resize=350%2C200","width":350,"height":200,"srcset":"https:\/\/i0.wp.com\/dyrk-haven.dk\/wp-content\/uploads\/2025\/11\/Pampasgraes-hvid.jpg?fit=830%2C738&ssl=1&resize=350%2C200 1x, https:\/\/i0.wp.com\/dyrk-haven.dk\/wp-content\/uploads\/2025\/11\/Pampasgraes-hvid.jpg?fit=830%2C738&ssl=1&resize=525%2C300 1.5x, https:\/\/i0.wp.com\/dyrk-haven.dk\/wp-content\/uploads\/2025\/11\/Pampasgraes-hvid.jpg?fit=830%2C738&ssl=1&resize=700%2C400 2x"},"classes":[]},{"id":2594,"url":"https:\/\/dyrk-haven.dk\/index.php\/vare\/pragtskaer\/","url_meta":{"origin":2596,"position":5},"title":"Pragtsk\u00e6r Pink","author":"S\u00f8rensen","date":"oktober 28, 2025","format":false,"excerpt":"Liatris spicata Denne smukke, fler\u00e5rige Pragtsk\u00e6r er et imponerende syn i haven. Den danner oprette v\u00e6kster, der str\u00e6kker sig 60-80 cm i h\u00f8jden. Plantens karakteristiske pink-lilla blomster samler sig i lange, slanke aks, som blomstrer fra toppen og ned. Som en nektarrig plante er Pragtsk\u00e6r Pink en magnet for sommerfugle,\u2026","rel":"","context":"Similar post","block_context":{"text":"Similar post","link":""},"img":{"alt_text":"","src":"https:\/\/i0.wp.com\/dyrk-haven.dk\/wp-content\/uploads\/2025\/10\/Pragtskaer-pink.jpg?fit=945%2C924&ssl=1&resize=350%2C200","width":350,"height":200,"srcset":"https:\/\/i0.wp.com\/dyrk-haven.dk\/wp-content\/uploads\/2025\/10\/Pragtskaer-pink.jpg?fit=945%2C924&ssl=1&resize=350%2C200 1x, https:\/\/i0.wp.com\/dyrk-haven.dk\/wp-content\/uploads\/2025\/10\/Pragtskaer-pink.jpg?fit=945%2C924&ssl=1&resize=525%2C300 1.5x, https:\/\/i0.wp.com\/dyrk-haven.dk\/wp-content\/uploads\/2025\/10\/Pragtskaer-pink.jpg?fit=945%2C924&ssl=1&resize=700%2C400 2x"},"classes":[]}],"jetpack_sharing_enabled":true,"_links":{"self":[{"href":"https:\/\/dyrk-haven.dk\/index.php\/wp-json\/wp\/v2\/product\/2596","targetHints":{"allow":["GET"]}}],"collection":[{"href":"https:\/\/dyrk-haven.dk\/index.php\/wp-json\/wp\/v2\/product"}],"about":[{"href":"https:\/\/dyrk-haven.dk\/index.php\/wp-json\/wp\/v2\/types\/product"}],"replies":[{"embeddable":true,"href":"https:\/\/dyrk-haven.dk\/index.php\/wp-json\/wp\/v2\/comments?post=2596"}],"wp:featuredmedia":[{"embeddable":true,"href":"https:\/\/dyrk-haven.dk\/index.php\/wp-json\/wp\/v2\/media\/2597"}],"wp:attachment":[{"href":"https:\/\/dyrk-haven.dk\/index.php\/wp-json\/wp\/v2\/media?parent=2596"}],"wp:term":[{"taxonomy":"product_brand","embeddable":true,"href":"https:\/\/dyrk-haven.dk\/index.php\/wp-json\/wp\/v2\/product_brand?post=2596"},{"taxonomy":"product_cat","embeddable":true,"href":"https:\/\/dyrk-haven.dk\/index.php\/wp-json\/wp\/v2\/product_cat?post=2596"},{"taxonomy":"product_tag","embeddable":true,"href":"https:\/\/dyrk-haven.dk\/index.php\/wp-json\/wp\/v2\/product_tag?post=2596"}],"curies":[{"name":"wp","href":"https:\/\/api.w.org\/{rel}","templated":true}]}}