{"id":2588,"date":"2025-10-28T13:21:40","date_gmt":"2025-10-28T12:21:40","guid":{"rendered":"https:\/\/dyrk-haven.dk\/?post_type=product&#038;p=2588"},"modified":"2025-10-31T12:51:12","modified_gmt":"2025-10-31T11:51:12","slug":"blaakvast","status":"publish","type":"product","link":"https:\/\/dyrk-haven.dk\/index.php\/vare\/blaakvast\/","title":{"rendered":"Bl\u00e5kvast"},"content":{"rendered":"<p><em>Ageratum houstonianum<\/em><\/p>\n<p>Ageratum Blue er en smuk, et\u00e5rig plante, der giver et bl\u00e5t farvepust i haven. Planten bliver 10-20 cm h\u00f8j og danner oprette, t\u00e6tbladede og forgrenede skud. Oven p\u00e5 stilkene udvikles tykke sk\u00e6rme af bl\u00e5-lilla blomster, der skaber et t\u00e6ppe af farve. Den er ideel til brug i blomsterbede, som kantplante, eller i krukker og altankasser. Nyd den langvarige, livlige blomstring hele sommeren.<\/p>\n<hr \/>\n<p><b>S\u00e5-vejledning:<\/b><\/p>\n<ul>\n<li><b>S\u00e5dybde:<\/b> 1 cm.<\/li>\n<li><b>S\u00e5tid i drivhus\/indend\u00f8rs:<\/b> Marts \u2013 April.<\/li>\n<li><b>Udplantningstid (efter sidste frost):<\/b> Maj.<\/li>\n<li><b>Planteafstand:<\/b> 20 x 25 cm.<\/li>\n<li><b>Blomstringsperiode:<\/b> Juni \u2013 Oktober.<\/li>\n<\/ul>\n<hr \/>\n<p>Ca. 390 fr\u00f8<\/p>\n<p>Leverand\u00f8r: Premium Seeds<\/p>\n","protected":false},"excerpt":{"rendered":"<p>Ageratum houstonianum Ageratum Blue er en smuk, et\u00e5rig plante, der giver et bl\u00e5t farvepust i haven. Planten bliver 10-20 cm h\u00f8j og danner oprette, t\u00e6tbladede og forgrenede skud. Oven p\u00e5 stilkene udvikles tykke sk\u00e6rme af bl\u00e5-lilla blomster, der skaber et t\u00e6ppe af farve. Den er ideel til brug i blomsterbede, som kantplante, eller i krukker&hellip;&nbsp;<a href=\"https:\/\/dyrk-haven.dk\/index.php\/vare\/blaakvast\/\" rel=\"bookmark\"><span class=\"screen-reader-text\">Bl\u00e5kvast<\/span><\/a><\/p>\n","protected":false},"featured_media":2590,"comment_status":"open","ping_status":"closed","template":"","meta":{"neve_meta_sidebar":"","neve_meta_container":"","neve_meta_enable_content_width":"off","neve_meta_content_width":100,"neve_meta_title_alignment":"","neve_meta_author_avatar":"","neve_post_elements_order":"","neve_meta_disable_header":"","neve_meta_disable_footer":"","neve_meta_disable_title":"","jetpack_post_was_ever_published":false},"product_brand":[],"product_cat":[25,451],"product_tag":[455],"class_list":{"0":"post-2588","1":"product","2":"type-product","3":"status-publish","4":"has-post-thumbnail","6":"product_cat-blomster","7":"product_cat-etaarig","8":"product_tag-hoejde-10-20-cm","10":"first","11":"instock","12":"shipping-taxable","13":"purchasable","14":"product-type-simple"},"jetpack-related-posts":[{"id":2591,"url":"https:\/\/dyrk-haven.dk\/index.php\/vare\/vinget-hindebaeger-violet\/","url_meta":{"origin":2588,"position":0},"title":"Vinget hindeb\u00e6ger violet","author":"S\u00f8rensen","date":"oktober 28, 2025","format":false,"excerpt":"Limonium sinuatum Statice og vinget hindeb\u00e6ger er to navne for samme fabelagtige et\u00e5rige plante, der er uundv\u00e6rlig i enhver sk\u00e6rehave. Den udvikler oprette og forgrenede skud, der n\u00e5r en h\u00f8jde p\u00e5 60-70 cm. Planten b\u00e6rer et v\u00e6ld af sm\u00e5, violette blomster, der er samlet i imponerende, skyagtige toppe. Med sin\u2026","rel":"","context":"Similar post","block_context":{"text":"Similar post","link":""},"img":{"alt_text":"","src":"https:\/\/i0.wp.com\/dyrk-haven.dk\/wp-content\/uploads\/2025\/10\/Hindebaeger-violet.jpg?fit=945%2C925&ssl=1&resize=350%2C200","width":350,"height":200,"srcset":"https:\/\/i0.wp.com\/dyrk-haven.dk\/wp-content\/uploads\/2025\/10\/Hindebaeger-violet.jpg?fit=945%2C925&ssl=1&resize=350%2C200 1x, https:\/\/i0.wp.com\/dyrk-haven.dk\/wp-content\/uploads\/2025\/10\/Hindebaeger-violet.jpg?fit=945%2C925&ssl=1&resize=525%2C300 1.5x, https:\/\/i0.wp.com\/dyrk-haven.dk\/wp-content\/uploads\/2025\/10\/Hindebaeger-violet.jpg?fit=945%2C925&ssl=1&resize=700%2C400 2x"},"classes":[]},{"id":2603,"url":"https:\/\/dyrk-haven.dk\/index.php\/vare\/hjulkrone-blaa\/","url_meta":{"origin":2588,"position":1},"title":"Hjulkrone bl\u00e5","author":"S\u00f8rensen","date":"oktober 31, 2025","format":false,"excerpt":"Borago officinalis Hjulkrone\u00a0er en letdyrkelig, et\u00e5rig krydderurt, der kombinerer dekorativ sk\u00f8nhed med bred anvendelse. B\u00e5de plantens blade og st\u00e6ngler har en frisk duft og syrlig smag af agurk, som giver et unikt pift til salater, supper og sommerdrinks. Ud over det kulinariske tiltr\u00e6kker de smukke, himmelbl\u00e5 stjerneblomster nyttige best\u00f8vere til\u2026","rel":"","context":"Similar post","block_context":{"text":"Similar post","link":""},"img":{"alt_text":"","src":"https:\/\/i0.wp.com\/dyrk-haven.dk\/wp-content\/uploads\/2025\/10\/Hjulkrone-blaa.jpg?fit=974%2C878&ssl=1&resize=350%2C200","width":350,"height":200,"srcset":"https:\/\/i0.wp.com\/dyrk-haven.dk\/wp-content\/uploads\/2025\/10\/Hjulkrone-blaa.jpg?fit=974%2C878&ssl=1&resize=350%2C200 1x, https:\/\/i0.wp.com\/dyrk-haven.dk\/wp-content\/uploads\/2025\/10\/Hjulkrone-blaa.jpg?fit=974%2C878&ssl=1&resize=525%2C300 1.5x, https:\/\/i0.wp.com\/dyrk-haven.dk\/wp-content\/uploads\/2025\/10\/Hjulkrone-blaa.jpg?fit=974%2C878&ssl=1&resize=700%2C400 2x"},"classes":[]},{"id":2587,"url":"https:\/\/dyrk-haven.dk\/index.php\/vare\/violet-petunia\/","url_meta":{"origin":2588,"position":2},"title":"Violet Petunia","author":"S\u00f8rensen","date":"oktober 28, 2025","format":false,"excerpt":"Petuniaen er en et\u00e5rig plante, der danner lange, h\u00e6ngende skud p\u00e5 40-50 cm. Den blomstrer rigt og l\u00e6nge, hvilket sikrer en imponerende farvepragt hele sommeren. Blomsterne er tragtformede og skinner i en smuk pink-lilla nuance med et m\u00f8rkere \u00f8je i midten. Dens elegante v\u00e6kst g\u00f8r den ideel til dyrkning i\u2026","rel":"","context":"Similar post","block_context":{"text":"Similar post","link":""},"img":{"alt_text":"","src":"","width":0,"height":0},"classes":[]},{"id":2606,"url":"https:\/\/dyrk-haven.dk\/index.php\/vare\/kruspersille-gigante-ditalia\/","url_meta":{"origin":2588,"position":3},"title":"Kruspersille Gigante D&#8217;Italia","author":"S\u00f8rensen","date":"oktober 31, 2025","format":false,"excerpt":"Petroselinum crispum L Gigante D\u2019Italia er en hurtigt voksende og meget produktiv persillesort, der er kendt for sine imponerende, store blade. Planten bliver op til 40 cm h\u00f8j og udvikler glatte, levende gr\u00f8nne og meget aromatiske blade. Den kan dyrkes hele s\u00e6sonen og er perfekt, n\u00e5r du \u00f8nsker et stort\u2026","rel":"","context":"Similar post","block_context":{"text":"Similar post","link":""},"img":{"alt_text":"","src":"https:\/\/i0.wp.com\/dyrk-haven.dk\/wp-content\/uploads\/2025\/10\/Persille-Gigante-Italia.jpg?fit=945%2C932&ssl=1&resize=350%2C200","width":350,"height":200,"srcset":"https:\/\/i0.wp.com\/dyrk-haven.dk\/wp-content\/uploads\/2025\/10\/Persille-Gigante-Italia.jpg?fit=945%2C932&ssl=1&resize=350%2C200 1x, https:\/\/i0.wp.com\/dyrk-haven.dk\/wp-content\/uploads\/2025\/10\/Persille-Gigante-Italia.jpg?fit=945%2C932&ssl=1&resize=525%2C300 1.5x, https:\/\/i0.wp.com\/dyrk-haven.dk\/wp-content\/uploads\/2025\/10\/Persille-Gigante-Italia.jpg?fit=945%2C932&ssl=1&resize=700%2C400 2x"},"classes":[]},{"id":2637,"url":"https:\/\/dyrk-haven.dk\/index.php\/vare\/vinget-hindebaeger-gul\/","url_meta":{"origin":2588,"position":4},"title":"Vinget Hindeb\u00e6ger gul","author":"S\u00f8rensen","date":"november 5, 2025","format":false,"excerpt":"Limonium sinuatum Vinget Hindeb\u00e6ger (Statice) er en smuk et\u00e5rig plante, der vokser til en h\u00f8jde p\u00e5 60 til 70 cm. Den udvikler brede, meget blomstrende tuer prydet med utallige, sm\u00e5, gule blomster samlet i store, luftige toppe. Hindeb\u00e6ger er ideel til at tilf\u00f8re lethed og farve til blomsterbede og st\u00f8rre\u2026","rel":"","context":"Similar post","block_context":{"text":"Similar post","link":""},"img":{"alt_text":"","src":"https:\/\/i0.wp.com\/dyrk-haven.dk\/wp-content\/uploads\/2025\/11\/Hindebaeger-gul.jpg?fit=945%2C921&ssl=1&resize=350%2C200","width":350,"height":200,"srcset":"https:\/\/i0.wp.com\/dyrk-haven.dk\/wp-content\/uploads\/2025\/11\/Hindebaeger-gul.jpg?fit=945%2C921&ssl=1&resize=350%2C200 1x, https:\/\/i0.wp.com\/dyrk-haven.dk\/wp-content\/uploads\/2025\/11\/Hindebaeger-gul.jpg?fit=945%2C921&ssl=1&resize=525%2C300 1.5x, https:\/\/i0.wp.com\/dyrk-haven.dk\/wp-content\/uploads\/2025\/11\/Hindebaeger-gul.jpg?fit=945%2C921&ssl=1&resize=700%2C400 2x"},"classes":[]},{"id":2614,"url":"https:\/\/dyrk-haven.dk\/index.php\/vare\/klatreboenne-goldmarie\/","url_meta":{"origin":2588,"position":5},"title":"Klatreb\u00f8nne Goldmarie","author":"S\u00f8rensen","date":"november 2, 2025","format":false,"excerpt":"Phaseolus vulgaris L Goldmarie\u00a0er en fremragende, tidlig stangvoksende sort af Mammut-typen, som producerer et rigt udbytte. Planten n\u00e5r en imponerende h\u00f8jde p\u00e5 2,5-3 meter og kr\u00e6ver derfor st\u00f8tte (f.eks. p\u00e6le eller stativ). B\u00f8nnerne udvikler sig til lange, gule, brede og flade b\u00e6lge, der m\u00e5ler hele 20-25 cm. Disse b\u00e6lge er\u2026","rel":"","context":"Similar post","block_context":{"text":"Similar post","link":""},"img":{"alt_text":"","src":"https:\/\/i0.wp.com\/dyrk-haven.dk\/wp-content\/uploads\/2025\/11\/Stangboenne-Goldmarie.jpg?fit=1200%2C1154&ssl=1&resize=350%2C200","width":350,"height":200,"srcset":"https:\/\/i0.wp.com\/dyrk-haven.dk\/wp-content\/uploads\/2025\/11\/Stangboenne-Goldmarie.jpg?fit=1200%2C1154&ssl=1&resize=350%2C200 1x, https:\/\/i0.wp.com\/dyrk-haven.dk\/wp-content\/uploads\/2025\/11\/Stangboenne-Goldmarie.jpg?fit=1200%2C1154&ssl=1&resize=525%2C300 1.5x, https:\/\/i0.wp.com\/dyrk-haven.dk\/wp-content\/uploads\/2025\/11\/Stangboenne-Goldmarie.jpg?fit=1200%2C1154&ssl=1&resize=700%2C400 2x, https:\/\/i0.wp.com\/dyrk-haven.dk\/wp-content\/uploads\/2025\/11\/Stangboenne-Goldmarie.jpg?fit=1200%2C1154&ssl=1&resize=1050%2C600 3x"},"classes":[]}],"jetpack_sharing_enabled":true,"_links":{"self":[{"href":"https:\/\/dyrk-haven.dk\/index.php\/wp-json\/wp\/v2\/product\/2588","targetHints":{"allow":["GET"]}}],"collection":[{"href":"https:\/\/dyrk-haven.dk\/index.php\/wp-json\/wp\/v2\/product"}],"about":[{"href":"https:\/\/dyrk-haven.dk\/index.php\/wp-json\/wp\/v2\/types\/product"}],"replies":[{"embeddable":true,"href":"https:\/\/dyrk-haven.dk\/index.php\/wp-json\/wp\/v2\/comments?post=2588"}],"wp:featuredmedia":[{"embeddable":true,"href":"https:\/\/dyrk-haven.dk\/index.php\/wp-json\/wp\/v2\/media\/2590"}],"wp:attachment":[{"href":"https:\/\/dyrk-haven.dk\/index.php\/wp-json\/wp\/v2\/media?parent=2588"}],"wp:term":[{"taxonomy":"product_brand","embeddable":true,"href":"https:\/\/dyrk-haven.dk\/index.php\/wp-json\/wp\/v2\/product_brand?post=2588"},{"taxonomy":"product_cat","embeddable":true,"href":"https:\/\/dyrk-haven.dk\/index.php\/wp-json\/wp\/v2\/product_cat?post=2588"},{"taxonomy":"product_tag","embeddable":true,"href":"https:\/\/dyrk-haven.dk\/index.php\/wp-json\/wp\/v2\/product_tag?post=2588"}],"curies":[{"name":"wp","href":"https:\/\/api.w.org\/{rel}","templated":true}]}}