{"id":2458,"date":"2025-05-06T13:10:08","date_gmt":"2025-05-06T11:10:08","guid":{"rendered":"https:\/\/dyrk-haven.dk\/?page_id=2458"},"modified":"2025-05-06T13:10:10","modified_gmt":"2025-05-06T11:10:10","slug":"handelsbetingelser","status":"publish","type":"page","link":"https:\/\/dyrk-haven.dk\/index.php\/handelsbetingelser\/","title":{"rendered":"Handelsbetingelser"},"content":{"rendered":"\n<p><strong>Dyrk-haven.dk<\/strong><br>Stubberupvej 59<br>4800 Nyk\u00f8bing Falster<br>71702060<br>froe@dyrk-haven.dk<\/p>\n\n\n\n<p><strong>Betaling<\/strong><\/p>\n\n\n\n<p>Alle bel\u00f8b der fremg\u00e5r p\u00e5 hjemmesiden er angivet i danske kroner (DKK), inklusiv moms og eksklusiv leveringsomkostninger.<\/p>\n\n\n\n<p>Dyrk Haven<strong> <\/strong>tager imod betalinger med; bankoverf\u00f8rsel, Mobilepay og kontant betaling. Vi p\u00e5l\u00e6gger ikke dit k\u00f8b nogle former for transaktionsgebyr.&nbsp;<\/p>\n\n\n\n<p>Betalingen af ordren sker samtidig med at ordren sendes med mindre andet er aftalt.&nbsp;<\/p>\n\n\n\n<p><strong>Levering<\/strong><\/p>\n\n\n\n<p>Vi leverer kun varer inden for Danmark. Pakketiden for din ordre er normalt 1-3 dage.&nbsp;<\/p>\n\n\n\n<p>Skulle der i s\u00e6rlige tilf\u00e6lde v\u00e6re forl\u00e6nget pakketid, giver vi dig besked p\u00e5 sms.&nbsp;<\/p>\n\n\n\n<p>Vi leverer til privatadresser i Danmark &#8211; dog ikke F\u00e6r\u00f8erne og Gr\u00f8nland.&nbsp;<\/p>\n\n\n\n<p>Alle varer leveres med dao og PostNord. Leveringstiden afh\u00e6nger af firmaet.<\/p>\n\n\n\n<p><strong>Retur og fortrydelsesret<\/strong><\/p>\n\n\n\n<p>Der gives 14 dages fuld returret p\u00e5 varer k\u00f8bt p\u00e5 vores webshop.&nbsp;<\/p>\n\n\n\n<p>Perioden regnes fra den dag, hvor du modtager din ordre. Fr\u00f8 der sendes retur skal sendes som pakke til Stubberupvej 59, 4800 Nyk\u00f8bing Falster. Eventuelle returneringsomkostninger afholder du selv, ligesom valg af transport\u00f8r er dit eget.&nbsp;<\/p>\n\n\n\n<p>Fortrydelse skal meldes til os senest 14 dage efter k\u00f8bet, og fra fortrydelsen skal ordren v\u00e6re os i h\u00e6nde senest 14 dage efter, at du har informeret om dit brug af fortrydelsesretten.<\/p>\n\n\n\n<p>Meddelelsen skal gives pr. mail p\u00e5 froe@dyrk-haven.dk, hvor du tydeligt skal oplyse om, at du \u00f8nsker at benytte din fortrydelsesret.&nbsp;<\/p>\n\n\n\n<p>Det er op til Dyrk Haven at vurdere varens stand. Hvis varen er mangelfuld, og brugt udover hvad der er n\u00f8dvendigt for at fastsl\u00e5 varens art, egenskaber og funktion, betragtes den som af forringet v\u00e6rdi. Det betyder, at du ved fortrydelse af k\u00f8bet vil f\u00e5 en mindre del eller intet af k\u00f8bsbel\u00f8bet retur.<\/p>\n\n\n\n<p><strong>Reklamationsret&nbsp;<\/strong><\/p>\n\n\n\n<p>I henhold til den danske k\u00f8belov gives der 2 \u00e5rs reklamationsret p\u00e5 produkter. Reklamation g\u00e6lder for fejl i materiale og\/eller fabrikation. Dyrk Haven forbeholder sig retten til at vurdere, om en reklamation er fuld eller delvis tilbagebetalings berettiget.<\/p>\n\n\n\n<p>Reklamation skal meddeles til Dyrk Haven i rimelig tid efter varens modtagelse. Her anses op til 6 m\u00e5neder som rimelig tid, med mindre andet er aftalt. Dyrk Haven forventer en forudg\u00e5ende kommunikation inden varen sendes tilbage.<\/p>\n\n\n\n<p>Reklamationen g\u00e6lder ikke ved fejl eller skader, der skyldes forkert opbevaring eller brug af produktet.&nbsp;<\/p>\n\n\n\n<p>Dyrk Haven d\u00e6kker returneringsomkostningerne i rimeligt omfang. Vi modtager ikke pakker sendt pr. efterkrav.&nbsp;<\/p>\n\n\n\n<p>Reklamationer sendes til:<\/p>\n\n\n\n<p><strong>Dyrk Haven<\/strong><br>Stubberupvej 59<br>4800 Nyk\u00f8bing Falster\u00a0<\/p>\n\n\n\n<p><strong>Persondatapolitik&nbsp;<\/strong><\/p>\n\n\n\n<p>N\u00e5r du k\u00f8ber en varer og selv videregiver oplysningerne, modtager vi kundedata. Som dataansvarlig behandler vi dine personoplysninger sikkert og fortroligt. Dine personoplysninger bliver kun anvendt og opbevaret til de form\u00e5l, de er samlet ind til.<\/p>\n\n\n\n<p>Vi anvender tredjeparter til behandling af nogle af vores oplysninger, blandt andet i vores fragth\u00e5ndtering, som ikke er udviklet af Dyrk Haven.&nbsp;<\/p>\n\n\n\n<p><strong>Klagemuligheder<\/strong><\/p>\n\n\n\n<p>Du kan sende en mail til froe@dyrk-haven.dk eller ringe\/sms p\u00e5 71702060, hvis du vil i kontakt med os, har sp\u00f8rgsm\u00e5l eller vil indgive en klage.<\/p>\n","protected":false},"excerpt":{"rendered":"<p>Dyrk-haven.dkStubberupvej 594800 Nyk\u00f8bing Falster71702060froe@dyrk-haven.dk Betaling Alle bel\u00f8b der fremg\u00e5r p\u00e5 hjemmesiden er angivet i danske kroner (DKK), inklusiv moms og eksklusiv leveringsomkostninger. Dyrk Haven tager imod betalinger med; bankoverf\u00f8rsel, Mobilepay og kontant betaling. Vi p\u00e5l\u00e6gger ikke dit k\u00f8b nogle former for transaktionsgebyr.&nbsp; Betalingen af ordren sker samtidig med at ordren sendes med mindre andet er&hellip;&nbsp;<a href=\"https:\/\/dyrk-haven.dk\/index.php\/handelsbetingelser\/\" rel=\"bookmark\"><span class=\"screen-reader-text\">Handelsbetingelser<\/span><\/a><\/p>\n","protected":false},"author":4,"featured_media":0,"parent":0,"menu_order":0,"comment_status":"closed","ping_status":"closed","template":"","meta":{"neve_meta_sidebar":"","neve_meta_container":"","neve_meta_enable_content_width":"","neve_meta_content_width":0,"neve_meta_title_alignment":"","neve_meta_author_avatar":"","neve_post_elements_order":"","neve_meta_disable_header":"","neve_meta_disable_footer":"","neve_meta_disable_title":"","jetpack_post_was_ever_published":false,"footnotes":""},"class_list":["post-2458","page","type-page","status-publish","hentry"],"jetpack-related-posts":[{"id":2442,"url":"https:\/\/dyrk-haven.dk\/index.php\/kasse\/din-ordre-er-modtaget\/","url_meta":{"origin":2458,"position":0},"title":"Din ordre er modtaget","author":"S\u00f8rensen","date":"maj 6, 2025","format":false,"excerpt":"Tusinde tak for din ordre! Vi bekr\u00e6fter din betaling og udsender en ordrebekr\u00e6ftelse n\u00e5r vi kommer i n\u00e6rheden af en computer.Forventningen er at din pakke bliver sendt i l\u00f8bet af et par dage. Skulle der g\u00e5 l\u00e6ngere grundet familie aktiviteter eller lignende, kontakter vi dig s\u00e5 snart vi ved det.","rel":"","context":"Similar post","block_context":{"text":"Similar post","link":""},"img":{"alt_text":"","src":"https:\/\/i0.wp.com\/dyrk-haven.dk\/wp-content\/uploads\/2025\/05\/Gemini_Generated_Image_7rm9s07rm9s07rm9-1-1024x1024.jpg?resize=350%2C200&ssl=1","width":350,"height":200,"srcset":"https:\/\/i0.wp.com\/dyrk-haven.dk\/wp-content\/uploads\/2025\/05\/Gemini_Generated_Image_7rm9s07rm9s07rm9-1-1024x1024.jpg?resize=350%2C200&ssl=1 1x, https:\/\/i0.wp.com\/dyrk-haven.dk\/wp-content\/uploads\/2025\/05\/Gemini_Generated_Image_7rm9s07rm9s07rm9-1-1024x1024.jpg?resize=525%2C300&ssl=1 1.5x, https:\/\/i0.wp.com\/dyrk-haven.dk\/wp-content\/uploads\/2025\/05\/Gemini_Generated_Image_7rm9s07rm9s07rm9-1-1024x1024.jpg?resize=700%2C400&ssl=1 2x"},"classes":[]},{"id":15,"url":"https:\/\/dyrk-haven.dk\/","url_meta":{"origin":2458,"position":1},"title":"Shop","author":"admin","date":"juni 13, 2024","format":false,"excerpt":"Da vi ikke har en erhvervskonto kan vi ikke f\u00e5 en aftale der g\u00f8r at vi kan modtage betalinger direkte gennem hjemmesiden. Derfor m\u00e5 vi bede dig om manuelt at foretage indbetalingen. Din ordre bliver pakket n\u00e5r betalingen er modtaget.","rel":"","context":"Similar post","block_context":{"text":"Similar post","link":""},"img":{"alt_text":"","src":"","width":0,"height":0},"classes":[]},{"id":18,"url":"https:\/\/dyrk-haven.dk\/index.php\/min-konto\/","url_meta":{"origin":2458,"position":2},"title":"Min Konto","author":"admin","date":"juni 13, 2024","format":false,"excerpt":"","rel":"","context":"Similar post","block_context":{"text":"Similar post","link":""},"img":{"alt_text":"","src":"","width":0,"height":0},"classes":[]},{"id":1127,"url":"https:\/\/dyrk-haven.dk\/index.php\/unsubscribe\/","url_meta":{"origin":2458,"position":3},"title":"Unsubscribed","author":"admin","date":"december 8, 2024","format":false,"excerpt":"","rel":"","context":"Similar post","block_context":{"text":"Similar post","link":""},"img":{"alt_text":"","src":"","width":0,"height":0},"classes":[]},{"id":12,"url":"https:\/\/dyrk-haven.dk\/index.php\/clients\/","url_meta":{"origin":2458,"position":4},"title":"Client Portal","author":"admin","date":"juni 13, 2024","format":false,"excerpt":"","rel":"","context":"Similar post","block_context":{"text":"Similar post","link":""},"img":{"alt_text":"","src":"","width":0,"height":0},"classes":[]},{"id":16,"url":"https:\/\/dyrk-haven.dk\/index.php\/kurv\/","url_meta":{"origin":2458,"position":5},"title":"Fr\u00f8kurv","author":"admin","date":"juni 13, 2024","format":false,"excerpt":"Du kunne m\u00e5ske v\u00e6re interesseret i... Din kurv er lige nu tom! Ny i webshop","rel":"","context":"Similar post","block_context":{"text":"Similar post","link":""},"img":{"alt_text":"","src":"","width":0,"height":0},"classes":[]}],"jetpack_sharing_enabled":true,"_links":{"self":[{"href":"https:\/\/dyrk-haven.dk\/index.php\/wp-json\/wp\/v2\/pages\/2458","targetHints":{"allow":["GET"]}}],"collection":[{"href":"https:\/\/dyrk-haven.dk\/index.php\/wp-json\/wp\/v2\/pages"}],"about":[{"href":"https:\/\/dyrk-haven.dk\/index.php\/wp-json\/wp\/v2\/types\/page"}],"author":[{"embeddable":true,"href":"https:\/\/dyrk-haven.dk\/index.php\/wp-json\/wp\/v2\/users\/4"}],"replies":[{"embeddable":true,"href":"https:\/\/dyrk-haven.dk\/index.php\/wp-json\/wp\/v2\/comments?post=2458"}],"version-history":[{"count":1,"href":"https:\/\/dyrk-haven.dk\/index.php\/wp-json\/wp\/v2\/pages\/2458\/revisions"}],"predecessor-version":[{"id":2459,"href":"https:\/\/dyrk-haven.dk\/index.php\/wp-json\/wp\/v2\/pages\/2458\/revisions\/2459"}],"wp:attachment":[{"href":"https:\/\/dyrk-haven.dk\/index.php\/wp-json\/wp\/v2\/media?parent=2458"}],"curies":[{"name":"wp","href":"https:\/\/api.w.org\/{rel}","templated":true}]}}